{"id":579,"date":"2025-09-17T02:12:59","date_gmt":"2025-09-17T02:12:59","guid":{"rendered":"https:\/\/www.wjlsteelsupplier.com\/?post_type=product&#038;p=579"},"modified":"2025-09-17T02:22:17","modified_gmt":"2025-09-17T02:22:17","slug":"prepainted-steel-sheets","status":"publish","type":"product","link":"https:\/\/www.wjlsteelsupplier.com\/pt\/produto\/prepainted-steel-sheets\/","title":{"rendered":"Chapas de a\u00e7o pr\u00e9-pintadas por atacado - Chapas de a\u00e7o revestidas a cores diretamente da f\u00e1brica na China"},"content":{"rendered":"<h2 class=\"wp-block-heading\">Carater\u00edsticas das chapas de a\u00e7o pr\u00e9-pintadas<\/h2>\n\n\n\n<ul class=\"wp-block-list\">\n<li><strong>Prote\u00e7\u00e3o duradoura da superf\u00edcie: <\/strong>As nossas placas de a\u00e7o pr\u00e9-revestidas s\u00e3o revestidas com tinta de alta qualidade, que tem excelente resist\u00eancia \u00e0 corros\u00e3o, preven\u00e7\u00e3o de ferrugem, prote\u00e7\u00e3o UV e resist\u00eancia \u00e0 humidade.<\/li>\n\n\n\n<li><strong>Amplamente aplic\u00e1vel: <\/strong>Estas chapas de a\u00e7o preparadas t\u00eam uma vasta gama de utiliza\u00e7\u00f5es e s\u00e3o adequadas para v\u00e1rios fins, incluindo sistemas de telhado, revestimentos de parede, pain\u00e9is de mobili\u00e1rio, aparelhos, sinaliza\u00e7\u00e3o e outras utiliza\u00e7\u00f5es industriais ou de constru\u00e7\u00e3o.<\/li>\n\n\n\n<li><strong>Efici\u00eancia econ\u00f3mica: <\/strong>Atrav\u00e9s das vendas diretas da f\u00e1brica e do fornecimento por grosso, os clientes podem desfrutar de pre\u00e7os altamente competitivos e garantimos a qualidade do produto.<\/li>\n<\/ul>","protected":false},"excerpt":{"rendered":"<p><span data-slate-node=\"text\">Chapas de a\u00e7o pr\u00e9-pintadas por atacado de alta qualidade, adequadas para edif\u00edcios, telhados, pain\u00e9is de parede, electrodom\u00e9sticos e aplica\u00e7\u00f5es industriais.<\/span><span data-slate-node=\"text\" data-slate-fragment=\"JTVCJTdCJTIydHlwZSUyMiUzQSUyMnBhcmFncmFwaCUyMiUyQyUyMmNoaWxkcmVuJTIyJTNBJTVCJTdCJTIyaWQlMjIlM0ElMjJlNmJBUlBsV2FlJTIyJTJDJTIycGFyYUlkeCUyMiUzQTAlMkMlMjJzcmMlMjIlM0ElMjJIaWdoLXF1YWxpdHklMjB3aG9sZXNhbGUlMjBwcmVwYWludGVkJTIwc3RlZWwlMjBzaGVldHMlMkMlMjBTdWl0YWJsZSUyMGZvciUyMGJ1aWxkaW5ncyUyQyUyMHJvb2ZzJTJDJTIwd2FsbCUyMHBhbmVscyUyQyUyMGhvbWUlMjBhcHBsaWFuY2VzJTJDJTIwYW5kJTIwaW5kdXN0cmlhbCUyMGFwcGxpY2F0aW9ucy4lMjIlMkMlMjJkc3QlMjIlM0ElMjIlRTklQUIlOTglRTUlOTMlODElRTglQjQlQTglRTYlODklQjklRTUlOEYlOTElRTklQTIlODQlRTYlQjYlODIlRTklOTIlQTIlRTYlOUQlQkYlRUYlQkMlOEMlRTklODAlODIlRTclOTQlQTglRTQlQkElOEUlRTUlQkIlQkElRTclQUQlOTElRTMlODAlODElRTUlQjElOEIlRTklQTElQjYlRTMlODAlODElRTUlQTIlOTklRTYlOUQlQkYlRTMlODAlODElRTUlQUUlQjYlRTclOTQlQTglRTclOTQlQjUlRTUlOTklQTglRTUlOTIlOEMlRTUlQjclQTUlRTQlQjglOUElRTUlQkElOTQlRTclOTQlQTglRTMlODAlODIlMjIlMkMlMjJtZXRhZGF0YSUyMiUzQSUyMiUyMiUyQyUyMm1hdGNoZXMlMjIlM0FudWxsJTJDJTIydHJhbnNsYXRlZEJ5JTIyJTNBbnVsbCUyQyUyMm1ldGFEYXRhJTIyJTNBJTVCJTVEJTJDJTIydGV4dCUyMiUzQSUyMkhpZ2gtcXVhbGl0eSUyMHdob2xlc2FsZSUyMHByZXBhaW50ZWQlMjBzdGVlbCUyMHNoZWV0cyUyQyUyMFN1aXRhYmxlJTIwZm9yJTIwYnVpbGRpbmdzJTJDJTIwcm9vZnMlMkMlMjB3YWxsJTIwcGFuZWxzJTJDJTIwaG9tZSUyMGFwcGxpYW5jZXMlMkMlMjBhbmQlMjBpbmR1c3RyaWFsJTIwYXBwbGljYXRpb25zLiUyMiU3RCUyQyU3QiUyMmlkJTIyJTNBJTIyVlJnbVlRS2xReiUyMiUyQyUyMnBhcmFJZHglMjIlM0EwJTJDJTIyc3JjJTIyJTNBJTIyJTIwRmFjdG9yeSUyMGRpcmVjdCUyMHNhbGVzJTIwZW5zdXJlJTIwZmF2b3JhYmxlJTIwcHJpY2VzJTIwYW5kJTIwc3RhYmxlJTIwcXVhbGl0eSUyMGZvciUyMGxhcmdlLXNjYWxlJTIwcHJvamVjdHMuJTIyJTJDJTIyZHN0JTIyJTNBJTIyJUU1JUI3JUE1JUU1JThFJTgyJUU3JTlCJUI0JUU5JTk0JTgwJUU3JUExJUFFJUU0JUJGJTlEJUU0JUJBJTg2JUU1JUE0JUE3JUU1JTlFJThCJUU5JUExJUI5JUU3JTlCJUFFJUU3JTlBJTg0JUU0JUJDJTk4JUU2JTgzJUEwJUU0JUJCJUI3JUU2JUEwJUJDJUU1JTkyJThDJUU3JUE4JUIzJUU1JUFFJTlBJUU4JUI0JUE4JUU5JTg3JThGJUUzJTgwJTgyJTIyJTJDJTIybWV0YWRhdGElMjIlM0ElMjIlMjIlMkMlMjJtYXRjaGVzJTIyJTNBbnVsbCUyQyUyMnRyYW5zbGF0ZWRCeSUyMiUzQW51bGwlMkMlMjJtZXRhRGF0YSUyMiUzQSU1QiU1RCUyQyUyMnRleHQlMjIlM0ElMjIlMjBGYWN0b3J5JTIwZGlyZWN0JTIwc2FsZXMlMjBlbnN1cmUlMjBmYXZvcmFibGUlMjBwcmljZXMlMjBhbmQlMjBzdGFibGUlMjBxdWFsaXR5JTIwZm9yJTIwbGFyZ2Utc2NhbGUlMjBwcm9qZWN0cy4lMjIlN0QlNUQlN0QlNUQ=\"><span class=\"\" data-slate-leaf=\"true\" data-sent-id=\"VRgmYQKlQz\" data-para-id=\"0\"> As vendas diretas da f\u00e1brica garantem pre\u00e7os favor\u00e1veis e qualidade est\u00e1vel para projectos de grande escala. Bem-vindo a contactar-nos.<\/span><\/span><\/p>","protected":false},"featured_media":580,"comment_status":"closed","ping_status":"closed","template":"","meta":{"_acf_changed":false},"product_brand":[],"product_cat":[20,62],"product_tag":[],"class_list":{"0":"post-579","1":"product","2":"type-product","3":"status-publish","4":"has-post-thumbnail","6":"product_cat-prepainted-steel","7":"product_cat-prepainted-steel-sheets","9":"first","10":"instock","11":"shipping-taxable","12":"product-type-simple"},"acf":[],"_links":{"self":[{"href":"https:\/\/www.wjlsteelsupplier.com\/pt\/wp-json\/wp\/v2\/product\/579","targetHints":{"allow":["GET"]}}],"collection":[{"href":"https:\/\/www.wjlsteelsupplier.com\/pt\/wp-json\/wp\/v2\/product"}],"about":[{"href":"https:\/\/www.wjlsteelsupplier.com\/pt\/wp-json\/wp\/v2\/types\/product"}],"replies":[{"embeddable":true,"href":"https:\/\/www.wjlsteelsupplier.com\/pt\/wp-json\/wp\/v2\/comments?post=579"}],"wp:featuredmedia":[{"embeddable":true,"href":"https:\/\/www.wjlsteelsupplier.com\/pt\/wp-json\/wp\/v2\/media\/580"}],"wp:attachment":[{"href":"https:\/\/www.wjlsteelsupplier.com\/pt\/wp-json\/wp\/v2\/media?parent=579"}],"wp:term":[{"taxonomy":"product_brand","embeddable":true,"href":"https:\/\/www.wjlsteelsupplier.com\/pt\/wp-json\/wp\/v2\/product_brand?post=579"},{"taxonomy":"product_cat","embeddable":true,"href":"https:\/\/www.wjlsteelsupplier.com\/pt\/wp-json\/wp\/v2\/product_cat?post=579"},{"taxonomy":"product_tag","embeddable":true,"href":"https:\/\/www.wjlsteelsupplier.com\/pt\/wp-json\/wp\/v2\/product_tag?post=579"}],"curies":[{"name":"wp","href":"https:\/\/api.w.org\/{rel}","templated":true}]}}