{"id":576,"date":"2025-09-17T01:53:52","date_gmt":"2025-09-17T01:53:52","guid":{"rendered":"https:\/\/www.wjlsteelsupplier.com\/?post_type=product&#038;p=576"},"modified":"2025-09-17T02:08:45","modified_gmt":"2025-09-17T02:08:45","slug":"prepainted-steel-strips","status":"publish","type":"product","link":"https:\/\/www.wjlsteelsupplier.com\/pt\/produto\/prepainted-steel-strips\/","title":{"rendered":"F\u00e1brica de tiras de a\u00e7o pr\u00e9-pintado por atacado - Fornecedor profissional de a\u00e7o pr\u00e9-pintado"},"content":{"rendered":"<h2 class=\"wp-block-heading\">Carater\u00edsticas das fitas de a\u00e7o pr\u00e9-pintadas<\/h2>\n\n\n\n<ul class=\"wp-block-list\">\n<li><strong>Revestimento de alta qualidade:<\/strong> Cada tira de a\u00e7o \u00e9 revestida com v\u00e1rias camadas de tinta de alta qualidade, que tem uma excelente resist\u00eancia aos riscos, ao desvanecimento e ao desgaste ambiental, garantindo que a tira de a\u00e7o mant\u00e9m a integridade estrutural e a est\u00e9tica durante a utiliza\u00e7\u00e3o a longo prazo.<\/li>\n\n\n\n<li><strong>Tratamento de superf\u00edcie uniforme e liso: <\/strong>O processo de revestimento assegura uma superf\u00edcie uniforme e proporciona efeitos de superf\u00edcie visualmente apelativos, tornando-o ideal para aplica\u00e7\u00f5es expostas na arquitetura moderna, pain\u00e9is decorativos, mobili\u00e1rio e electrodom\u00e9sticos.<\/li>\n\n\n\n<li><strong>Amplas op\u00e7\u00f5es de personaliza\u00e7\u00e3o:<\/strong> As nossas tiras de a\u00e7o podem ser personalizadas de acordo com os diferentes requisitos do cliente, incluindo v\u00e1rias op\u00e7\u00f5es de cores, diferentes tipos de revestimento, espessuras e texturas de superf\u00edcie.<\/li>\n\n\n\n<li><strong>Fornecimento fi\u00e1vel por grosso: <\/strong>O fornecimento direto da f\u00e1brica garante pre\u00e7os altamente competitivos, qualidade est\u00e1vel dos produtos e prazos de entrega est\u00e1veis para encomendas em grandes quantidades.<\/li>\n<\/ul>","protected":false},"excerpt":{"rendered":"<p>As tiras de a\u00e7o pr\u00e9-pintadas por atacado t\u00eam excelente resist\u00eancia \u00e0 corros\u00e3o e durabilidade. Oferecemos uma variedade de cores, espessuras e tratamentos de superf\u00edcie para atender \u00e0s necessidades personalizadas das ind\u00fastrias industriais, de constru\u00e7\u00e3o, de eletrodom\u00e9sticos e de m\u00f3veis. Bem-vindo fabricantes e fornecedores para nos contactar.<\/p>\n<p>\n<script src=\"chrome-extension:\/\/fpelahbljekknahkcaegamhcndkfpfnc\/iFrame.js\" type=\"text\/javascript\"><\/script><\/p>","protected":false},"featured_media":577,"comment_status":"closed","ping_status":"closed","template":"","meta":{"_acf_changed":false},"product_brand":[],"product_cat":[20,64],"product_tag":[],"class_list":{"0":"post-576","1":"product","2":"type-product","3":"status-publish","4":"has-post-thumbnail","6":"product_cat-prepainted-steel","7":"product_cat-prepainted-steel-strips","9":"first","10":"instock","11":"shipping-taxable","12":"product-type-simple"},"acf":[],"_links":{"self":[{"href":"https:\/\/www.wjlsteelsupplier.com\/pt\/wp-json\/wp\/v2\/product\/576","targetHints":{"allow":["GET"]}}],"collection":[{"href":"https:\/\/www.wjlsteelsupplier.com\/pt\/wp-json\/wp\/v2\/product"}],"about":[{"href":"https:\/\/www.wjlsteelsupplier.com\/pt\/wp-json\/wp\/v2\/types\/product"}],"replies":[{"embeddable":true,"href":"https:\/\/www.wjlsteelsupplier.com\/pt\/wp-json\/wp\/v2\/comments?post=576"}],"wp:featuredmedia":[{"embeddable":true,"href":"https:\/\/www.wjlsteelsupplier.com\/pt\/wp-json\/wp\/v2\/media\/577"}],"wp:attachment":[{"href":"https:\/\/www.wjlsteelsupplier.com\/pt\/wp-json\/wp\/v2\/media?parent=576"}],"wp:term":[{"taxonomy":"product_brand","embeddable":true,"href":"https:\/\/www.wjlsteelsupplier.com\/pt\/wp-json\/wp\/v2\/product_brand?post=576"},{"taxonomy":"product_cat","embeddable":true,"href":"https:\/\/www.wjlsteelsupplier.com\/pt\/wp-json\/wp\/v2\/product_cat?post=576"},{"taxonomy":"product_tag","embeddable":true,"href":"https:\/\/www.wjlsteelsupplier.com\/pt\/wp-json\/wp\/v2\/product_tag?post=576"}],"curies":[{"name":"wp","href":"https:\/\/api.w.org\/{rel}","templated":true}]}}