{"id":574,"date":"2025-09-17T01:32:09","date_gmt":"2025-09-17T01:32:09","guid":{"rendered":"https:\/\/www.wjlsteelsupplier.com\/?post_type=product&#038;p=574"},"modified":"2025-09-17T01:53:29","modified_gmt":"2025-09-17T01:53:29","slug":"prepainted-steel-plates","status":"publish","type":"product","link":"https:\/\/www.wjlsteelsupplier.com\/pt\/produto\/prepainted-steel-plates\/","title":{"rendered":"Chapas de a\u00e7o pr\u00e9-pintadas por atacado - Fornecimento a granel da f\u00e1brica na China"},"content":{"rendered":"<h2 class=\"wp-block-heading\">Carater\u00edsticas das chapas de a\u00e7o pr\u00e9-pintadas<\/h2>\n\n\n\n<ul class=\"wp-block-list\">\n<li><strong>Excelente resist\u00eancia \u00e0 corros\u00e3o: <\/strong>As nossas chapas de a\u00e7o pr\u00e9-revestidas s\u00e3o revestidas com tinta de qualidade industrial de alta qualidade, formando uma barreira protetora contra a ferrugem, a humidade e a corros\u00e3o qu\u00edmica.<\/li>\n\n\n\n<li><strong>Reduzir os custos de processamento: <\/strong>Como as chapas de a\u00e7o s\u00e3o pr\u00e9-revestidas com revestimentos de precis\u00e3o na f\u00e1brica, n\u00e3o h\u00e1 necessidade de pintura ou acabamento no local. Isto n\u00e3o s\u00f3 poupa m\u00e3o de obra e encurta o tempo de produ\u00e7\u00e3o, como tamb\u00e9m minimiza ao m\u00e1ximo os custos de material.<\/li>\n\n\n\n<li><strong>Maior durabilidade: <\/strong>O avan\u00e7ado sistema de revestimento multi-camadas proporciona uma excelente ader\u00eancia, resist\u00eancia aos riscos, bem como resist\u00eancia aos raios UV, aos produtos qu\u00edmicos e ao desgaste mec\u00e2nico.<\/li>\n\n\n\n<li><strong>Vantagem em termos de custos do fornecimento a granel: <\/strong>Ao comprar diretamente \u00e0s f\u00e1bricas chinesas, os compradores podem desfrutar de pre\u00e7os grossistas altamente competitivos, qualidade consistente dos produtos e op\u00e7\u00f5es flex\u00edveis de personaliza\u00e7\u00e3o de cores, tamanhos e espessuras.<\/li>\n<\/ul>","protected":false},"excerpt":{"rendered":"<p>As nossas chapas de a\u00e7o preparadas para venda por grosso s\u00e3o chapas de a\u00e7o revestidas de f\u00e1brica de alta qualidade, concebidas para proporcionar um desempenho duradouro e excelentes efeitos visuais. Proporcionamos um fornecimento fi\u00e1vel e op\u00e7\u00f5es personaliz\u00e1veis. Contacte-nos para obter o melhor or\u00e7amento.<\/p>\n<p>&nbsp;<\/p>\n<p>\n<script src=\"chrome-extension:\/\/fpelahbljekknahkcaegamhcndkfpfnc\/iFrame.js\" type=\"text\/javascript\"><\/script><\/p>","protected":false},"featured_media":575,"comment_status":"closed","ping_status":"closed","template":"","meta":{"_acf_changed":false},"product_brand":[],"product_cat":[20,63],"product_tag":[],"class_list":{"0":"post-574","1":"product","2":"type-product","3":"status-publish","4":"has-post-thumbnail","6":"product_cat-prepainted-steel","7":"product_cat-prepainted-steel-plates","9":"first","10":"instock","11":"shipping-taxable","12":"product-type-simple"},"acf":[],"_links":{"self":[{"href":"https:\/\/www.wjlsteelsupplier.com\/pt\/wp-json\/wp\/v2\/product\/574","targetHints":{"allow":["GET"]}}],"collection":[{"href":"https:\/\/www.wjlsteelsupplier.com\/pt\/wp-json\/wp\/v2\/product"}],"about":[{"href":"https:\/\/www.wjlsteelsupplier.com\/pt\/wp-json\/wp\/v2\/types\/product"}],"replies":[{"embeddable":true,"href":"https:\/\/www.wjlsteelsupplier.com\/pt\/wp-json\/wp\/v2\/comments?post=574"}],"wp:featuredmedia":[{"embeddable":true,"href":"https:\/\/www.wjlsteelsupplier.com\/pt\/wp-json\/wp\/v2\/media\/575"}],"wp:attachment":[{"href":"https:\/\/www.wjlsteelsupplier.com\/pt\/wp-json\/wp\/v2\/media?parent=574"}],"wp:term":[{"taxonomy":"product_brand","embeddable":true,"href":"https:\/\/www.wjlsteelsupplier.com\/pt\/wp-json\/wp\/v2\/product_brand?post=574"},{"taxonomy":"product_cat","embeddable":true,"href":"https:\/\/www.wjlsteelsupplier.com\/pt\/wp-json\/wp\/v2\/product_cat?post=574"},{"taxonomy":"product_tag","embeddable":true,"href":"https:\/\/www.wjlsteelsupplier.com\/pt\/wp-json\/wp\/v2\/product_tag?post=574"}],"curies":[{"name":"wp","href":"https:\/\/api.w.org\/{rel}","templated":true}]}}