{"id":571,"date":"2025-09-17T01:08:30","date_gmt":"2025-09-17T01:08:30","guid":{"rendered":"https:\/\/www.wjlsteelsupplier.com\/?post_type=product&#038;p=571"},"modified":"2025-09-17T01:31:27","modified_gmt":"2025-09-17T01:31:27","slug":"prepainted-steel-coils","status":"publish","type":"product","link":"https:\/\/www.wjlsteelsupplier.com\/pt\/produto\/prepainted-steel-coils\/","title":{"rendered":"Bobinas de a\u00e7o pr\u00e9-pintadas por atacado - Adequadas para v\u00e1rios fins industriais e de constru\u00e7\u00e3o"},"content":{"rendered":"<h2 class=\"wp-block-heading\">Carater\u00edsticas das bobinas de a\u00e7o pr\u00e9-pintadas<\/h2>\n\n\n\n<ul class=\"wp-block-list\">\n<li><strong>Excelente resist\u00eancia \u00e0 corros\u00e3o: <\/strong>A bobina de a\u00e7o \u00e9 revestida com tinta de alta qualidade e camada protetora, formando uma barreira forte que resiste eficazmente \u00e0 humidade, aos produtos qu\u00edmicos e \u00e0 eros\u00e3o ambiental.<\/li>\n\n\n\n<li><strong>Maior durabilidade:<\/strong> Os revestimentos pr\u00e9-revestidos podem melhorar a superf\u00edcie do a\u00e7o, proporcionando uma excelente resist\u00eancia aos riscos, ao desvanecimento e ao desgaste. Mesmo em ambientes industriais ou exteriores agressivos, podem prolongar a sua vida \u00fatil e manter um desempenho fi\u00e1vel.<\/li>\n\n\n\n<li><strong>Economicamente eficiente: <\/strong>Como o a\u00e7o \u00e9 pr\u00e9-revestido durante o processo de fabrico, n\u00e3o h\u00e1 necessidade de pintura adicional ou tratamento de superf\u00edcie no local. Isto maximiza a redu\u00e7\u00e3o dos custos de m\u00e3o de obra e encurta a dura\u00e7\u00e3o do projeto.<\/li>\n\n\n\n<li><strong>Amplamente aplic\u00e1vel: <\/strong>As bobinas de a\u00e7o pr\u00e9-pintadas s\u00e3o a escolha ideal para telhados, paredes, tectos, electrodom\u00e9sticos, mobili\u00e1rio e v\u00e1rios projectos industriais e de constru\u00e7\u00e3o. A sua versatilidade torna-as uma escolha fi\u00e1vel para grossistas e utilizadores finais.<\/li>\n<\/ul>","protected":false},"excerpt":{"rendered":"<p>Bobinas de a\u00e7o pr\u00e9-pintadas por atacado. Estas bobinas de a\u00e7o s\u00e3o acess\u00edveis, f\u00e1ceis de instalar, e ambientalmente amig\u00e1vel, proporcionando desempenho duradouro e bela decora\u00e7\u00e3o para v\u00e1rios projetos. Fabricantes e construtores s\u00e3o bem-vindos a contactar-nos.<\/p>","protected":false},"featured_media":572,"comment_status":"closed","ping_status":"closed","template":"","meta":{"_acf_changed":false},"product_brand":[],"product_cat":[20,61],"product_tag":[],"class_list":{"0":"post-571","1":"product","2":"type-product","3":"status-publish","4":"has-post-thumbnail","6":"product_cat-prepainted-steel","7":"product_cat-prepainted-steel-coils","9":"first","10":"instock","11":"shipping-taxable","12":"product-type-simple"},"acf":[],"_links":{"self":[{"href":"https:\/\/www.wjlsteelsupplier.com\/pt\/wp-json\/wp\/v2\/product\/571","targetHints":{"allow":["GET"]}}],"collection":[{"href":"https:\/\/www.wjlsteelsupplier.com\/pt\/wp-json\/wp\/v2\/product"}],"about":[{"href":"https:\/\/www.wjlsteelsupplier.com\/pt\/wp-json\/wp\/v2\/types\/product"}],"replies":[{"embeddable":true,"href":"https:\/\/www.wjlsteelsupplier.com\/pt\/wp-json\/wp\/v2\/comments?post=571"}],"wp:featuredmedia":[{"embeddable":true,"href":"https:\/\/www.wjlsteelsupplier.com\/pt\/wp-json\/wp\/v2\/media\/572"}],"wp:attachment":[{"href":"https:\/\/www.wjlsteelsupplier.com\/pt\/wp-json\/wp\/v2\/media?parent=571"}],"wp:term":[{"taxonomy":"product_brand","embeddable":true,"href":"https:\/\/www.wjlsteelsupplier.com\/pt\/wp-json\/wp\/v2\/product_brand?post=571"},{"taxonomy":"product_cat","embeddable":true,"href":"https:\/\/www.wjlsteelsupplier.com\/pt\/wp-json\/wp\/v2\/product_cat?post=571"},{"taxonomy":"product_tag","embeddable":true,"href":"https:\/\/www.wjlsteelsupplier.com\/pt\/wp-json\/wp\/v2\/product_tag?post=571"}],"curies":[{"name":"wp","href":"https:\/\/api.w.org\/{rel}","templated":true}]}}