{"id":569,"date":"2025-09-17T00:51:04","date_gmt":"2025-09-17T00:51:04","guid":{"rendered":"https:\/\/www.wjlsteelsupplier.com\/?post_type=product&#038;p=569"},"modified":"2025-09-17T01:07:56","modified_gmt":"2025-09-17T01:07:56","slug":"galvanized-steel-sheets","status":"publish","type":"product","link":"https:\/\/www.wjlsteelsupplier.com\/pt\/produto\/galvanized-steel-sheets\/","title":{"rendered":"Chapas de a\u00e7o galvanizado por atacado diretamente da f\u00e1brica na China"},"content":{"rendered":"<h2 class=\"wp-block-heading\">Carater\u00edsticas das chapas de a\u00e7o galvanizado <\/h2>\n\n\n\n<ul class=\"wp-block-list\">\n<li><strong>Excelente resist\u00eancia \u00e0 corros\u00e3o:<\/strong> As chapas de a\u00e7o galvanizado utilizam tecnologia de galvaniza\u00e7\u00e3o avan\u00e7ada, com uma camada uniforme de revestimento de zinco de alta pureza na superf\u00edcie. Este revestimento forma uma barreira protetora duradoura entre a superf\u00edcie do a\u00e7o e factores ambientais como a humidade, o oxig\u00e9nio e os produtos qu\u00edmicos.<\/li>\n\n\n\n<li><strong>Controlo de qualidade rigoroso: <\/strong>Uma f\u00e1brica chinesa de renome adopta linhas de produ\u00e7\u00e3o avan\u00e7adas e implementa inspec\u00e7\u00f5es a v\u00e1rios n\u00edveis para garantir a qualidade consistente de cada chapa. Estas chapas de a\u00e7o galvanizado cumprem as normas internacionais, incluindo ASTM (EUA), JIS (Jap\u00e3o), ou EN (Europa).<\/li>\n\n\n\n<li><strong>Amplamente utilizado: <\/strong>A adaptabilidade das chapas de a\u00e7o galvanizado torna-as vers\u00e1teis. S\u00e3o amplamente utilizadas em telhados e paredes exteriores de edif\u00edcios residenciais e comerciais, bem como em barreiras de prote\u00e7\u00e3o para projectos de infra-estruturas.<\/li>\n\n\n\n<li><strong>Fornecimento fi\u00e1vel: <\/strong>Como um fornecedor l\u00edder de a\u00e7o galvanizado, temos uma capacidade de produ\u00e7\u00e3o est\u00e1vel e equipamentos avan\u00e7ados para atender a pedidos de qualquer tamanho.<\/li>\n<\/ul>","protected":false},"excerpt":{"rendered":"<p>As nossas chapas de a\u00e7o galvanizado por atacado t\u00eam excelente resist\u00eancia \u00e0 corros\u00e3o, for\u00e7a excecional e durabilidade duradoura. O produto vem de uma f\u00e1brica chinesa e atende aos padr\u00f5es internacionais de qualidade. N\u00f3s podemos personalizar tamanhos, revestimentos e tratamentos de superf\u00edcie de acordo com suas especifica\u00e7\u00f5es. Por favor, n\u00e3o hesite em contactar-nos.<\/p>","protected":false},"featured_media":570,"comment_status":"closed","ping_status":"closed","template":"","meta":{"_acf_changed":false},"product_brand":[],"product_cat":[21,58],"product_tag":[],"class_list":{"0":"post-569","1":"product","2":"type-product","3":"status-publish","4":"has-post-thumbnail","6":"product_cat-galvanized-steel","7":"product_cat-galvanized-steel-sheets","9":"first","10":"instock","11":"shipping-taxable","12":"product-type-simple"},"acf":[],"_links":{"self":[{"href":"https:\/\/www.wjlsteelsupplier.com\/pt\/wp-json\/wp\/v2\/product\/569","targetHints":{"allow":["GET"]}}],"collection":[{"href":"https:\/\/www.wjlsteelsupplier.com\/pt\/wp-json\/wp\/v2\/product"}],"about":[{"href":"https:\/\/www.wjlsteelsupplier.com\/pt\/wp-json\/wp\/v2\/types\/product"}],"replies":[{"embeddable":true,"href":"https:\/\/www.wjlsteelsupplier.com\/pt\/wp-json\/wp\/v2\/comments?post=569"}],"wp:featuredmedia":[{"embeddable":true,"href":"https:\/\/www.wjlsteelsupplier.com\/pt\/wp-json\/wp\/v2\/media\/570"}],"wp:attachment":[{"href":"https:\/\/www.wjlsteelsupplier.com\/pt\/wp-json\/wp\/v2\/media?parent=569"}],"wp:term":[{"taxonomy":"product_brand","embeddable":true,"href":"https:\/\/www.wjlsteelsupplier.com\/pt\/wp-json\/wp\/v2\/product_brand?post=569"},{"taxonomy":"product_cat","embeddable":true,"href":"https:\/\/www.wjlsteelsupplier.com\/pt\/wp-json\/wp\/v2\/product_cat?post=569"},{"taxonomy":"product_tag","embeddable":true,"href":"https:\/\/www.wjlsteelsupplier.com\/pt\/wp-json\/wp\/v2\/product_tag?post=569"}],"curies":[{"name":"wp","href":"https:\/\/api.w.org\/{rel}","templated":true}]}}