{"id":565,"date":"2025-09-16T10:48:15","date_gmt":"2025-09-16T10:48:15","guid":{"rendered":"https:\/\/www.wjlsteelsupplier.com\/?post_type=product&#038;p=565"},"modified":"2025-09-16T11:35:05","modified_gmt":"2025-09-16T11:35:05","slug":"galvanized-steel-strips","status":"publish","type":"product","link":"https:\/\/www.wjlsteelsupplier.com\/pt\/produto\/galvanized-steel-strips\/","title":{"rendered":"Tiras de a\u00e7o galvanizado por atacado - Fornecedor de a\u00e7o galvanizado"},"content":{"rendered":"<h2 class=\"wp-block-heading\">Carater\u00edsticas das placas de a\u00e7o inoxid\u00e1vel<\/h2>\n\n\n\n<ul class=\"wp-block-list\">\n<li><strong>Excelente resist\u00eancia \u00e0 corros\u00e3o:<\/strong> As tiras de a\u00e7o galvanizado s\u00e3o revestidas com uma camada protetora de zinco na superf\u00edcie, que forma uma barreira contra a humidade e o oxig\u00e9nio. Mesmo em ambientes agressivos, pode prevenir eficazmente a ferrugem e \u00e9 a escolha ideal para edif\u00edcios exteriores, telhados, componentes autom\u00f3veis e aplica\u00e7\u00f5es industriais.<\/li>\n\n\n\n<li><strong>Longa vida \u00fatil: <\/strong>A camada galvanizada n\u00e3o s\u00f3 previne a corros\u00e3o do a\u00e7o, como tamb\u00e9m aumenta a sua resist\u00eancia e elasticidade. Isto garante a durabilidade do a\u00e7o, reduz a necessidade de substitui\u00e7\u00e3o frequente e poupa custos de manuten\u00e7\u00e3o para os compradores e utilizadores finais<\/li>\n\n\n\n<li><strong>Excelente rela\u00e7\u00e3o custo-efic\u00e1cia:<\/strong> Em compara\u00e7\u00e3o com o a\u00e7o n\u00e3o galvanizado ou com ligas resistentes \u00e0 corros\u00e3o dispendiosas, o a\u00e7o galvanizado tem uma vida \u00fatil mais longa e \u00e9 uma escolha muito econ\u00f3mica.<\/li>\n\n\n\n<li><strong>Fornecimento fi\u00e1vel a granel:<\/strong> Como um fornecedor de confian\u00e7a de a\u00e7o galvanizado, podemos personalizar as encomendas por grosso com base em dimens\u00f5es espec\u00edficas, espessura e peso do revestimento.<\/li>\n<\/ul>","protected":false},"excerpt":{"rendered":"<p>Tiras de a\u00e7o galvanizado por atacado. As tiras de a\u00e7o galvanizado s\u00e3o a escolha ideal para as ind\u00fastrias de constru\u00e7\u00e3o, coberturas, autom\u00f3vel, el\u00e9ctrica e agr\u00edcola. Como um fornecedor confi\u00e1vel de a\u00e7o galvanizado, oferecemos pre\u00e7os competitivos e servi\u00e7os profissionais de fornecimento por atacado. Por favor, n\u00e3o hesite em contactar-nos.<\/p>\n<p>\n<script src=\"chrome-extension:\/\/fpelahbljekknahkcaegamhcndkfpfnc\/iFrame.js\" type=\"text\/javascript\"><\/script><\/p>","protected":false},"featured_media":566,"comment_status":"closed","ping_status":"closed","template":"","meta":{"_acf_changed":false},"product_brand":[],"product_cat":[21,59],"product_tag":[],"class_list":{"0":"post-565","1":"product","2":"type-product","3":"status-publish","4":"has-post-thumbnail","6":"product_cat-galvanized-steel","7":"product_cat-galvanized-steel-strips","9":"first","10":"instock","11":"shipping-taxable","12":"product-type-simple"},"acf":[],"_links":{"self":[{"href":"https:\/\/www.wjlsteelsupplier.com\/pt\/wp-json\/wp\/v2\/product\/565","targetHints":{"allow":["GET"]}}],"collection":[{"href":"https:\/\/www.wjlsteelsupplier.com\/pt\/wp-json\/wp\/v2\/product"}],"about":[{"href":"https:\/\/www.wjlsteelsupplier.com\/pt\/wp-json\/wp\/v2\/types\/product"}],"replies":[{"embeddable":true,"href":"https:\/\/www.wjlsteelsupplier.com\/pt\/wp-json\/wp\/v2\/comments?post=565"}],"wp:featuredmedia":[{"embeddable":true,"href":"https:\/\/www.wjlsteelsupplier.com\/pt\/wp-json\/wp\/v2\/media\/566"}],"wp:attachment":[{"href":"https:\/\/www.wjlsteelsupplier.com\/pt\/wp-json\/wp\/v2\/media?parent=565"}],"wp:term":[{"taxonomy":"product_brand","embeddable":true,"href":"https:\/\/www.wjlsteelsupplier.com\/pt\/wp-json\/wp\/v2\/product_brand?post=565"},{"taxonomy":"product_cat","embeddable":true,"href":"https:\/\/www.wjlsteelsupplier.com\/pt\/wp-json\/wp\/v2\/product_cat?post=565"},{"taxonomy":"product_tag","embeddable":true,"href":"https:\/\/www.wjlsteelsupplier.com\/pt\/wp-json\/wp\/v2\/product_tag?post=565"}],"curies":[{"name":"wp","href":"https:\/\/api.w.org\/{rel}","templated":true}]}}