{"id":563,"date":"2025-09-16T10:36:22","date_gmt":"2025-09-16T10:36:22","guid":{"rendered":"https:\/\/www.wjlsteelsupplier.com\/?post_type=product&#038;p=563"},"modified":"2026-01-19T09:30:43","modified_gmt":"2026-01-19T09:30:43","slug":"galvanized-steel-coils","status":"publish","type":"product","link":"https:\/\/www.wjlsteelsupplier.com\/pt\/produto\/galvanized-steel-coils\/","title":{"rendered":"Bobinas de a\u00e7o galvanizado por atacado - Fornecedor de a\u00e7o galvanizado na China"},"content":{"rendered":"<h2 class=\"wp-block-heading\">Carater\u00edsticas das bobinas de a\u00e7o galvanizado<\/h2>\n\n\n\n<ul class=\"wp-block-list\">\n<li><strong>Excelente resist\u00eancia \u00e0 corros\u00e3o:<\/strong> As nossas bobinas de a\u00e7o galvanizado s\u00e3o revestidas com uma camada de zinco de alta qualidade na superf\u00edcie, proporcionando uma excelente preven\u00e7\u00e3o da ferrugem, resist\u00eancia \u00e0 humidade, e outra prote\u00e7\u00e3o ambiental. Pode fornecer uma excelente prote\u00e7\u00e3o contra a ferrugem, humidade e outros factores ambientais.<\/li>\n\n\n\n<li><strong>Excelente durabilidade e resist\u00eancia:<\/strong> As bobinas de a\u00e7o galvanizado combinam a resist\u00eancia mec\u00e2nica do a\u00e7o avan\u00e7ado com as vantagens de prote\u00e7\u00e3o dos revestimentos galvanizados. Isto torna-as a escolha ideal para aplica\u00e7\u00f5es estruturais de elevada exig\u00eancia.<\/li>\n\n\n\n<li><strong>Econ\u00f3mica e duradoura: <\/strong>As bobinas de a\u00e7o galvanizado reduzem a necessidade de manuten\u00e7\u00e3o, repara\u00e7\u00e3o ou substitui\u00e7\u00e3o frequentes, proporcionando solu\u00e7\u00f5es altamente rent\u00e1veis para projectos de curto prazo e infra-estruturas de longo prazo.<\/li>\n\n\n\n<li><strong>Amplamente utilizado: <\/strong>As bobinas de a\u00e7o galvanizado s\u00e3o adequadas para v\u00e1rios sectores e aplica\u00e7\u00f5es. Desde pain\u00e9is para telhados e revestimentos de paredes a pain\u00e9is para autom\u00f3veis, electrodom\u00e9sticos e equipamento industrial, as chapas de a\u00e7o galvanizado podem responder de forma flex\u00edvel a v\u00e1rias necessidades.<\/li>\n\n\n\n<li><strong>Especifica\u00e7\u00f5es personaliz\u00e1veis: <\/strong>Oferecemos bobinas de a\u00e7o galvanizado em v\u00e1rias espessuras, larguras e comprimentos, o que torna conveniente para os compradores escolherem o tamanho exato necess\u00e1rio para projectos espec\u00edficos.<\/li>\n<\/ul>","protected":false},"excerpt":{"rendered":"<p data-pm-slice=\"0 0 []\">Bobinas de a\u00e7o galvanizado por atacado de um fornecedor confi\u00e1vel da China, oferecendo a\u00e7o de alta qualidade, dur\u00e1vel e resistente \u00e0 corros\u00e3o para uma ampla gama de aplica\u00e7\u00f5es. Oferecemos espessura, largura e comprimento personaliz\u00e1veis para atender \u00e0s necessidades de diferentes cen\u00e1rios de aplica\u00e7\u00e3o. Bem-vindo a contactar-nos.<\/p>\n<p><script src=\"chrome-extension:\/\/fpelahbljekknahkcaegamhcndkfpfnc\/iFrame.js\" type=\"text\/javascript\"><\/script><\/p>","protected":false},"featured_media":1493,"comment_status":"closed","ping_status":"closed","template":"","meta":{"_acf_changed":false},"product_brand":[],"product_cat":[21,57],"product_tag":[],"class_list":{"0":"post-563","1":"product","2":"type-product","3":"status-publish","4":"has-post-thumbnail","6":"product_cat-galvanized-steel","7":"product_cat-galvanized-steel-coils","9":"first","10":"instock","11":"shipping-taxable","12":"product-type-simple"},"acf":[],"_links":{"self":[{"href":"https:\/\/www.wjlsteelsupplier.com\/pt\/wp-json\/wp\/v2\/product\/563","targetHints":{"allow":["GET"]}}],"collection":[{"href":"https:\/\/www.wjlsteelsupplier.com\/pt\/wp-json\/wp\/v2\/product"}],"about":[{"href":"https:\/\/www.wjlsteelsupplier.com\/pt\/wp-json\/wp\/v2\/types\/product"}],"replies":[{"embeddable":true,"href":"https:\/\/www.wjlsteelsupplier.com\/pt\/wp-json\/wp\/v2\/comments?post=563"}],"wp:featuredmedia":[{"embeddable":true,"href":"https:\/\/www.wjlsteelsupplier.com\/pt\/wp-json\/wp\/v2\/media\/1493"}],"wp:attachment":[{"href":"https:\/\/www.wjlsteelsupplier.com\/pt\/wp-json\/wp\/v2\/media?parent=563"}],"wp:term":[{"taxonomy":"product_brand","embeddable":true,"href":"https:\/\/www.wjlsteelsupplier.com\/pt\/wp-json\/wp\/v2\/product_brand?post=563"},{"taxonomy":"product_cat","embeddable":true,"href":"https:\/\/www.wjlsteelsupplier.com\/pt\/wp-json\/wp\/v2\/product_cat?post=563"},{"taxonomy":"product_tag","embeddable":true,"href":"https:\/\/www.wjlsteelsupplier.com\/pt\/wp-json\/wp\/v2\/product_tag?post=563"}],"curies":[{"name":"wp","href":"https:\/\/api.w.org\/{rel}","templated":true}]}}