{"id":560,"date":"2025-09-16T08:16:07","date_gmt":"2025-09-16T08:16:07","guid":{"rendered":"https:\/\/www.wjlsteelsupplier.com\/?post_type=product&#038;p=560"},"modified":"2025-09-16T10:32:24","modified_gmt":"2025-09-16T10:32:24","slug":"grain-oriented-electrical-steel-plates","status":"publish","type":"product","link":"https:\/\/www.wjlsteelsupplier.com\/pt\/produto\/grain-oriented-electrical-steel-plates\/","title":{"rendered":"Chapas de a\u00e7o el\u00e9trico com orienta\u00e7\u00e3o de gr\u00e3os por atacado"},"content":{"rendered":"<h2 class=\"wp-block-heading\">Carater\u00edsticas das chapas de a\u00e7o el\u00e9trico com orienta\u00e7\u00e3o de gr\u00e3os<\/h2>\n\n\n\n<ul class=\"wp-block-list\">\n<li><strong>Melhorar a efici\u00eancia energ\u00e9tica: <\/strong>As placas de a\u00e7o el\u00e9trico com orienta\u00e7\u00e3o de gr\u00e3o s\u00e3o fabricadas atrav\u00e9s de processos especiais com orienta\u00e7\u00e3o de gr\u00e3o, o que pode reduzir significativamente a perda de ferro durante a magnetiza\u00e7\u00e3o. Isto pode garantir que os transformadores e o equipamento el\u00e9trico melhorem a efici\u00eancia energ\u00e9tica, reduzindo assim o consumo de energia e os custos operacionais dos clientes.<\/li>\n\n\n\n<li><strong>Elevada permeabilidade magn\u00e9tica: <\/strong>Estas chapas de a\u00e7o apresentam uma excelente permeabilidade magn\u00e9tica ao longo da dire\u00e7\u00e3o de laminagem. Esta carater\u00edstica permite que o equipamento el\u00e9trico, como transformadores e reactores, atinja um melhor desempenho com menor pot\u00eancia de excita\u00e7\u00e3o, melhorando assim a fiabilidade e a efici\u00eancia global.<\/li>\n\n\n\n<li><strong>Em conformidade com as normas internacionais: <\/strong>As nossas chapas de a\u00e7o el\u00e9trico orientadas para o gr\u00e3o cumprem as rigorosas certifica\u00e7\u00f5es e normas de desempenho da ind\u00fastria, o que faz delas uma escolha de confian\u00e7a para clientes globais que procuram materiais fi\u00e1veis para transformadores e sistemas de distribui\u00e7\u00e3o energeticamente eficientes.<\/li>\n\n\n\n<li><strong>Fornecimento grossista rent\u00e1vel: <\/strong>Oferecemos produtos a granel a pre\u00e7os competitivos e garantimos uma elevada qualidade. Os fabricantes de compressores e de equipamento el\u00e9trico podem reduzir os custos de material, mantendo os padr\u00f5es de alta qualidade.<\/li>\n<\/ul>","protected":false},"excerpt":{"rendered":"<p>As nossas placas de a\u00e7o el\u00e9trico de gr\u00e3o orientado t\u00eam excelentes propriedades magn\u00e9ticas, menor perda de ferro e maior permeabilidade magn\u00e9tica. N\u00f3s fornecemos fornecimento a granel e garantimos pre\u00e7os competitivos. Os fabricantes s\u00e3o bem-vindos a comprar a granel.<\/p>\n<p>\n<script src=\"chrome-extension:\/\/fpelahbljekknahkcaegamhcndkfpfnc\/iFrame.js\" type=\"text\/javascript\"><\/script><\/p>","protected":false},"featured_media":562,"comment_status":"closed","ping_status":"closed","template":"","meta":{"_acf_changed":false},"product_brand":[],"product_cat":[24,48],"product_tag":[],"class_list":{"0":"post-560","1":"product","2":"type-product","3":"status-publish","4":"has-post-thumbnail","6":"product_cat-grain-oriented-electrical-steel","7":"product_cat-grain-oriented-electrical-steel-plates","9":"first","10":"instock","11":"shipping-taxable","12":"product-type-simple"},"acf":[],"_links":{"self":[{"href":"https:\/\/www.wjlsteelsupplier.com\/pt\/wp-json\/wp\/v2\/product\/560","targetHints":{"allow":["GET"]}}],"collection":[{"href":"https:\/\/www.wjlsteelsupplier.com\/pt\/wp-json\/wp\/v2\/product"}],"about":[{"href":"https:\/\/www.wjlsteelsupplier.com\/pt\/wp-json\/wp\/v2\/types\/product"}],"replies":[{"embeddable":true,"href":"https:\/\/www.wjlsteelsupplier.com\/pt\/wp-json\/wp\/v2\/comments?post=560"}],"wp:featuredmedia":[{"embeddable":true,"href":"https:\/\/www.wjlsteelsupplier.com\/pt\/wp-json\/wp\/v2\/media\/562"}],"wp:attachment":[{"href":"https:\/\/www.wjlsteelsupplier.com\/pt\/wp-json\/wp\/v2\/media?parent=560"}],"wp:term":[{"taxonomy":"product_brand","embeddable":true,"href":"https:\/\/www.wjlsteelsupplier.com\/pt\/wp-json\/wp\/v2\/product_brand?post=560"},{"taxonomy":"product_cat","embeddable":true,"href":"https:\/\/www.wjlsteelsupplier.com\/pt\/wp-json\/wp\/v2\/product_cat?post=560"},{"taxonomy":"product_tag","embeddable":true,"href":"https:\/\/www.wjlsteelsupplier.com\/pt\/wp-json\/wp\/v2\/product_tag?post=560"}],"curies":[{"name":"wp","href":"https:\/\/api.w.org\/{rel}","templated":true}]}}