{"id":556,"date":"2025-09-16T03:25:47","date_gmt":"2025-09-16T03:25:47","guid":{"rendered":"https:\/\/www.wjlsteelsupplier.com\/?post_type=product&#038;p=556"},"modified":"2025-09-16T03:39:34","modified_gmt":"2025-09-16T03:39:34","slug":"grain-oriented-electrical-steel-strips","status":"publish","type":"product","link":"https:\/\/www.wjlsteelsupplier.com\/pt\/produto\/grain-oriented-electrical-steel-strips\/","title":{"rendered":"Tiras de a\u00e7o el\u00e9trico com orienta\u00e7\u00e3o de gr\u00e3os por atacado - GOES Strips"},"content":{"rendered":"<h2 class=\"wp-block-heading\">Carater\u00edsticas das fitas de a\u00e7o el\u00e9trico com orienta\u00e7\u00e3o de gr\u00e3os<\/h2>\n\n\n\n<ul class=\"wp-block-list\">\n<li><strong>Elevado desempenho magn\u00e9tico: <\/strong>As nossas fitas GOES t\u00eam excelentes propriedades magn\u00e9ticas, garantindo uma elevada permeabilidade magn\u00e9tica e uma baixa perda de n\u00facleo.<\/li>\n\n\n\n<li><strong>Tamanhos personaliz\u00e1veis: <\/strong>Oferecemos op\u00e7\u00f5es flex\u00edveis de largura, comprimento e espessura para satisfazer as v\u00e1rias necessidades da ind\u00fastria. Isto permite que os fabricantes optimizem a utiliza\u00e7\u00e3o do material e ajustem a tira de acordo com os projectos espec\u00edficos de transformadores ou motores.<\/li>\n\n\n\n<li><strong>Multiusos: <\/strong>Adequadas para transformadores de pot\u00eancia, transformadores de distribui\u00e7\u00e3o e outros equipamentos el\u00e9ctricos, as nossas fitas GOES s\u00e3o amplamente utilizadas no fabrico el\u00e9trico industrial e comercial.<\/li>\n\n\n\n<li><strong>Fornecimento grossista economicamente eficiente: <\/strong>Fornecemos tiras GOES a granel a pre\u00e7os competitivos e asseguramos uma elevada qualidade, reduzindo assim os custos de aquisi\u00e7\u00e3o e simplificando a produ\u00e7\u00e3o para opera\u00e7\u00f5es em grande escala.<\/li>\n<\/ul>","protected":false},"excerpt":{"rendered":"<p>Tiras de a\u00e7o el\u00e9trico orientado para gr\u00e3os de alta qualidade por atacado. Possui alta efici\u00eancia magn\u00e9tica e desempenho est\u00e1vel, tornando-o uma escolha ideal para transformadores, motores e equipamentos el\u00e9tricos. N\u00f3s oferecemos pre\u00e7os competitivos e servi\u00e7os de personaliza\u00e7\u00e3o profissional. Por favor, n\u00e3o hesite em contactar-nos.<\/p>\n<p>\n<script src=\"chrome-extension:\/\/fpelahbljekknahkcaegamhcndkfpfnc\/iFrame.js\" type=\"text\/javascript\"><\/script><\/p>","protected":false},"featured_media":557,"comment_status":"closed","ping_status":"closed","template":"","meta":{"_acf_changed":false},"product_brand":[],"product_cat":[24,47],"product_tag":[],"class_list":{"0":"post-556","1":"product","2":"type-product","3":"status-publish","4":"has-post-thumbnail","6":"product_cat-grain-oriented-electrical-steel","7":"product_cat-grain-oriented-electrical-steel-strips","9":"first","10":"instock","11":"shipping-taxable","12":"product-type-simple"},"acf":[],"_links":{"self":[{"href":"https:\/\/www.wjlsteelsupplier.com\/pt\/wp-json\/wp\/v2\/product\/556","targetHints":{"allow":["GET"]}}],"collection":[{"href":"https:\/\/www.wjlsteelsupplier.com\/pt\/wp-json\/wp\/v2\/product"}],"about":[{"href":"https:\/\/www.wjlsteelsupplier.com\/pt\/wp-json\/wp\/v2\/types\/product"}],"replies":[{"embeddable":true,"href":"https:\/\/www.wjlsteelsupplier.com\/pt\/wp-json\/wp\/v2\/comments?post=556"}],"wp:featuredmedia":[{"embeddable":true,"href":"https:\/\/www.wjlsteelsupplier.com\/pt\/wp-json\/wp\/v2\/media\/557"}],"wp:attachment":[{"href":"https:\/\/www.wjlsteelsupplier.com\/pt\/wp-json\/wp\/v2\/media?parent=556"}],"wp:term":[{"taxonomy":"product_brand","embeddable":true,"href":"https:\/\/www.wjlsteelsupplier.com\/pt\/wp-json\/wp\/v2\/product_brand?post=556"},{"taxonomy":"product_cat","embeddable":true,"href":"https:\/\/www.wjlsteelsupplier.com\/pt\/wp-json\/wp\/v2\/product_cat?post=556"},{"taxonomy":"product_tag","embeddable":true,"href":"https:\/\/www.wjlsteelsupplier.com\/pt\/wp-json\/wp\/v2\/product_tag?post=556"}],"curies":[{"name":"wp","href":"https:\/\/api.w.org\/{rel}","templated":true}]}}