{"id":549,"date":"2025-09-16T02:18:57","date_gmt":"2025-09-16T02:18:57","guid":{"rendered":"https:\/\/www.wjlsteelsupplier.com\/?post_type=product&#038;p=549"},"modified":"2025-09-16T02:32:14","modified_gmt":"2025-09-16T02:32:14","slug":"non-oriented-electrical-steel-strips","status":"publish","type":"product","link":"https:\/\/www.wjlsteelsupplier.com\/pt\/produto\/non-oriented-electrical-steel-strips\/","title":{"rendered":"Tiras de a\u00e7o el\u00e9trico n\u00e3o orientado por atacado - Tiras de a\u00e7o el\u00e9trico da ONG"},"content":{"rendered":"<h2 class=\"wp-block-heading\">Carater\u00edsticas das fitas de a\u00e7o el\u00e9ctricas n\u00e3o orientadas<\/h2>\n\n\n\n<ul class=\"wp-block-list\">\n<li><strong>Excelente precis\u00e3o dimensional: <\/strong>Cada tira de a\u00e7o \u00e9 cortada com precis\u00e3o para cumprir requisitos de toler\u00e2ncia rigorosos, com espessura e largura consistentes. Isto torna-as uma escolha ideal para o fabrico automatizado e aplica\u00e7\u00f5es el\u00e9ctricas de alta precis\u00e3o.<\/li>\n\n\n\n<li><strong>Amplamente utilizado: <\/strong>A nossa tira \u00e9 adequada para v\u00e1rios equipamentos el\u00e9ctricos, incluindo motores, geradores, transformadores e geradores CA, suportando aplica\u00e7\u00f5es de alta e baixa frequ\u00eancia.<\/li>\n\n\n\n<li><strong>Fornecimento a granel e pre\u00e7os competitivos:<\/strong> Vendemos tiras de a\u00e7o el\u00e9trico por atacado para garantir um fornecimento est\u00e1vel a pre\u00e7os competitivos para a produ\u00e7\u00e3o em grande escala, o que faz com que seja a escolha ideal para fabricantes e clientes industriais.<\/li>\n\n\n\n<li><strong>Op\u00e7\u00f5es personaliz\u00e1veis: <\/strong>Oferecemos op\u00e7\u00f5es personalizadas para largura, espessura, tratamento de superf\u00edcie e comprimento da bobina para atender a requisitos espec\u00edficos de engenharia e apoiar aplica\u00e7\u00f5es industriais e de OEM.<\/li>\n<\/ul>","protected":false},"excerpt":{"rendered":"<p>Tiras de a\u00e7o el\u00e9trico para ONG por grosso. Dispon\u00edveis a granel a pre\u00e7os grossistas competitivos, as nossas fitas de a\u00e7o para ONGs proporcionam uma qualidade consistente e solu\u00e7\u00f5es de poupan\u00e7a de energia a fabricantes e clientes industriais.<\/p>\n<p>\n<script src=\"chrome-extension:\/\/fpelahbljekknahkcaegamhcndkfpfnc\/iFrame.js\" type=\"text\/javascript\"><\/script><\/p>","protected":false},"featured_media":545,"comment_status":"closed","ping_status":"closed","template":"","meta":{"_acf_changed":false},"product_brand":[],"product_cat":[23,52],"product_tag":[],"class_list":{"0":"post-549","1":"product","2":"type-product","3":"status-publish","4":"has-post-thumbnail","6":"product_cat-non-oriented-electrical-steel","7":"product_cat-non-oriented-electrical-steel-strips","9":"first","10":"instock","11":"shipping-taxable","12":"product-type-simple"},"acf":[],"_links":{"self":[{"href":"https:\/\/www.wjlsteelsupplier.com\/pt\/wp-json\/wp\/v2\/product\/549","targetHints":{"allow":["GET"]}}],"collection":[{"href":"https:\/\/www.wjlsteelsupplier.com\/pt\/wp-json\/wp\/v2\/product"}],"about":[{"href":"https:\/\/www.wjlsteelsupplier.com\/pt\/wp-json\/wp\/v2\/types\/product"}],"replies":[{"embeddable":true,"href":"https:\/\/www.wjlsteelsupplier.com\/pt\/wp-json\/wp\/v2\/comments?post=549"}],"wp:featuredmedia":[{"embeddable":true,"href":"https:\/\/www.wjlsteelsupplier.com\/pt\/wp-json\/wp\/v2\/media\/545"}],"wp:attachment":[{"href":"https:\/\/www.wjlsteelsupplier.com\/pt\/wp-json\/wp\/v2\/media?parent=549"}],"wp:term":[{"taxonomy":"product_brand","embeddable":true,"href":"https:\/\/www.wjlsteelsupplier.com\/pt\/wp-json\/wp\/v2\/product_brand?post=549"},{"taxonomy":"product_cat","embeddable":true,"href":"https:\/\/www.wjlsteelsupplier.com\/pt\/wp-json\/wp\/v2\/product_cat?post=549"},{"taxonomy":"product_tag","embeddable":true,"href":"https:\/\/www.wjlsteelsupplier.com\/pt\/wp-json\/wp\/v2\/product_tag?post=549"}],"curies":[{"name":"wp","href":"https:\/\/api.w.org\/{rel}","templated":true}]}}