{"id":548,"date":"2025-09-16T02:18:53","date_gmt":"2025-09-16T02:18:53","guid":{"rendered":"https:\/\/www.wjlsteelsupplier.com\/?post_type=product&#038;p=548"},"modified":"2025-09-16T02:50:42","modified_gmt":"2025-09-16T02:50:42","slug":"non-oriented-electrical-steel-plates","status":"publish","type":"product","link":"https:\/\/www.wjlsteelsupplier.com\/pt\/produto\/non-oriented-electrical-steel-plates\/","title":{"rendered":"Chapas de a\u00e7o el\u00e9ctricas n\u00e3o orientadas por atacado - Chapas de a\u00e7o el\u00e9ctricas ONG"},"content":{"rendered":"<h2 class=\"wp-block-heading\">Carater\u00edsticas das chapas de a\u00e7o el\u00e9trico n\u00e3o orientadas<\/h2>\n\n\n\n<ul class=\"wp-block-list\">\n<li><strong>Espessura uniforme e tamanho exato:<\/strong> Cada lote de placas \u00e9 submetido a uma inspe\u00e7\u00e3o rigorosa para garantir uma espessura uniforme e um tamanho exato. Os materiais em folha uniformes e precisos podem minimizar os erros de montagem e melhorar ao m\u00e1ximo a efici\u00eancia da produ\u00e7\u00e3o.<\/li>\n\n\n\n<li><strong>Vasta gama de aplica\u00e7\u00f5es industriais: <\/strong>Adequadas para v\u00e1rios motores, geradores, transformadores, electrodom\u00e9sticos e outros dispositivos electr\u00f3nicos, estas placas satisfazem os requisitos de desempenho de diferentes ind\u00fastrias.<\/li>\n\n\n\n<li><strong>Personaliza\u00e7\u00e3o de lotes, especifica\u00e7\u00f5es flex\u00edveis:<\/strong> Fornecemos op\u00e7\u00f5es personalizadas para espessura, largura, comprimento e tratamento de superf\u00edcie de acordo com as necessidades do cliente.<\/li>\n\n\n\n<li><strong>Gest\u00e3o e certifica\u00e7\u00e3o rigorosas da qualidade: <\/strong>Cada lote de produtos \u00e9 submetido a testes rigorosos para cumprir as normas internacionais e as normas da ind\u00fastria, garantindo estabilidade e fiabilidade a longo prazo.<\/li>\n\n\n\n<li><strong>Fornecimento cont\u00ednuo e vantagem em termos de custos: <\/strong>Dispomos de uma linha de produ\u00e7\u00e3o completa e de um sistema de gest\u00e3o de invent\u00e1rio para garantir um fornecimento est\u00e1vel a longo prazo. Os pre\u00e7os por grosso proporcionam uma elevada rela\u00e7\u00e3o custo-efic\u00e1cia, ajudando os clientes industriais a obter vantagens na aquisi\u00e7\u00e3o e fabrico.<\/li>\n<\/ul>","protected":false},"excerpt":{"rendered":"<p>Placas de a\u00e7o el\u00e9trico n\u00e3o orientado de f\u00e1brica na China. Essas placas oferecem espessura uniforme, durabilidade e qualidade confi\u00e1vel, tornando-as ideais para motores, transformadores e aplica\u00e7\u00f5es el\u00e9tricas industriais. Oferecemos tamanhos personalizados e tratamentos de superf\u00edcie, por favor contacte-nos.<\/p>\n<p>\n<script src=\"chrome-extension:\/\/fpelahbljekknahkcaegamhcndkfpfnc\/iFrame.js\" type=\"text\/javascript\"><\/script><\/p>","protected":false},"featured_media":551,"comment_status":"closed","ping_status":"closed","template":"","meta":{"_acf_changed":false},"product_brand":[],"product_cat":[23,51],"product_tag":[],"class_list":{"0":"post-548","1":"product","2":"type-product","3":"status-publish","4":"has-post-thumbnail","6":"product_cat-non-oriented-electrical-steel","7":"product_cat-non-oriented-electrical-steel-plates","9":"first","10":"instock","11":"shipping-taxable","12":"product-type-simple"},"acf":[],"_links":{"self":[{"href":"https:\/\/www.wjlsteelsupplier.com\/pt\/wp-json\/wp\/v2\/product\/548","targetHints":{"allow":["GET"]}}],"collection":[{"href":"https:\/\/www.wjlsteelsupplier.com\/pt\/wp-json\/wp\/v2\/product"}],"about":[{"href":"https:\/\/www.wjlsteelsupplier.com\/pt\/wp-json\/wp\/v2\/types\/product"}],"replies":[{"embeddable":true,"href":"https:\/\/www.wjlsteelsupplier.com\/pt\/wp-json\/wp\/v2\/comments?post=548"}],"wp:featuredmedia":[{"embeddable":true,"href":"https:\/\/www.wjlsteelsupplier.com\/pt\/wp-json\/wp\/v2\/media\/551"}],"wp:attachment":[{"href":"https:\/\/www.wjlsteelsupplier.com\/pt\/wp-json\/wp\/v2\/media?parent=548"}],"wp:term":[{"taxonomy":"product_brand","embeddable":true,"href":"https:\/\/www.wjlsteelsupplier.com\/pt\/wp-json\/wp\/v2\/product_brand?post=548"},{"taxonomy":"product_cat","embeddable":true,"href":"https:\/\/www.wjlsteelsupplier.com\/pt\/wp-json\/wp\/v2\/product_cat?post=548"},{"taxonomy":"product_tag","embeddable":true,"href":"https:\/\/www.wjlsteelsupplier.com\/pt\/wp-json\/wp\/v2\/product_tag?post=548"}],"curies":[{"name":"wp","href":"https:\/\/api.w.org\/{rel}","templated":true}]}}