{"id":546,"date":"2025-09-16T02:15:39","date_gmt":"2025-09-16T02:15:39","guid":{"rendered":"https:\/\/www.wjlsteelsupplier.com\/?post_type=product&#038;p=546"},"modified":"2025-09-16T02:18:27","modified_gmt":"2025-09-16T02:18:27","slug":"non-oriented-electrical-steel-coils","status":"publish","type":"product","link":"https:\/\/www.wjlsteelsupplier.com\/pt\/produto\/non-oriented-electrical-steel-coils\/","title":{"rendered":"Bobinas de a\u00e7o el\u00e9ctricas n\u00e3o orientadas por atacado - Bobinas de a\u00e7o el\u00e9ctricas ONG"},"content":{"rendered":"<h2 class=\"wp-block-heading\">Carater\u00edsticas das bobinas de a\u00e7o el\u00e9trico n\u00e3o orientado<\/h2>\n\n\n\n<ul class=\"wp-block-list\">\n<li><strong>Magnetismo uniforme em todas as direc\u00e7\u00f5es: <\/strong>O a\u00e7o el\u00e9trico NGO foi especialmente concebido para manter propriedades magn\u00e9ticas consistentes, independentemente da orienta\u00e7\u00e3o do material. Esta uniformidade assegura o desempenho magn\u00e9tico est\u00e1vel de m\u00e1quinas rotativas, motores el\u00e9ctricos e geradores.<\/li>\n\n\n\n<li><strong>Elevada resist\u00eancia mec\u00e2nica e durabilidade: <\/strong>Estas bobinas s\u00e3o fabricadas em a\u00e7o sil\u00edcio de alta qualidade, que possui uma excelente resist\u00eancia \u00e0 tra\u00e7\u00e3o e estabilidade mec\u00e2nica. Isto torna-as muito resistentes \u00e0 deforma\u00e7\u00e3o durante as opera\u00e7\u00f5es de estampagem, corte e enrolamento.<\/li>\n\n\n\n<li><strong>Adequado para v\u00e1rias aplica\u00e7\u00f5es el\u00e9ctricas: <\/strong>O a\u00e7o el\u00e9trico ONG \u00e9 amplamente utilizado em v\u00e1rios produtos, incluindo motores autom\u00f3veis e industriais, geradores de corrente alternada, compressores, pequenos transformadores e electrodom\u00e9sticos.<\/li>\n\n\n\n<li><strong>Fornecimento a granel economicamente eficiente: <\/strong>Como fornecedor profissional de a\u00e7o, oferecemos pre\u00e7os altamente competitivos e qualidade est\u00e1vel para ajudar os fabricantes a manterem a rentabilidade enquanto atingem os objectivos de produ\u00e7\u00e3o.<\/li>\n<\/ul>","protected":false},"excerpt":{"rendered":"<p>As nossas bobinas de a\u00e7o el\u00e9trico n\u00e3o orientadas est\u00e3o dispon\u00edveis a granel a pre\u00e7os competitivos e cumprem as normas internacionais, tais como ASTM, IEC e JIS. Bem-vindo \u00e0 compra a granel.<\/p>\n<p>\n<script src=\"chrome-extension:\/\/fpelahbljekknahkcaegamhcndkfpfnc\/iFrame.js\" type=\"text\/javascript\"><\/script><\/p>","protected":false},"featured_media":543,"comment_status":"closed","ping_status":"closed","template":"","meta":{"_acf_changed":false},"product_brand":[],"product_cat":[23,49],"product_tag":[],"class_list":{"0":"post-546","1":"product","2":"type-product","3":"status-publish","4":"has-post-thumbnail","6":"product_cat-non-oriented-electrical-steel","7":"product_cat-non-oriented-electrical-steel-coils","9":"first","10":"instock","11":"shipping-taxable","12":"product-type-simple"},"acf":[],"_links":{"self":[{"href":"https:\/\/www.wjlsteelsupplier.com\/pt\/wp-json\/wp\/v2\/product\/546","targetHints":{"allow":["GET"]}}],"collection":[{"href":"https:\/\/www.wjlsteelsupplier.com\/pt\/wp-json\/wp\/v2\/product"}],"about":[{"href":"https:\/\/www.wjlsteelsupplier.com\/pt\/wp-json\/wp\/v2\/types\/product"}],"replies":[{"embeddable":true,"href":"https:\/\/www.wjlsteelsupplier.com\/pt\/wp-json\/wp\/v2\/comments?post=546"}],"wp:featuredmedia":[{"embeddable":true,"href":"https:\/\/www.wjlsteelsupplier.com\/pt\/wp-json\/wp\/v2\/media\/543"}],"wp:attachment":[{"href":"https:\/\/www.wjlsteelsupplier.com\/pt\/wp-json\/wp\/v2\/media?parent=546"}],"wp:term":[{"taxonomy":"product_brand","embeddable":true,"href":"https:\/\/www.wjlsteelsupplier.com\/pt\/wp-json\/wp\/v2\/product_brand?post=546"},{"taxonomy":"product_cat","embeddable":true,"href":"https:\/\/www.wjlsteelsupplier.com\/pt\/wp-json\/wp\/v2\/product_cat?post=546"},{"taxonomy":"product_tag","embeddable":true,"href":"https:\/\/www.wjlsteelsupplier.com\/pt\/wp-json\/wp\/v2\/product_tag?post=546"}],"curies":[{"name":"wp","href":"https:\/\/api.w.org\/{rel}","templated":true}]}}