{"id":540,"date":"2025-09-15T11:56:25","date_gmt":"2025-09-15T11:56:25","guid":{"rendered":"https:\/\/www.wjlsteelsupplier.com\/?post_type=product&#038;p=540"},"modified":"2025-09-15T12:16:22","modified_gmt":"2025-09-15T12:16:22","slug":"galvalume-steel-strips","status":"publish","type":"product","link":"https:\/\/www.wjlsteelsupplier.com\/pt\/produto\/galvalume-steel-strips\/","title":{"rendered":"Tiras de a\u00e7o galvalume por grosso - Excelente resist\u00eancia t\u00e9rmica, prote\u00e7\u00e3o contra a ferrugem e corte de precis\u00e3o para projectos personalizados"},"content":{"rendered":"<h2 class=\"wp-block-heading\">Carater\u00edsticas das fitas de a\u00e7o galvalume<\/h2>\n\n\n\n<ul class=\"wp-block-list\">\n<li><strong>Corte de precis\u00e3o: <\/strong>Cada tira de a\u00e7o Galvalume \u00e9 produzida com uma precis\u00e3o dimensional rigorosa, com largura, espessura e acabamento de superf\u00edcie uniformes.<\/li>\n\n\n\n<li><strong>Fornecimento de lotes e personaliza\u00e7\u00e3o OEM\/ODM: <\/strong>Como fabricante l\u00edder, apoiamos encomendas de grandes volumes e especifica\u00e7\u00f5es personalizadas para largura, espessura e acabamento de superf\u00edcie.<\/li>\n\n\n\n<li><strong>Amplamente utilizado: <\/strong>As tiras de a\u00e7o galvalume t\u00eam uma vasta gama de aplica\u00e7\u00f5es, incluindo telhados e pain\u00e9is de parede, pe\u00e7as para autom\u00f3veis, electrodom\u00e9sticos, equipamento agr\u00edcola e componentes industriais personalizados. Tem uma forte adaptabilidade.<\/li>\n\n\n\n<li><strong>Qualidade consistente com testes rigorosos: <\/strong>Cada lote de tiras \u00e9 submetido a uma rigorosa inspe\u00e7\u00e3o de qualidade, incluindo a suavidade da superf\u00edcie, a precis\u00e3o dimensional e a ader\u00eancia do revestimento, para garantir um desempenho consistente em todas as encomendas.<\/li>\n<\/ul>","protected":false},"excerpt":{"rendered":"<p>As nossas tiras de a\u00e7o Galvalume s\u00e3o fabricadas para durabilidade e fiabilidade. Como um fabricante de confian\u00e7a, n\u00f3s fornecemos fornecimento a granel, personaliza\u00e7\u00e3o OEM\/ODM, e controlo de qualidade rigoroso para garantir um desempenho est\u00e1vel e entrega confi\u00e1vel para cada ordem, bem como suporte t\u00e9cnico profissional.<\/p>\n<p>\n<script src=\"chrome-extension:\/\/fpelahbljekknahkcaegamhcndkfpfnc\/iFrame.js\" type=\"text\/javascript\"><\/script><\/p>","protected":false},"featured_media":541,"comment_status":"closed","ping_status":"closed","template":"","meta":{"_acf_changed":false},"product_brand":[],"product_cat":[22,56],"product_tag":[],"class_list":{"0":"post-540","1":"product","2":"type-product","3":"status-publish","4":"has-post-thumbnail","6":"product_cat-galvalume-steel","7":"product_cat-galvalume-steel-strips","9":"first","10":"instock","11":"shipping-taxable","12":"product-type-simple"},"acf":[],"_links":{"self":[{"href":"https:\/\/www.wjlsteelsupplier.com\/pt\/wp-json\/wp\/v2\/product\/540","targetHints":{"allow":["GET"]}}],"collection":[{"href":"https:\/\/www.wjlsteelsupplier.com\/pt\/wp-json\/wp\/v2\/product"}],"about":[{"href":"https:\/\/www.wjlsteelsupplier.com\/pt\/wp-json\/wp\/v2\/types\/product"}],"replies":[{"embeddable":true,"href":"https:\/\/www.wjlsteelsupplier.com\/pt\/wp-json\/wp\/v2\/comments?post=540"}],"wp:featuredmedia":[{"embeddable":true,"href":"https:\/\/www.wjlsteelsupplier.com\/pt\/wp-json\/wp\/v2\/media\/541"}],"wp:attachment":[{"href":"https:\/\/www.wjlsteelsupplier.com\/pt\/wp-json\/wp\/v2\/media?parent=540"}],"wp:term":[{"taxonomy":"product_brand","embeddable":true,"href":"https:\/\/www.wjlsteelsupplier.com\/pt\/wp-json\/wp\/v2\/product_brand?post=540"},{"taxonomy":"product_cat","embeddable":true,"href":"https:\/\/www.wjlsteelsupplier.com\/pt\/wp-json\/wp\/v2\/product_cat?post=540"},{"taxonomy":"product_tag","embeddable":true,"href":"https:\/\/www.wjlsteelsupplier.com\/pt\/wp-json\/wp\/v2\/product_tag?post=540"}],"curies":[{"name":"wp","href":"https:\/\/api.w.org\/{rel}","templated":true}]}}