{"id":538,"date":"2025-09-15T11:35:59","date_gmt":"2025-09-15T11:35:59","guid":{"rendered":"https:\/\/www.wjlsteelsupplier.com\/?post_type=product&#038;p=538"},"modified":"2025-09-20T02:14:07","modified_gmt":"2025-09-20T02:14:07","slug":"galvalume-steel-plates-2","status":"publish","type":"product","link":"https:\/\/www.wjlsteelsupplier.com\/pt\/produto\/galvalume-steel-plates-2\/","title":{"rendered":"Chapas de a\u00e7o galvalume por atacado - Fornecimento a granel para constru\u00e7\u00e3o, aplica\u00e7\u00f5es industriais"},"content":{"rendered":"<h2 class=\"wp-block-heading\">Carater\u00edsticas das chapas de a\u00e7o galvalume<\/h2>\n\n\n\n<ul class=\"wp-block-list\">\n<li><strong>Excelente resist\u00eancia \u00e0 corros\u00e3o:<\/strong> As chapas de a\u00e7o galvalume s\u00e3o revestidas com uma liga de alum\u00ednio e zinco de alta qualidade, formando uma camada protetora duradoura na superf\u00edcie, prevenindo eficazmente a ferrugem, a oxida\u00e7\u00e3o e os danos causados pela humidade ou por condi\u00e7\u00f5es clim\u00e1ticas adversas.<\/li>\n\n\n\n<li><strong>Maquinabilidade: <\/strong>Estas chapas de a\u00e7o t\u00eam uma vasta gama de aplica\u00e7\u00f5es, incluindo corte, dobragem, estampagem ou soldadura, e s\u00e3o adequadas para v\u00e1rias aplica\u00e7\u00f5es, como telhados, pain\u00e9is de parede, equipamento mec\u00e2nico, etc.<\/li>\n\n\n\n<li><strong>Econ\u00f3mica e duradoura: <\/strong>As chapas de a\u00e7o galvalume combinam economia e durabilidade, tornando-as uma escolha pr\u00e1tica para grandes projectos de constru\u00e7\u00e3o ou industriais.<\/li>\n\n\n\n<li><strong>Fornecimento em lote para projectos de grande dimens\u00e3o: <\/strong>Como uma f\u00e1brica de a\u00e7o profissional, podemos fornecer lotes de placas de a\u00e7o galvalume para projectos de grande escala e garantir que os compradores recebam qualidade consistente e pre\u00e7os competitivos.<\/li>\n<\/ul>","protected":false},"excerpt":{"rendered":"<p>As chapas de a\u00e7o Galvalume por atacado t\u00eam excelente resist\u00eancia \u00e0 corros\u00e3o e ao calor, tornando-as uma escolha confi\u00e1vel para projetos industriais e de constru\u00e7\u00e3o de alta demanda. Oferecemos uma variedade de especifica\u00e7\u00f5es e espessuras, apoiando m\u00e9todos de processamento como corte, dobra, estampagem ou soldagem para atender aos diferentes requisitos do projeto. Bem-vindo a contactar-nos.<\/p>\n<p><script src=\"chrome-extension:\/\/fpelahbljekknahkcaegamhcndkfpfnc\/iFrame.js\" type=\"text\/javascript\"><\/script><\/p>","protected":false},"featured_media":536,"comment_status":"closed","ping_status":"closed","template":"","meta":{"_acf_changed":false},"product_brand":[],"product_cat":[22,55],"product_tag":[],"class_list":{"0":"post-538","1":"product","2":"type-product","3":"status-publish","4":"has-post-thumbnail","6":"product_cat-galvalume-steel","7":"product_cat-galvalume-steel-plates","9":"first","10":"instock","11":"shipping-taxable","12":"product-type-simple"},"acf":[],"_links":{"self":[{"href":"https:\/\/www.wjlsteelsupplier.com\/pt\/wp-json\/wp\/v2\/product\/538","targetHints":{"allow":["GET"]}}],"collection":[{"href":"https:\/\/www.wjlsteelsupplier.com\/pt\/wp-json\/wp\/v2\/product"}],"about":[{"href":"https:\/\/www.wjlsteelsupplier.com\/pt\/wp-json\/wp\/v2\/types\/product"}],"replies":[{"embeddable":true,"href":"https:\/\/www.wjlsteelsupplier.com\/pt\/wp-json\/wp\/v2\/comments?post=538"}],"wp:featuredmedia":[{"embeddable":true,"href":"https:\/\/www.wjlsteelsupplier.com\/pt\/wp-json\/wp\/v2\/media\/536"}],"wp:attachment":[{"href":"https:\/\/www.wjlsteelsupplier.com\/pt\/wp-json\/wp\/v2\/media?parent=538"}],"wp:term":[{"taxonomy":"product_brand","embeddable":true,"href":"https:\/\/www.wjlsteelsupplier.com\/pt\/wp-json\/wp\/v2\/product_brand?post=538"},{"taxonomy":"product_cat","embeddable":true,"href":"https:\/\/www.wjlsteelsupplier.com\/pt\/wp-json\/wp\/v2\/product_cat?post=538"},{"taxonomy":"product_tag","embeddable":true,"href":"https:\/\/www.wjlsteelsupplier.com\/pt\/wp-json\/wp\/v2\/product_tag?post=538"}],"curies":[{"name":"wp","href":"https:\/\/api.w.org\/{rel}","templated":true}]}}