{"id":533,"date":"2025-09-15T10:46:58","date_gmt":"2025-09-15T10:46:58","guid":{"rendered":"https:\/\/www.wjlsteelsupplier.com\/?post_type=product&#038;p=533"},"modified":"2025-09-20T02:00:48","modified_gmt":"2025-09-20T02:00:48","slug":"galvalume-steel-sheets","status":"publish","type":"product","link":"https:\/\/www.wjlsteelsupplier.com\/pt\/produto\/galvalume-steel-sheets\/","title":{"rendered":"Chapas de a\u00e7o galvalume por grosso - Fornecimento a granel para constru\u00e7\u00e3o, fabrico e aplica\u00e7\u00f5es arquitect\u00f3nicas"},"content":{"rendered":"<h2 class=\"wp-block-heading\">Carater\u00edsticas das chapas de a\u00e7o galvalume<\/h2>\n\n\n\n<ul class=\"wp-block-list\">\n<li><strong>Excelente durabilidade e resist\u00eancia:<\/strong> As chapas de a\u00e7o galvalume mant\u00eam uma excelente integridade estrutural mesmo sob press\u00e3o, cargas pesadas e condi\u00e7\u00f5es ambientais extremas. A sua durabilidade torna-a uma escolha ideal para telhados, revestimentos e projectos de constru\u00e7\u00e3o industrial.<\/li>\n\n\n\n<li><strong>Excelente refletividade t\u00e9rmica e UV:<\/strong> Chapas de a\u00e7o galvalume A superf\u00edcie reflectora do edif\u00edcio pode minimizar a absor\u00e7\u00e3o de calor, melhorar a efici\u00eancia energ\u00e9tica e reduzir os custos de arrefecimento.<\/li>\n\n\n\n<li><strong>Economicamente eficiente: <\/strong>Devido \u00e0 sua longa vida \u00fatil e aos baixos requisitos de manuten\u00e7\u00e3o, as chapas de a\u00e7o Galvalume constituem uma escolha econ\u00f3mica para as necessidades de constru\u00e7\u00e3o e fabrico em grande escala.<\/li>\n\n\n\n<li><strong>Aplica\u00e7\u00f5es diversificadas e personaliza\u00e7\u00e3o: <\/strong>Estas placas podem ser personalizadas de acordo com diferentes tamanhos, espessuras e superf\u00edcies para satisfazer os diferentes requisitos do projeto.<\/li>\n<\/ul>","protected":false},"excerpt":{"rendered":"<p>As chapas de a\u00e7o galvalume s\u00e3o a\u00e7o revestido de alta qualidade, resistente \u00e0 corros\u00e3o, concebido para proporcionar um excelente desempenho nos dom\u00ednios dos telhados, revestimentos, pain\u00e9is de parede e fabrico industrial. As nossas chapas de a\u00e7o Galvalume por atacado oferecem op\u00e7\u00f5es de personaliza\u00e7\u00e3o, incluindo tamanhos, espessuras e tratamentos de superf\u00edcie personalizados para satisfazer as necessidades espec\u00edficas do seu projeto. Bem-vindo empresas de constru\u00e7\u00e3o, fabricantes e processadores de metal para nos contactar.<\/p>\n<p><script src=\"chrome-extension:\/\/fpelahbljekknahkcaegamhcndkfpfnc\/iFrame.js\" type=\"text\/javascript\"><\/script><\/p>","protected":false},"featured_media":534,"comment_status":"closed","ping_status":"closed","template":"","meta":{"_acf_changed":false},"product_brand":[],"product_cat":[22,54],"product_tag":[],"class_list":{"0":"post-533","1":"product","2":"type-product","3":"status-publish","4":"has-post-thumbnail","6":"product_cat-galvalume-steel","7":"product_cat-galvalume-steel-sheets","9":"first","10":"instock","11":"shipping-taxable","12":"product-type-simple"},"acf":[],"_links":{"self":[{"href":"https:\/\/www.wjlsteelsupplier.com\/pt\/wp-json\/wp\/v2\/product\/533","targetHints":{"allow":["GET"]}}],"collection":[{"href":"https:\/\/www.wjlsteelsupplier.com\/pt\/wp-json\/wp\/v2\/product"}],"about":[{"href":"https:\/\/www.wjlsteelsupplier.com\/pt\/wp-json\/wp\/v2\/types\/product"}],"replies":[{"embeddable":true,"href":"https:\/\/www.wjlsteelsupplier.com\/pt\/wp-json\/wp\/v2\/comments?post=533"}],"wp:featuredmedia":[{"embeddable":true,"href":"https:\/\/www.wjlsteelsupplier.com\/pt\/wp-json\/wp\/v2\/media\/534"}],"wp:attachment":[{"href":"https:\/\/www.wjlsteelsupplier.com\/pt\/wp-json\/wp\/v2\/media?parent=533"}],"wp:term":[{"taxonomy":"product_brand","embeddable":true,"href":"https:\/\/www.wjlsteelsupplier.com\/pt\/wp-json\/wp\/v2\/product_brand?post=533"},{"taxonomy":"product_cat","embeddable":true,"href":"https:\/\/www.wjlsteelsupplier.com\/pt\/wp-json\/wp\/v2\/product_cat?post=533"},{"taxonomy":"product_tag","embeddable":true,"href":"https:\/\/www.wjlsteelsupplier.com\/pt\/wp-json\/wp\/v2\/product_tag?post=533"}],"curies":[{"name":"wp","href":"https:\/\/api.w.org\/{rel}","templated":true}]}}