{"id":531,"date":"2025-09-15T10:35:27","date_gmt":"2025-09-15T10:35:27","guid":{"rendered":"https:\/\/www.wjlsteelsupplier.com\/?post_type=product&#038;p=531"},"modified":"2025-09-16T02:17:17","modified_gmt":"2025-09-16T02:17:17","slug":"non-oriented-electrical-steel-sheets","status":"publish","type":"product","link":"https:\/\/www.wjlsteelsupplier.com\/pt\/produto\/non-oriented-electrical-steel-sheets\/","title":{"rendered":"Chapas de a\u00e7o el\u00e9ctricas n\u00e3o orientadas por atacado - Chapas de a\u00e7o el\u00e9ctricas ONG"},"content":{"rendered":"<h2 class=\"wp-block-heading\">Carater\u00edsticas das chapas de a\u00e7o el\u00e9trico sem orienta\u00e7\u00e3o<\/h2>\n\n\n\n<ul class=\"wp-block-list\">\n<li><strong>Elevada resist\u00eancia mec\u00e2nica e integridade estrutural:<\/strong> As chapas de a\u00e7o el\u00e9trico NGO s\u00e3o produzidas utilizando processos avan\u00e7ados de laminagem e recozimento, com excelente resist\u00eancia \u00e0 tra\u00e7\u00e3o e tenacidade. Podem suportar o stress mec\u00e2nico durante a montagem e o funcionamento do motor a alta velocidade sem deforma\u00e7\u00e3o ou degrada\u00e7\u00e3o do desempenho.<\/li>\n\n\n\n<li><strong>Ampla aplica\u00e7\u00e3o: <\/strong>As chapas de a\u00e7o el\u00e9trico NGO s\u00e3o amplamente utilizadas no fabrico de motores el\u00e9ctricos, transformadores, geradores, electrodom\u00e9sticos, ve\u00edculos el\u00e9ctricos, sistemas de energia renov\u00e1vel e equipamento de automatiza\u00e7\u00e3o industrial.<\/li>\n\n\n\n<li><strong>Pre\u00e7os a granel altamente competitivos:<\/strong> Como um fornecedor profissional de a\u00e7o da China, garantimos que os nossos clientes desfrutam dos pre\u00e7os grossistas mais competitivos.<\/li>\n\n\n\n<li><strong>Controlo de qualidade rigoroso: <\/strong>Cada lote de chapas de a\u00e7o ONG \u00e9 submetido a uma inspe\u00e7\u00e3o rigorosa, a testes e a verifica\u00e7\u00f5es de garantia de qualidade para assegurar que os nossos produtos cumprem as normas internacionais, tais como ISO, ASTM e IEC.<\/li>\n\n\n\n<li><strong>Servi\u00e7os t\u00e9cnicos:<\/strong> Fornecemos solu\u00e7\u00f5es \u00e0 medida para os clientes que necessitam de espessuras, larguras ou chapas pr\u00e9-cortadas precisas para as suas linhas de produ\u00e7\u00e3o.<\/li>\n<\/ul>","protected":false},"excerpt":{"rendered":"<p>As nossas chapas de a\u00e7o el\u00e9ctricas n\u00e3o orientadas por atacado s\u00e3o feitas de a\u00e7o sil\u00edcio de alta qualidade, oferecendo propriedades magn\u00e9ticas consistentes em todas as direc\u00e7\u00f5es. Estas chapas t\u00eam uma superf\u00edcie lisa e toler\u00e2ncias de espessura precisas, tornando-as ideais para produ\u00e7\u00e3o automatizada e produ\u00e7\u00e3o de alto volume. Os fabricantes podem contactar-nos para compras a granel.<\/p>","protected":false},"featured_media":545,"comment_status":"closed","ping_status":"closed","template":"","meta":{"_acf_changed":false},"product_brand":[],"product_cat":[23,50],"product_tag":[],"class_list":{"0":"post-531","1":"product","2":"type-product","3":"status-publish","4":"has-post-thumbnail","6":"product_cat-non-oriented-electrical-steel","7":"product_cat-non-oriented-electrical-steel-sheets","9":"first","10":"instock","11":"shipping-taxable","12":"product-type-simple"},"acf":[],"_links":{"self":[{"href":"https:\/\/www.wjlsteelsupplier.com\/pt\/wp-json\/wp\/v2\/product\/531","targetHints":{"allow":["GET"]}}],"collection":[{"href":"https:\/\/www.wjlsteelsupplier.com\/pt\/wp-json\/wp\/v2\/product"}],"about":[{"href":"https:\/\/www.wjlsteelsupplier.com\/pt\/wp-json\/wp\/v2\/types\/product"}],"replies":[{"embeddable":true,"href":"https:\/\/www.wjlsteelsupplier.com\/pt\/wp-json\/wp\/v2\/comments?post=531"}],"wp:featuredmedia":[{"embeddable":true,"href":"https:\/\/www.wjlsteelsupplier.com\/pt\/wp-json\/wp\/v2\/media\/545"}],"wp:attachment":[{"href":"https:\/\/www.wjlsteelsupplier.com\/pt\/wp-json\/wp\/v2\/media?parent=531"}],"wp:term":[{"taxonomy":"product_brand","embeddable":true,"href":"https:\/\/www.wjlsteelsupplier.com\/pt\/wp-json\/wp\/v2\/product_brand?post=531"},{"taxonomy":"product_cat","embeddable":true,"href":"https:\/\/www.wjlsteelsupplier.com\/pt\/wp-json\/wp\/v2\/product_cat?post=531"},{"taxonomy":"product_tag","embeddable":true,"href":"https:\/\/www.wjlsteelsupplier.com\/pt\/wp-json\/wp\/v2\/product_tag?post=531"}],"curies":[{"name":"wp","href":"https:\/\/api.w.org\/{rel}","templated":true}]}}