{"id":529,"date":"2025-09-14T23:53:14","date_gmt":"2025-09-14T23:53:14","guid":{"rendered":"https:\/\/www.wjlsteelsupplier.com\/?post_type=product&#038;p=529"},"modified":"2025-09-15T10:46:05","modified_gmt":"2025-09-15T10:46:05","slug":"galvalume-steel-coils","status":"publish","type":"product","link":"https:\/\/www.wjlsteelsupplier.com\/pt\/produto\/galvalume-steel-coils\/","title":{"rendered":"Bobinas de a\u00e7o galvalume por atacado, fornecimento a granel de alta qualidade de fabricante confi\u00e1vel"},"content":{"rendered":"<h2 class=\"wp-block-heading\">Carater\u00edsticas das bobinas de a\u00e7o galvalume<\/h2>\n\n\n\n<ul class=\"wp-block-list\">\n<li><strong>Excelente resist\u00eancia \u00e0 corros\u00e3o: <\/strong>A superf\u00edcie das bobinas de a\u00e7o galvalume \u00e9 revestida com uma liga de alum\u00ednio 55%, zinco 43,4% e sil\u00edcio 1,6%, formando uma excelente barreira contra a ferrugem e a oxida\u00e7\u00e3o; \u00e9 duas a quatro vezes mais alto do que o a\u00e7o galvanizado padr\u00e3o, o que o torna a escolha ideal para telhados exteriores, pain\u00e9is de parede e aplica\u00e7\u00f5es industriais.<\/li>\n\n\n\n<li><strong>Excelente resist\u00eancia ao calor e \u00e0s intemp\u00e9ries: <\/strong>O teor de alum\u00ednio aumenta a resist\u00eancia das bobinas de a\u00e7o galvalume a temperaturas elevadas e \u00e0 radia\u00e7\u00e3o ultravioleta, tornando-as adequadas para utiliza\u00e7\u00e3o em ambientes tropicais, costeiros ou \u00e1ridos.<\/li>\n\n\n\n<li><strong>Aumentar a durabilidade e a resist\u00eancia mec\u00e2nica:<\/strong> O revestimento de zinco-alum\u00ednio n\u00e3o s\u00f3 protege o a\u00e7o de base, como tamb\u00e9m aumenta a sua for\u00e7a de tra\u00e7\u00e3o e resist\u00eancia ao impacto; pode suportar processos de dobragem, moldagem e estampagem sem rachar ou descascar, o que o torna ideal para utiliza\u00e7\u00e3o em pain\u00e9is de constru\u00e7\u00e3o, pe\u00e7as autom\u00f3veis e electrodom\u00e9sticos.<\/li>\n\n\n\n<li><strong>Fornecimento fi\u00e1vel e op\u00e7\u00f5es de personaliza\u00e7\u00e3o:<\/strong> Como um fornecedor grossista de confian\u00e7a de bobinas de a\u00e7o galvalume, oferecemos um controlo de qualidade consistente, larguras e espessuras de bobinas flex\u00edveis e tratamentos de superf\u00edcie personalizados para satisfazer as suas especifica\u00e7\u00f5es exactas.<\/li>\n<\/ul>","protected":false},"excerpt":{"rendered":"<p>As bobinas de a\u00e7o galvalume t\u00eam uma excelente for\u00e7a, formabilidade e resist\u00eancia \u00e0s intemp\u00e9ries, garantindo um funcionamento fi\u00e1vel mesmo em ambientes extremos, como regi\u00f5es costeiras, tropicais ou \u00e1ridas. Eles s\u00e3o escolhas ideais para telhados, pain\u00e9is de parede, electrodom\u00e9sticos e edif\u00edcios agr\u00edcolas. Damos as boas-vindas aos fabricantes e comerciantes globais para nos contactar.<\/p>\n<p>\n<script src=\"chrome-extension:\/\/fpelahbljekknahkcaegamhcndkfpfnc\/iFrame.js\" type=\"text\/javascript\"><\/script><\/p>","protected":false},"featured_media":532,"comment_status":"closed","ping_status":"closed","template":"","meta":{"_acf_changed":false},"product_brand":[],"product_cat":[22,53],"product_tag":[],"class_list":{"0":"post-529","1":"product","2":"type-product","3":"status-publish","4":"has-post-thumbnail","6":"product_cat-galvalume-steel","7":"product_cat-galvalume-steel-coils","9":"first","10":"instock","11":"shipping-taxable","12":"product-type-simple"},"acf":[],"_links":{"self":[{"href":"https:\/\/www.wjlsteelsupplier.com\/pt\/wp-json\/wp\/v2\/product\/529","targetHints":{"allow":["GET"]}}],"collection":[{"href":"https:\/\/www.wjlsteelsupplier.com\/pt\/wp-json\/wp\/v2\/product"}],"about":[{"href":"https:\/\/www.wjlsteelsupplier.com\/pt\/wp-json\/wp\/v2\/types\/product"}],"replies":[{"embeddable":true,"href":"https:\/\/www.wjlsteelsupplier.com\/pt\/wp-json\/wp\/v2\/comments?post=529"}],"wp:featuredmedia":[{"embeddable":true,"href":"https:\/\/www.wjlsteelsupplier.com\/pt\/wp-json\/wp\/v2\/media\/532"}],"wp:attachment":[{"href":"https:\/\/www.wjlsteelsupplier.com\/pt\/wp-json\/wp\/v2\/media?parent=529"}],"wp:term":[{"taxonomy":"product_brand","embeddable":true,"href":"https:\/\/www.wjlsteelsupplier.com\/pt\/wp-json\/wp\/v2\/product_brand?post=529"},{"taxonomy":"product_cat","embeddable":true,"href":"https:\/\/www.wjlsteelsupplier.com\/pt\/wp-json\/wp\/v2\/product_cat?post=529"},{"taxonomy":"product_tag","embeddable":true,"href":"https:\/\/www.wjlsteelsupplier.com\/pt\/wp-json\/wp\/v2\/product_tag?post=529"}],"curies":[{"name":"wp","href":"https:\/\/api.w.org\/{rel}","templated":true}]}}