{"id":527,"date":"2025-09-14T23:32:08","date_gmt":"2025-09-14T23:32:08","guid":{"rendered":"https:\/\/www.wjlsteelsupplier.com\/?post_type=product&#038;p=527"},"modified":"2025-09-14T23:48:12","modified_gmt":"2025-09-14T23:48:12","slug":"stainless-steel-strips","status":"publish","type":"product","link":"https:\/\/www.wjlsteelsupplier.com\/pt\/produto\/stainless-steel-strips\/","title":{"rendered":"Tiras de a\u00e7o inoxid\u00e1vel por atacado, fornecedor de tiras de a\u00e7o de corte de precis\u00e3o a granel - 210,304,316 Grau"},"content":{"rendered":"<h2 class=\"wp-block-heading\">Carater\u00edsticas das fitas de a\u00e7o inoxid\u00e1vel<\/h2>\n\n\n\n<p><strong>Resist\u00eancia superior \u00e0 corros\u00e3o: <\/strong>A superf\u00edcie das tiras de a\u00e7o inoxid\u00e1vel pode formar uma camada de \u00f3xido passiva auto-regenerativa. Mesmo em ambientes h\u00famidos ou fracamente \u00e1cidos, esta camada de \u00f3xido pode servir como uma forte barreira.<br><br><strong>Corte de precis\u00e3o para consist\u00eancia:<\/strong> Enquanto fornecedor profissional de a\u00e7o inoxid\u00e1vel, garantimos uma espessura e largura consistentes ao longo de todo o lote de produtos. Esta precis\u00e3o assegura que os fabricantes podem integrar sem problemas as tiras em processos de fabrico automatizados.<br><strong><br>Excelente acabamento de superf\u00edcie<\/strong>: As superf\u00edcies requintadas n\u00e3o s\u00f3 melhoram a est\u00e9tica, como tamb\u00e9m reduzem a fric\u00e7\u00e3o durante os processos de moldagem, estampagem ou soldadura. Por conseguinte, s\u00e3o altamente adequadas para componentes vis\u00edveis, tais como interiores de autom\u00f3veis, electrodom\u00e9sticos, decora\u00e7\u00f5es de edif\u00edcios, utens\u00edlios de cozinha e ferragens decorativas.<\/p>\n\n\n\n<p><strong>Vasta sele\u00e7\u00e3o de classes<\/strong>: <\/p>\n\n\n\n<ul class=\"wp-block-list\">\n<li>O a\u00e7o inoxid\u00e1vel de grau 210 \u00e9 uma escolha econ\u00f3mica e fi\u00e1vel para aplica\u00e7\u00f5es interiores ou ambientes com baixa corrosividade, combinando economia e resist\u00eancia.<\/li>\n\n\n\n<li>O a\u00e7o inoxid\u00e1vel de grau 304 \u00e9 amplamente considerado como o padr\u00e3o da ind\u00fastria, com excelente resist\u00eancia \u00e0 corros\u00e3o, conformabilidade e custo-benef\u00edcio.<\/li>\n\n\n\n<li>O a\u00e7o inoxid\u00e1vel de grau 316 com molibd\u00e9nio adicionado proporciona o n\u00edvel mais elevado de prote\u00e7\u00e3o contra a corros\u00e3o e \u00e9 a escolha preferida para aplica\u00e7\u00f5es mar\u00edtimas, qu\u00edmicas e exteriores que se espera que entrem em contacto com a \u00e1gua do mar ou com produtos qu\u00edmicos irritantes.<\/li>\n<\/ul>\n\n\n\n<p><strong>Pre\u00e7os vantajosos: <\/strong>Como fornecedor a granel de a\u00e7o inoxid\u00e1vel, oferecemos pre\u00e7os altamente competitivos. Com um invent\u00e1rio fi\u00e1vel e quantidades de encomenda flex\u00edveis, podemos satisfazer as necessidades de pequenas empresas, fabricantes de m\u00e9dia dimens\u00e3o e grandes empresas.<\/p>","protected":false},"excerpt":{"rendered":"<p data-pm-slice=\"0 0 []\">A tira de a\u00e7o inoxid\u00e1vel por atacado \u00e9 fabricada com tecnologia de corte de alta precis\u00e3o para garantir espessura uniforme, bordas lisas e desempenho confi\u00e1vel. Oferecemos tr\u00eas graus: 210, 304 e 316, adequados para v\u00e1rias aplica\u00e7\u00f5es. N\u00f3s somos um fornecedor de tiras de a\u00e7o inoxid\u00e1vel da China, oferecendo pre\u00e7os diretos de f\u00e1brica, quantidades de encomenda flex\u00edveis, e op\u00e7\u00f5es de personaliza\u00e7\u00e3o. Bem-vindo a contactar-nos.<\/p>\n<p>\n<script src=\"chrome-extension:\/\/fpelahbljekknahkcaegamhcndkfpfnc\/iFrame.js\" type=\"text\/javascript\"><\/script><\/p>","protected":false},"featured_media":528,"comment_status":"closed","ping_status":"closed","template":"","meta":{"_acf_changed":false},"product_brand":[],"product_cat":[25,42],"product_tag":[],"class_list":{"0":"post-527","1":"product","2":"type-product","3":"status-publish","4":"has-post-thumbnail","6":"product_cat-stainless-steel","7":"product_cat-stainless-steel-strips","9":"first","10":"instock","11":"shipping-taxable","12":"product-type-simple"},"acf":[],"_links":{"self":[{"href":"https:\/\/www.wjlsteelsupplier.com\/pt\/wp-json\/wp\/v2\/product\/527","targetHints":{"allow":["GET"]}}],"collection":[{"href":"https:\/\/www.wjlsteelsupplier.com\/pt\/wp-json\/wp\/v2\/product"}],"about":[{"href":"https:\/\/www.wjlsteelsupplier.com\/pt\/wp-json\/wp\/v2\/types\/product"}],"replies":[{"embeddable":true,"href":"https:\/\/www.wjlsteelsupplier.com\/pt\/wp-json\/wp\/v2\/comments?post=527"}],"wp:featuredmedia":[{"embeddable":true,"href":"https:\/\/www.wjlsteelsupplier.com\/pt\/wp-json\/wp\/v2\/media\/528"}],"wp:attachment":[{"href":"https:\/\/www.wjlsteelsupplier.com\/pt\/wp-json\/wp\/v2\/media?parent=527"}],"wp:term":[{"taxonomy":"product_brand","embeddable":true,"href":"https:\/\/www.wjlsteelsupplier.com\/pt\/wp-json\/wp\/v2\/product_brand?post=527"},{"taxonomy":"product_cat","embeddable":true,"href":"https:\/\/www.wjlsteelsupplier.com\/pt\/wp-json\/wp\/v2\/product_cat?post=527"},{"taxonomy":"product_tag","embeddable":true,"href":"https:\/\/www.wjlsteelsupplier.com\/pt\/wp-json\/wp\/v2\/product_tag?post=527"}],"curies":[{"name":"wp","href":"https:\/\/api.w.org\/{rel}","templated":true}]}}