{"id":521,"date":"2025-09-13T10:36:39","date_gmt":"2025-09-13T10:36:39","guid":{"rendered":"https:\/\/www.wjlsteelsupplier.com\/?post_type=product&#038;p=521"},"modified":"2025-09-17T02:38:19","modified_gmt":"2025-09-17T02:38:19","slug":"stainless-steel-sheets","status":"publish","type":"product","link":"https:\/\/www.wjlsteelsupplier.com\/pt\/produto\/stainless-steel-sheets\/","title":{"rendered":"Chapas de a\u00e7o inoxid\u00e1vel por atacado - 210, 304, 316 Grau"},"content":{"rendered":"<h2 class=\"wp-block-heading\">Carater\u00edsticas das chapas de a\u00e7o laminadas a frio<\/h2>\n\n\n\n<ul class=\"wp-block-list\">\n<li><strong>Excelente resist\u00eancia \u00e0 corros\u00e3o: <\/strong>As chapas de a\u00e7o de grau 304 e 316 podem resistir \u00e0 ferrugem, \u00e0 oxida\u00e7\u00e3o e \u00e0 corros\u00e3o qu\u00edmica em v\u00e1rios ambientes. As chapas de a\u00e7o de grau 316 ricas em molibd\u00e9nio proporcionam uma excelente prote\u00e7\u00e3o e s\u00e3o a escolha ideal para v\u00e1rias aplica\u00e7\u00f5es dif\u00edceis.<\/li>\n\n\n\n<li><strong>Tratamento de superf\u00edcie liso e uniforme:<\/strong> As chapas de a\u00e7o inoxid\u00e1vel s\u00e3o submetidas a um tratamento de superf\u00edcie suave e uniforme, o que as torna ideais para aplica\u00e7\u00f5es que d\u00e3o prioridade \u00e0 apar\u00eancia, como pain\u00e9is de constru\u00e7\u00e3o, fachadas decorativas e elementos de design de interiores.<\/li>\n\n\n\n<li><strong>Higiene e baixo custo de manuten\u00e7\u00e3o: <\/strong>A superf\u00edcie de a\u00e7o inoxid\u00e1vel \u00e9 lisa, n\u00e3o porosa e f\u00e1cil de limpar e desinfetar. N\u00e3o absorve qu\u00edmicos ou bact\u00e9rias, raz\u00e3o pela qual se tornou o material preferido para aplica\u00e7\u00f5es como as ind\u00fastrias alimentar e m\u00e9dica, que s\u00e3o cruciais para a limpeza.<\/li>\n\n\n\n<li><strong>Reciclabilidade: <\/strong>O a\u00e7o inoxid\u00e1vel \u00e9 um material 100% recicl\u00e1vel e uma escolha amiga do ambiente.<\/li>\n<\/ul>","protected":false},"excerpt":{"rendered":"<p>Chapas de a\u00e7o inoxid\u00e1vel por grosso. As chapas de a\u00e7o inoxid\u00e1vel de tipo 304 e 316 oferecem resist\u00eancia \u00e0 ferrugem, \u00e0 oxida\u00e7\u00e3o e \u00e0 corros\u00e3o qu\u00edmica. O a\u00e7o inoxid\u00e1vel de grau 316 \u00e9 enriquecido com molibd\u00e9nio, oferecendo um melhor desempenho em ambientes agressivos. Oferecemos fornecimentos a granel, por isso contacte-nos para obter um or\u00e7amento.<\/p>\n<p>\n<script src=\"chrome-extension:\/\/fpelahbljekknahkcaegamhcndkfpfnc\/iFrame.js\" type=\"text\/javascript\"><\/script><\/p>","protected":false},"featured_media":522,"comment_status":"closed","ping_status":"closed","template":"","meta":{"_acf_changed":false},"product_brand":[],"product_cat":[25,43],"product_tag":[],"class_list":{"0":"post-521","1":"product","2":"type-product","3":"status-publish","4":"has-post-thumbnail","6":"product_cat-stainless-steel","7":"product_cat-stainless-steel-sheets","9":"first","10":"instock","11":"shipping-taxable","12":"product-type-simple"},"acf":[],"_links":{"self":[{"href":"https:\/\/www.wjlsteelsupplier.com\/pt\/wp-json\/wp\/v2\/product\/521","targetHints":{"allow":["GET"]}}],"collection":[{"href":"https:\/\/www.wjlsteelsupplier.com\/pt\/wp-json\/wp\/v2\/product"}],"about":[{"href":"https:\/\/www.wjlsteelsupplier.com\/pt\/wp-json\/wp\/v2\/types\/product"}],"replies":[{"embeddable":true,"href":"https:\/\/www.wjlsteelsupplier.com\/pt\/wp-json\/wp\/v2\/comments?post=521"}],"wp:featuredmedia":[{"embeddable":true,"href":"https:\/\/www.wjlsteelsupplier.com\/pt\/wp-json\/wp\/v2\/media\/522"}],"wp:attachment":[{"href":"https:\/\/www.wjlsteelsupplier.com\/pt\/wp-json\/wp\/v2\/media?parent=521"}],"wp:term":[{"taxonomy":"product_brand","embeddable":true,"href":"https:\/\/www.wjlsteelsupplier.com\/pt\/wp-json\/wp\/v2\/product_brand?post=521"},{"taxonomy":"product_cat","embeddable":true,"href":"https:\/\/www.wjlsteelsupplier.com\/pt\/wp-json\/wp\/v2\/product_cat?post=521"},{"taxonomy":"product_tag","embeddable":true,"href":"https:\/\/www.wjlsteelsupplier.com\/pt\/wp-json\/wp\/v2\/product_tag?post=521"}],"curies":[{"name":"wp","href":"https:\/\/api.w.org\/{rel}","templated":true}]}}