{"id":518,"date":"2025-09-13T10:14:22","date_gmt":"2025-09-13T10:14:22","guid":{"rendered":"https:\/\/www.wjlsteelsupplier.com\/?post_type=product&#038;p=518"},"modified":"2025-09-13T10:32:01","modified_gmt":"2025-09-13T10:32:01","slug":"stainless-steel-coils","status":"publish","type":"product","link":"https:\/\/www.wjlsteelsupplier.com\/pt\/produto\/stainless-steel-coils\/","title":{"rendered":"Bobinas de a\u00e7o inoxid\u00e1vel premium por atacado - 210, 304, 316 bobinas de a\u00e7o inoxid\u00e1vel"},"content":{"rendered":"<h2 class=\"wp-block-heading\">Carater\u00edsticas das bobinas de a\u00e7o inoxid\u00e1vel<\/h2>\n\n\n\n<ul class=\"wp-block-list\">\n<li><strong>Excelente resist\u00eancia \u00e0 corros\u00e3o: <\/strong>As bobinas de a\u00e7o inoxid\u00e1vel cont\u00eam uma elevada propor\u00e7\u00e3o de cr\u00f3mio, que pode formar uma camada de \u00f3xido natural auto-regener\u00e1vel na superf\u00edcie. Esta carater\u00edstica garante a durabilidade a longo prazo do a\u00e7o, reduz os requisitos de manuten\u00e7\u00e3o e prolonga a vida \u00fatil dos produtos em sectores como o naval, o processamento qu\u00edmico e a constru\u00e7\u00e3o exterior.<\/li>\n\n\n\n<li><strong>Superf\u00edcie lisa e esteticamente agrad\u00e1vel:<\/strong> As bobinas de a\u00e7o inoxid\u00e1vel t\u00eam normalmente uma superf\u00edcie uniforme, polida e esteticamente agrad\u00e1vel, o que as torna uma escolha ideal para fins funcionais e decorativos. S\u00e3o tamb\u00e9m f\u00e1ceis de limpar e de tratar a superf\u00edcie, o que as torna adequadas para a constru\u00e7\u00e3o, electrodom\u00e9sticos e produtos decorativos.<\/li>\n\n\n\n<li><strong>Capacidade de fabrico multifuncional: <\/strong>As bobinas de a\u00e7o inoxid\u00e1vel podem ser cortadas, laminadas, estampadas, dobradas ou prensadas em v\u00e1rias formas, incluindo chapas, tiras, canos e tubos. O seu excelente desempenho de processamento satisfaz as diversas necessidades do fabrico industrial, pe\u00e7as para autom\u00f3veis, utens\u00edlios de cozinha e equipamento mec\u00e2nico.<\/li>\n\n\n\n<li><strong>Alta qualidade: <\/strong>As nossas bobinas de a\u00e7o inoxid\u00e1vel t\u00eam uma superf\u00edcie uniforme, desempenho est\u00e1vel e dimens\u00f5es precisas. Combinadas com uma excelente resist\u00eancia \u00e0 corros\u00e3o, resist\u00eancia ao desgaste e for\u00e7a, garantimos que cada lote de produtos cumpre rigorosos padr\u00f5es de qualidade.<\/li>\n\n\n\n<li><\/li>\n<\/ul>","protected":false},"excerpt":{"rendered":"<p>A f\u00e1brica fornece grandes quantidades de bobinas de a\u00e7o inoxid\u00e1vel, que t\u00eam excelente resist\u00eancia \u00e0 corros\u00e3o, camada de \u00f3xido de auto-cura, superf\u00edcie lisa e polida, e pode ser usado para fins funcionais ou decorativos. As bobinas de a\u00e7o inoxid\u00e1vel que fornecemos t\u00eam dimens\u00f5es precisas, alta resist\u00eancia e boa durabilidade, adequadas para aplica\u00e7\u00f5es em v\u00e1rios campos, como fabrica\u00e7\u00e3o, constru\u00e7\u00e3o e decora\u00e7\u00e3o.<\/p>\n<p>\n<script src=\"chrome-extension:\/\/fpelahbljekknahkcaegamhcndkfpfnc\/iFrame.js\" type=\"text\/javascript\"><\/script><\/p>","protected":false},"featured_media":519,"comment_status":"closed","ping_status":"closed","template":"","meta":{"_acf_changed":false},"product_brand":[],"product_cat":[25,41],"product_tag":[],"class_list":{"0":"post-518","1":"product","2":"type-product","3":"status-publish","4":"has-post-thumbnail","6":"product_cat-stainless-steel","7":"product_cat-stainless-steel-coils","9":"first","10":"instock","11":"shipping-taxable","12":"product-type-simple"},"acf":[],"_links":{"self":[{"href":"https:\/\/www.wjlsteelsupplier.com\/pt\/wp-json\/wp\/v2\/product\/518","targetHints":{"allow":["GET"]}}],"collection":[{"href":"https:\/\/www.wjlsteelsupplier.com\/pt\/wp-json\/wp\/v2\/product"}],"about":[{"href":"https:\/\/www.wjlsteelsupplier.com\/pt\/wp-json\/wp\/v2\/types\/product"}],"replies":[{"embeddable":true,"href":"https:\/\/www.wjlsteelsupplier.com\/pt\/wp-json\/wp\/v2\/comments?post=518"}],"wp:featuredmedia":[{"embeddable":true,"href":"https:\/\/www.wjlsteelsupplier.com\/pt\/wp-json\/wp\/v2\/media\/519"}],"wp:attachment":[{"href":"https:\/\/www.wjlsteelsupplier.com\/pt\/wp-json\/wp\/v2\/media?parent=518"}],"wp:term":[{"taxonomy":"product_brand","embeddable":true,"href":"https:\/\/www.wjlsteelsupplier.com\/pt\/wp-json\/wp\/v2\/product_brand?post=518"},{"taxonomy":"product_cat","embeddable":true,"href":"https:\/\/www.wjlsteelsupplier.com\/pt\/wp-json\/wp\/v2\/product_cat?post=518"},{"taxonomy":"product_tag","embeddable":true,"href":"https:\/\/www.wjlsteelsupplier.com\/pt\/wp-json\/wp\/v2\/product_tag?post=518"}],"curies":[{"name":"wp","href":"https:\/\/api.w.org\/{rel}","templated":true}]}}