{"id":516,"date":"2025-09-13T09:28:13","date_gmt":"2025-09-13T09:28:13","guid":{"rendered":"https:\/\/www.wjlsteelsupplier.com\/?post_type=product&#038;p=516"},"modified":"2025-09-13T09:58:01","modified_gmt":"2025-09-13T09:58:01","slug":"hot-rolled-pickled-and-oiled-steel-strips","status":"publish","type":"product","link":"https:\/\/www.wjlsteelsupplier.com\/pt\/produto\/hot-rolled-pickled-and-oiled-steel-strips\/","title":{"rendered":"Tiras de a\u00e7o laminado a quente, decapado e oleado por atacado"},"content":{"rendered":"<h2 class=\"wp-block-heading\">Carater\u00edsticas das tiras de a\u00e7o laminadas a quente, em conserva e oleadas<\/h2>\n\n\n\n<ul class=\"wp-block-list\">\n<li><strong>Reduzir o risco de defeitos de superf\u00edcie:<\/strong> A tira de a\u00e7o HRPO pode proporcionar uma superf\u00edcie uniforme e consistente, sem defeitos ou pontos fracos. Isto reduz o risco de fissuras, bolhas ou revestimentos irregulares durante os processos de fabrico subsequentes.<\/li>\n\n\n\n<li><strong>Precis\u00e3o e coer\u00eancia dimensional:<\/strong> As toler\u00e2ncias de espessura, largura e comprimento das nossas bandas de a\u00e7o HRPO s\u00e3o muito rigorosas e esta consist\u00eancia \u00e9 crucial para os processos de produ\u00e7\u00e3o e montagem em grande escala.<\/li>\n\n\n\n<li><strong>Melhorar a efici\u00eancia do corte e da conforma\u00e7\u00e3o: <\/strong>A remo\u00e7\u00e3o das irregularidades da superf\u00edcie permite obter opera\u00e7\u00f5es de corte, estampagem e conforma\u00e7\u00e3o mais limpas, mais r\u00e1pidas e mais precisas, reduzindo assim o tempo de produ\u00e7\u00e3o e o desgaste das ferramentas.<\/li>\n\n\n\n<li><strong>Maior tempo de armazenamento e prote\u00e7\u00e3o contra a corros\u00e3o:<\/strong> O revestimento de \u00f3leo protetor aplicado ap\u00f3s a decapagem pode proteger a tira de a\u00e7o da humidade e de factores ambientais, reduzindo o risco de ferrugem ou de envelhecimento da superf\u00edcie durante o armazenamento e o transporte.<\/li>\n<\/ul>","protected":false},"excerpt":{"rendered":"<p>A tira de a\u00e7o laminada a quente, decapada e oleada tem uma superf\u00edcie lisa e limpa, excelente formabilidade, tamanho consistente e resist\u00eancia \u00e0 corros\u00e3o. Este produto \u00e9 a escolha ideal para a ind\u00fastria autom\u00f3vel, constru\u00e7\u00e3o, maquinaria, produ\u00e7\u00e3o de condutas e fabrico geral, fornecendo produtos rent\u00e1veis e fi\u00e1veis para v\u00e1rias aplica\u00e7\u00f5es industriais. Oferecemos fornecimento a granel. Por favor, contacte-nos.<\/p>\n<p>\n<script src=\"chrome-extension:\/\/fpelahbljekknahkcaegamhcndkfpfnc\/iFrame.js\" type=\"text\/javascript\"><\/script><\/p>","protected":false},"featured_media":517,"comment_status":"closed","ping_status":"closed","template":"","meta":{"_acf_changed":false},"product_brand":[],"product_cat":[26,38],"product_tag":[],"class_list":{"0":"post-516","1":"product","2":"type-product","3":"status-publish","4":"has-post-thumbnail","6":"product_cat-hot-rolled-pickled-and-oiled-steel","7":"product_cat-hot-rolled-pickled-and-oiled-steel-strips","9":"first","10":"instock","11":"shipping-taxable","12":"product-type-simple"},"acf":[],"_links":{"self":[{"href":"https:\/\/www.wjlsteelsupplier.com\/pt\/wp-json\/wp\/v2\/product\/516","targetHints":{"allow":["GET"]}}],"collection":[{"href":"https:\/\/www.wjlsteelsupplier.com\/pt\/wp-json\/wp\/v2\/product"}],"about":[{"href":"https:\/\/www.wjlsteelsupplier.com\/pt\/wp-json\/wp\/v2\/types\/product"}],"replies":[{"embeddable":true,"href":"https:\/\/www.wjlsteelsupplier.com\/pt\/wp-json\/wp\/v2\/comments?post=516"}],"wp:featuredmedia":[{"embeddable":true,"href":"https:\/\/www.wjlsteelsupplier.com\/pt\/wp-json\/wp\/v2\/media\/517"}],"wp:attachment":[{"href":"https:\/\/www.wjlsteelsupplier.com\/pt\/wp-json\/wp\/v2\/media?parent=516"}],"wp:term":[{"taxonomy":"product_brand","embeddable":true,"href":"https:\/\/www.wjlsteelsupplier.com\/pt\/wp-json\/wp\/v2\/product_brand?post=516"},{"taxonomy":"product_cat","embeddable":true,"href":"https:\/\/www.wjlsteelsupplier.com\/pt\/wp-json\/wp\/v2\/product_cat?post=516"},{"taxonomy":"product_tag","embeddable":true,"href":"https:\/\/www.wjlsteelsupplier.com\/pt\/wp-json\/wp\/v2\/product_tag?post=516"}],"curies":[{"name":"wp","href":"https:\/\/api.w.org\/{rel}","templated":true}]}}