{"id":514,"date":"2025-09-13T08:09:15","date_gmt":"2025-09-13T08:09:15","guid":{"rendered":"https:\/\/www.wjlsteelsupplier.com\/?post_type=product&#038;p=514"},"modified":"2025-09-13T09:14:53","modified_gmt":"2025-09-13T09:14:53","slug":"hot-rolled-pickled-and-oiled-steel-plates","status":"publish","type":"product","link":"https:\/\/www.wjlsteelsupplier.com\/pt\/produto\/hot-rolled-pickled-and-oiled-steel-plates\/","title":{"rendered":"Chapas de a\u00e7o laminadas a quente, decapadas e oleadas por atacado"},"content":{"rendered":"<h2 class=\"wp-block-heading\">Carater\u00edsticas das chapas de a\u00e7o laminadas a quente, em conserva e oleadas<\/h2>\n\n\n\n<ul class=\"wp-block-list\">\n<li><strong>Superf\u00edcie lisa e limpa:<\/strong> O tratamento do processo de decapagem torna a superf\u00edcie da chapa de a\u00e7o excecionalmente lisa e limpa, n\u00e3o s\u00f3 melhorando o aspeto, mas tamb\u00e9m garantindo uma excelente ader\u00eancia nos processos subsequentes de revestimento, pintura ou galvaniza\u00e7\u00e3o.<\/li>\n\n\n\n<li><strong>Pronto para um processamento secund\u00e1rio eficiente:<\/strong> As chapas de a\u00e7o revestidas com \u00e1cido laminado a quente s\u00e3o submetidas a um pr\u00e9-tratamento, pelo que \u00e9 necess\u00e1rio um trabalho de prepara\u00e7\u00e3o m\u00ednimo antes do processamento ou acabamento posterior. Este pr\u00e9-tratamento pode poupar tempo, m\u00e3o de obra e custos de produ\u00e7\u00e3o, uma vez que estas chapas de a\u00e7o podem ser imediatamente utilizadas para processos de corte, soldadura, pintura ou revestimento. A superf\u00edcie limpa, a camada protetora de \u00f3leo e o tamanho consistente garantem que os fabricantes podem integrar eficazmente estas chapas de a\u00e7o na linha de produ\u00e7\u00e3o,<\/li>\n\n\n\n<li><strong>Melhorar a resist\u00eancia \u00e0 corros\u00e3o a longo prazo: <\/strong>Ap\u00f3s a lavagem com \u00e1cido, \u00e9 aplicada uma fina pel\u00edcula de \u00f3leo \u00e0 chapa de a\u00e7o HRPO para formar uma pel\u00edcula protetora \u00e0 prova de humidade e resistente \u00e0 oxida\u00e7\u00e3o. Isto reduz significativamente o risco de oxida\u00e7\u00e3o das chapas de a\u00e7o durante o armazenamento, manuseamento ou transporte, assegurando que as chapas de a\u00e7o mant\u00eam a sua qualidade e aspeto a longo prazo.<\/li>\n\n\n\n<li><strong>Adequado para v\u00e1rias aplica\u00e7\u00f5es industriais: <\/strong>As chapas de a\u00e7o HRPO t\u00eam uma superf\u00edcie lisa, excelente formabilidade e precis\u00e3o dimensional, o que as torna adequadas para uma vasta gama de ind\u00fastrias.<\/li>\n<\/ul>","protected":false},"excerpt":{"rendered":"<p>A superf\u00edcie da chapa de a\u00e7o HRPO \u00e9 lisa e limpa, e coberta com uma pel\u00edcula protetora de \u00f3leo, prevenindo eficazmente a oxida\u00e7\u00e3o e a corros\u00e3o, garantindo uma boa ader\u00eancia durante a pintura, pulveriza\u00e7\u00e3o ou galvaniza\u00e7\u00e3o. Ap\u00f3s o pr\u00e9-processamento, pode ser diretamente cortada, soldada ou maquinada com precis\u00e3o, o que facilita a sua utiliza\u00e7\u00e3o. <br \/>Em compara\u00e7\u00e3o com as chapas de a\u00e7o laminadas a frio, as chapas de a\u00e7o HRPO s\u00e3o mais econ\u00f3micas, mantendo uma boa formabilidade, estabilidade dimensional e resist\u00eancia \u00e0 corros\u00e3o a longo prazo, o que as torna a escolha ideal para v\u00e1rias aplica\u00e7\u00f5es industriais.<\/p>\n<p>\n<script src=\"chrome-extension:\/\/fpelahbljekknahkcaegamhcndkfpfnc\/iFrame.js\" type=\"text\/javascript\"><\/script><\/p>","protected":false},"featured_media":515,"comment_status":"closed","ping_status":"closed","template":"","meta":{"_acf_changed":false},"product_brand":[],"product_cat":[26,37],"product_tag":[],"class_list":{"0":"post-514","1":"product","2":"type-product","3":"status-publish","4":"has-post-thumbnail","6":"product_cat-hot-rolled-pickled-and-oiled-steel","7":"product_cat-hot-rolled-pickled-and-oiled-steel-plates","9":"first","10":"instock","11":"shipping-taxable","12":"product-type-simple"},"acf":[],"_links":{"self":[{"href":"https:\/\/www.wjlsteelsupplier.com\/pt\/wp-json\/wp\/v2\/product\/514","targetHints":{"allow":["GET"]}}],"collection":[{"href":"https:\/\/www.wjlsteelsupplier.com\/pt\/wp-json\/wp\/v2\/product"}],"about":[{"href":"https:\/\/www.wjlsteelsupplier.com\/pt\/wp-json\/wp\/v2\/types\/product"}],"replies":[{"embeddable":true,"href":"https:\/\/www.wjlsteelsupplier.com\/pt\/wp-json\/wp\/v2\/comments?post=514"}],"wp:featuredmedia":[{"embeddable":true,"href":"https:\/\/www.wjlsteelsupplier.com\/pt\/wp-json\/wp\/v2\/media\/515"}],"wp:attachment":[{"href":"https:\/\/www.wjlsteelsupplier.com\/pt\/wp-json\/wp\/v2\/media?parent=514"}],"wp:term":[{"taxonomy":"product_brand","embeddable":true,"href":"https:\/\/www.wjlsteelsupplier.com\/pt\/wp-json\/wp\/v2\/product_brand?post=514"},{"taxonomy":"product_cat","embeddable":true,"href":"https:\/\/www.wjlsteelsupplier.com\/pt\/wp-json\/wp\/v2\/product_cat?post=514"},{"taxonomy":"product_tag","embeddable":true,"href":"https:\/\/www.wjlsteelsupplier.com\/pt\/wp-json\/wp\/v2\/product_tag?post=514"}],"curies":[{"name":"wp","href":"https:\/\/api.w.org\/{rel}","templated":true}]}}