{"id":511,"date":"2025-09-13T07:20:50","date_gmt":"2025-09-13T07:20:50","guid":{"rendered":"https:\/\/www.wjlsteelsupplier.com\/?post_type=product&#038;p=511"},"modified":"2025-09-13T08:08:58","modified_gmt":"2025-09-13T08:08:58","slug":"hot-rolled-pickled-and-oiled-steel-sheets","status":"publish","type":"product","link":"https:\/\/www.wjlsteelsupplier.com\/pt\/produto\/hot-rolled-pickled-and-oiled-steel-sheets\/","title":{"rendered":"Chapas de a\u00e7o laminadas a quente, em conserva e oleadas por atacado (chapas de a\u00e7o HPRO)"},"content":{"rendered":"<h2 class=\"wp-block-heading\">Carater\u00edsticas das chapas de a\u00e7o laminadas a quente, em conserva e oleadas<\/h2>\n\n\n\n<ul class=\"wp-block-list\">\n<li><strong>Superf\u00edcie da folha limpa e sem incrusta\u00e7\u00f5es: <\/strong>O processo de decapagem remove as incrusta\u00e7\u00f5es de \u00f3xido atrav\u00e9s de um banho de \u00e1cido, tornando a superf\u00edcie da chapa de a\u00e7o lisa e uniforme, e mais limpa do que as chapas de a\u00e7o laminadas a quente n\u00e3o tratadas. Isto assegura a ader\u00eancia da tinta, galvaniza\u00e7\u00e3o ou revestimento em p\u00f3 e minimiza ao m\u00e1ximo os defeitos de superf\u00edcie no produto acabado.<\/li>\n\n\n\n<li><strong>Excelente formabilidade para o fabrico de chapas: <\/strong>Em compara\u00e7\u00e3o com as chapas de a\u00e7o laminadas a quente n\u00e3o tratadas, as chapas de a\u00e7o HRPO s\u00e3o mais suscept\u00edveis de serem dobradas, estampadas, perfuradas ou estiradas, uma vez que a escala de \u00f3xido abrasivo na sua superf\u00edcie foi removida.<\/li>\n\n\n\n<li><strong>Espessura consistente e resist\u00eancia mec\u00e2nica:<\/strong> As chapas de a\u00e7o HRPO conservam a resist\u00eancia, a ductilidade e a tenacidade t\u00edpicas das chapas de a\u00e7o laminadas a quente, mantendo uma espessura uniforme em toda a chapa. Esta uniformidade garante um desempenho previs\u00edvel e os fabricantes podem utilizar com confian\u00e7a as chapas de a\u00e7o HRPO para componentes que t\u00eam de suportar tens\u00f5es mec\u00e2nicas.<\/li>\n\n\n\n<li><strong>Alternativa econ\u00f3mica \u00e0s chapas de a\u00e7o laminadas a frio: <\/strong>Embora as chapas de a\u00e7o laminadas a frio tenham uma superf\u00edcie mais lisa, s\u00e3o tamb\u00e9m mais caras. A chapa de a\u00e7o HRPO preenche a lacuna entre a chapa de a\u00e7o laminada a quente n\u00e3o tratada e a chapa de a\u00e7o laminada a frio, com uma superf\u00edcie mais limpa, melhor desempenho de processamento e pre\u00e7o mais econ\u00f3mico.<\/li>\n\n\n\n<li><strong>Experi\u00eancia de exporta\u00e7\u00e3o a n\u00edvel mundial: <\/strong>Como um fornecedor profissional de a\u00e7o, temos uma rica experi\u00eancia de exporta\u00e7\u00e3o global, compreendemos as normas internacionais e podemos fornecer a\u00e7o que cumpre a certifica\u00e7\u00e3o SGS, ISO ou ASTM.<\/li>\n<\/ul>","protected":false},"excerpt":{"rendered":"<p>A superf\u00edcie da chapa de a\u00e7o HRPO \u00e9 limpa e sem incrusta\u00e7\u00f5es de \u00f3xido, o que \u00e9 muito adequado para pintura, galvaniza\u00e7\u00e3o ou revestimento em p\u00f3, e tem excelente formabilidade. Pode ser utilizada para dobragem, estampagem ou estampagem profunda. T\u00eam uma espessura uniforme e uma resist\u00eancia mec\u00e2nica fi\u00e1vel, o que as torna uma alternativa econ\u00f3mica \u00e0s chapas de a\u00e7o laminadas a frio. As nossas chapas de a\u00e7o HRPO est\u00e3o em conformidade com as normas SGS, ISO, e ASTM e t\u00eam uma vasta experi\u00eancia de exporta\u00e7\u00e3o global. Bem-vindo construtores, fabricantes e comerciantes globais para nos contactar.<\/p>\n<p>\n<script src=\"chrome-extension:\/\/fpelahbljekknahkcaegamhcndkfpfnc\/iFrame.js\" type=\"text\/javascript\"><\/script><\/p>","protected":false},"featured_media":512,"comment_status":"closed","ping_status":"closed","template":"","meta":{"_acf_changed":false},"product_brand":[],"product_cat":[26,36],"product_tag":[],"class_list":{"0":"post-511","1":"product","2":"type-product","3":"status-publish","4":"has-post-thumbnail","6":"product_cat-hot-rolled-pickled-and-oiled-steel","7":"product_cat-hot-rolled-pickled-and-oiled-steel-sheets","9":"first","10":"instock","11":"shipping-taxable","12":"product-type-simple"},"acf":[],"_links":{"self":[{"href":"https:\/\/www.wjlsteelsupplier.com\/pt\/wp-json\/wp\/v2\/product\/511","targetHints":{"allow":["GET"]}}],"collection":[{"href":"https:\/\/www.wjlsteelsupplier.com\/pt\/wp-json\/wp\/v2\/product"}],"about":[{"href":"https:\/\/www.wjlsteelsupplier.com\/pt\/wp-json\/wp\/v2\/types\/product"}],"replies":[{"embeddable":true,"href":"https:\/\/www.wjlsteelsupplier.com\/pt\/wp-json\/wp\/v2\/comments?post=511"}],"wp:featuredmedia":[{"embeddable":true,"href":"https:\/\/www.wjlsteelsupplier.com\/pt\/wp-json\/wp\/v2\/media\/512"}],"wp:attachment":[{"href":"https:\/\/www.wjlsteelsupplier.com\/pt\/wp-json\/wp\/v2\/media?parent=511"}],"wp:term":[{"taxonomy":"product_brand","embeddable":true,"href":"https:\/\/www.wjlsteelsupplier.com\/pt\/wp-json\/wp\/v2\/product_brand?post=511"},{"taxonomy":"product_cat","embeddable":true,"href":"https:\/\/www.wjlsteelsupplier.com\/pt\/wp-json\/wp\/v2\/product_cat?post=511"},{"taxonomy":"product_tag","embeddable":true,"href":"https:\/\/www.wjlsteelsupplier.com\/pt\/wp-json\/wp\/v2\/product_tag?post=511"}],"curies":[{"name":"wp","href":"https:\/\/api.w.org\/{rel}","templated":true}]}}