{"id":508,"date":"2025-09-13T06:52:07","date_gmt":"2025-09-13T06:52:07","guid":{"rendered":"https:\/\/www.wjlsteelsupplier.com\/?post_type=product&#038;p=508"},"modified":"2025-09-13T07:20:05","modified_gmt":"2025-09-13T07:20:05","slug":"hot-rolled-pickled-and-oiled-steel-coils","status":"publish","type":"product","link":"https:\/\/www.wjlsteelsupplier.com\/pt\/produto\/hot-rolled-pickled-and-oiled-steel-coils\/","title":{"rendered":"Bobinas de a\u00e7o em conserva e oleadas laminadas a quente por atacado, fornecimento de a\u00e7o HRPO a granel"},"content":{"rendered":"<h2 class=\"wp-block-heading\">Carater\u00edsticas do a\u00e7o laminado a quente, decapado e oleado<\/h2>\n\n\n\n<ul class=\"wp-block-list\">\n<li><strong>Superf\u00edcie lisa e sem escamas:<\/strong> Durante o processo de laminagem a quente, forma-se uma camada rugosa de \u00f3xido na superf\u00edcie do a\u00e7o. O processo de decapagem remove as incrusta\u00e7\u00f5es de \u00f3xido atrav\u00e9s de um banho de \u00e1cido, tornando a superf\u00edcie do a\u00e7o lisa e limpa. O processo de revestimento de \u00f3leo subsequente formar\u00e1 uma fina camada de \u00f3leo protetor na superf\u00edcie do a\u00e7o para evitar a oxida\u00e7\u00e3o. Em compara\u00e7\u00e3o com o a\u00e7o laminado a quente n\u00e3o tratado, o processo de revestimento de \u00f3leo pode proporcionar melhores efeitos de superf\u00edcie, facilitando a pintura, o revestimento ou o processamento posterior.<\/li>\n\n\n\n<li><strong>Alternativa econ\u00f3mica ao a\u00e7o laminado a frio: <\/strong>A\u00e7o HRPO A superf\u00edcie \u00e9 mais limpa e mais f\u00e1cil de processar do que o a\u00e7o normal laminado a quente, mas o custo \u00e9 inferior ao do a\u00e7o laminado a frio. Quando s\u00e3o necess\u00e1rias superf\u00edcies de alta qualidade, mas n\u00e3o se quer gastar muito em custos de laminagem a frio, o HRPO \u00e9 a escolha ideal.<\/li>\n\n\n\n<li><strong>A multifuncionalidade do Processamento Secund\u00e1rio:<\/strong> A superf\u00edcie limpa e as propriedades mec\u00e2nicas est\u00e1veis fazem do a\u00e7o HRPO um excelente substrato para galvaniza\u00e7\u00e3o, pintura, revestimento em p\u00f3 ou processamento posterior.<\/li>\n\n\n\n<li><strong>Melhorar a soldabilidade: <\/strong>A remo\u00e7\u00e3o das impurezas da superf\u00edcie torna o a\u00e7o HRPO mais seguro e mais f\u00e1cil de soldar. H\u00e1 menos poluentes que interferem com a integridade da soldadura, permitindo juntas mais fortes e fi\u00e1veis e reduzindo a necessidade de pr\u00e9-limpeza.<\/li>\n\n\n\n<li><strong>Resist\u00eancia \u00e0 corros\u00e3o: <\/strong>O processo de revestimento a \u00f3leo forma uma fina camada protetora na superf\u00edcie do a\u00e7o, que actua para bloquear a humidade e os factores ambientais, evitando a ferrugem e a oxida\u00e7\u00e3o do a\u00e7o durante o armazenamento e o transporte. Isto \u00e9 particularmente ben\u00e9fico para projectos em que o a\u00e7o possa estar exposto ao ambiente exterior<\/li>\n\n\n\n<li><strong>Aplica\u00e7\u00f5es vers\u00e1teis: <\/strong>O a\u00e7o HRPO combina excelente processabilidade, qualidade de superf\u00edcie e resist\u00eancia \u00e0 corros\u00e3o, tornando-o uma escolha popular em v\u00e1rios sectores. \u00c9 amplamente utilizado nas ind\u00fastrias de fabrico mec\u00e2nico e de constru\u00e7\u00e3o.<\/li>\n<\/ul>","protected":false},"excerpt":{"rendered":"<p>O a\u00e7o HRPO foi submetido a um tratamento de decapagem \u00e1cida e de revestimento de \u00f3leo protetor, resultando numa superf\u00edcie lisa e isenta de oxig\u00e9nio, facilitando a pintura, a pulveriza\u00e7\u00e3o e o processamento. \u00c9 uma alternativa econ\u00f3mica e eficiente ao a\u00e7o laminado a frio, com excelente soldabilidade e resist\u00eancia \u00e0 corros\u00e3o, e adequado para galvaniza\u00e7\u00e3o ou revestimento a p\u00f3. O a\u00e7o HRPO tem uma vasta gama de aplica\u00e7\u00f5es e \u00e9 dur\u00e1vel, sendo amplamente utilizado no fabrico mec\u00e2nico, na constru\u00e7\u00e3o e noutros dom\u00ednios industriais.<\/p>\n<p>\n<script src=\"chrome-extension:\/\/fpelahbljekknahkcaegamhcndkfpfnc\/iFrame.js\" type=\"text\/javascript\"><\/script><\/p>","protected":false},"featured_media":510,"comment_status":"closed","ping_status":"closed","template":"","meta":{"_acf_changed":false},"product_brand":[],"product_cat":[26,35],"product_tag":[],"class_list":{"0":"post-508","1":"product","2":"type-product","3":"status-publish","4":"has-post-thumbnail","6":"product_cat-hot-rolled-pickled-and-oiled-steel","7":"product_cat-hot-rolled-pickled-and-oiled-steel-coils","9":"first","10":"instock","11":"shipping-taxable","12":"product-type-simple"},"acf":[],"_links":{"self":[{"href":"https:\/\/www.wjlsteelsupplier.com\/pt\/wp-json\/wp\/v2\/product\/508","targetHints":{"allow":["GET"]}}],"collection":[{"href":"https:\/\/www.wjlsteelsupplier.com\/pt\/wp-json\/wp\/v2\/product"}],"about":[{"href":"https:\/\/www.wjlsteelsupplier.com\/pt\/wp-json\/wp\/v2\/types\/product"}],"replies":[{"embeddable":true,"href":"https:\/\/www.wjlsteelsupplier.com\/pt\/wp-json\/wp\/v2\/comments?post=508"}],"wp:featuredmedia":[{"embeddable":true,"href":"https:\/\/www.wjlsteelsupplier.com\/pt\/wp-json\/wp\/v2\/media\/510"}],"wp:attachment":[{"href":"https:\/\/www.wjlsteelsupplier.com\/pt\/wp-json\/wp\/v2\/media?parent=508"}],"wp:term":[{"taxonomy":"product_brand","embeddable":true,"href":"https:\/\/www.wjlsteelsupplier.com\/pt\/wp-json\/wp\/v2\/product_brand?post=508"},{"taxonomy":"product_cat","embeddable":true,"href":"https:\/\/www.wjlsteelsupplier.com\/pt\/wp-json\/wp\/v2\/product_cat?post=508"},{"taxonomy":"product_tag","embeddable":true,"href":"https:\/\/www.wjlsteelsupplier.com\/pt\/wp-json\/wp\/v2\/product_tag?post=508"}],"curies":[{"name":"wp","href":"https:\/\/api.w.org\/{rel}","templated":true}]}}