{"id":505,"date":"2025-09-13T06:35:04","date_gmt":"2025-09-13T06:35:04","guid":{"rendered":"https:\/\/www.wjlsteelsupplier.com\/?post_type=product&#038;p=505"},"modified":"2025-09-20T01:28:38","modified_gmt":"2025-09-20T01:28:38","slug":"hot-rolled-steel-strips","status":"publish","type":"product","link":"https:\/\/www.wjlsteelsupplier.com\/pt\/produto\/hot-rolled-steel-strips\/","title":{"rendered":"Tiras de a\u00e7o laminadas a quente por atacado"},"content":{"rendered":"<h2 class=\"wp-block-heading\">Carater\u00edsticas das fitas de a\u00e7o laminadas a quente<\/h2>\n\n\n\n<ul class=\"wp-block-list\">\n<li><strong>Elevada resist\u00eancia e tenacidade:<\/strong> O a\u00e7o laminado a quente \u00e9 produzido a altas temperaturas, com uma estrutura interna fina e uma excelente for\u00e7a e resist\u00eancia ao impacto. Ap\u00f3s o corte em tiras, estas carater\u00edsticas s\u00e3o preservadas, permitindo que cada a\u00e7o resista \u00e0 flex\u00e3o, soldadura ou conforma\u00e7\u00e3o sem comprometer a sua integridade estrutural.<\/li>\n\n\n\n<li><strong>Corte eficiente e flexibilidade dimensional:<\/strong> Como fornecedor profissional, temos capacidade para cortar tiras de v\u00e1rias larguras de acordo com os requisitos espec\u00edficos do projeto. Os fabricantes e transformadores podem obter tamanhos de tiras personalizados para tubos ou materiais de constru\u00e7\u00e3o, reduzindo assim o desperd\u00edcio e melhorando a efici\u00eancia da produ\u00e7\u00e3o.<\/li>\n\n\n\n<li><strong>Amplos cen\u00e1rios de aplica\u00e7\u00e3o: <\/strong>As tiras de a\u00e7o laminado a quente s\u00e3o amplamente utilizadas na constru\u00e7\u00e3o e infraestrutura, produ\u00e7\u00e3o de tubagens, produ\u00e7\u00e3o de equipamento mec\u00e2nico e outras aplica\u00e7\u00f5es.<\/li>\n\n\n\n<li><strong>Forte capacidade de produ\u00e7\u00e3o: <\/strong>Dispomos de uma forte capacidade de produ\u00e7\u00e3o para garantir um fornecimento est\u00e1vel de chapas de a\u00e7o laminadas a quente. Os fornecedores s\u00e3o capazes de concluir rapidamente grandes quantidades de encomendas, garantindo que o progresso do projeto n\u00e3o \u00e9 atrasado.<\/li>\n<\/ul>","protected":false},"excerpt":{"rendered":"<p>As nossas tiras de a\u00e7o laminadas a quente s\u00e3o dur\u00e1veis, econ\u00f3micas e vers\u00e1teis, e podem ser cortadas com precis\u00e3o em larguras personalizadas com uma resist\u00eancia fi\u00e1vel. Estas tiras de a\u00e7o s\u00e3o altamente adequadas para soldar, formar ou revestir, assegurando uma opera\u00e7\u00e3o eficiente do seu projeto e minimizando o desperd\u00edcio de material na maior medida poss\u00edvel. Damos as boas-vindas aos comerciantes e fabricantes globais para nos contactarem.<\/p>\n<p><script src=\"chrome-extension:\/\/fpelahbljekknahkcaegamhcndkfpfnc\/iFrame.js\" type=\"text\/javascript\"><\/script><\/p>","protected":false},"featured_media":506,"comment_status":"closed","ping_status":"closed","template":"","meta":{"_acf_changed":false},"product_brand":[],"product_cat":[27,40],"product_tag":[],"class_list":{"0":"post-505","1":"product","2":"type-product","3":"status-publish","4":"has-post-thumbnail","6":"product_cat-hot-rolled-steel","7":"product_cat-hot-rolled-steel-strips","9":"first","10":"instock","11":"shipping-taxable","12":"product-type-simple"},"acf":[],"_links":{"self":[{"href":"https:\/\/www.wjlsteelsupplier.com\/pt\/wp-json\/wp\/v2\/product\/505","targetHints":{"allow":["GET"]}}],"collection":[{"href":"https:\/\/www.wjlsteelsupplier.com\/pt\/wp-json\/wp\/v2\/product"}],"about":[{"href":"https:\/\/www.wjlsteelsupplier.com\/pt\/wp-json\/wp\/v2\/types\/product"}],"replies":[{"embeddable":true,"href":"https:\/\/www.wjlsteelsupplier.com\/pt\/wp-json\/wp\/v2\/comments?post=505"}],"wp:featuredmedia":[{"embeddable":true,"href":"https:\/\/www.wjlsteelsupplier.com\/pt\/wp-json\/wp\/v2\/media\/506"}],"wp:attachment":[{"href":"https:\/\/www.wjlsteelsupplier.com\/pt\/wp-json\/wp\/v2\/media?parent=505"}],"wp:term":[{"taxonomy":"product_brand","embeddable":true,"href":"https:\/\/www.wjlsteelsupplier.com\/pt\/wp-json\/wp\/v2\/product_brand?post=505"},{"taxonomy":"product_cat","embeddable":true,"href":"https:\/\/www.wjlsteelsupplier.com\/pt\/wp-json\/wp\/v2\/product_cat?post=505"},{"taxonomy":"product_tag","embeddable":true,"href":"https:\/\/www.wjlsteelsupplier.com\/pt\/wp-json\/wp\/v2\/product_tag?post=505"}],"curies":[{"name":"wp","href":"https:\/\/api.w.org\/{rel}","templated":true}]}}