{"id":502,"date":"2025-09-13T06:11:39","date_gmt":"2025-09-13T06:11:39","guid":{"rendered":"https:\/\/www.wjlsteelsupplier.com\/?post_type=product&#038;p=502"},"modified":"2025-09-13T06:24:40","modified_gmt":"2025-09-13T06:24:40","slug":"hot-rolled-steel-sheets","status":"publish","type":"product","link":"https:\/\/www.wjlsteelsupplier.com\/pt\/produto\/hot-rolled-steel-sheets\/","title":{"rendered":"Chapas de a\u00e7o laminadas a quente por atacado, fornecimento de f\u00e1brica profissional"},"content":{"rendered":"<p> <\/p>\n\n\n\n<h2 class=\"wp-block-heading\">Carater\u00edsticas das chapas de a\u00e7o laminadas a quente<\/h2>\n\n\n\n<ul class=\"wp-block-list\">\n<li><strong>Elevada resist\u00eancia e durabilidade: <\/strong>O processo de laminagem a quente melhora a resist\u00eancia e a integridade estrutural das chapas de a\u00e7o, conferindo-lhes uma excelente resist\u00eancia \u00e0 flex\u00e3o, deforma\u00e7\u00e3o e fratura sob cargas pesadas.<\/li>\n\n\n\n<li><strong>Flex\u00edvel e male\u00e1vel: <\/strong>Embora as chapas de a\u00e7o laminadas a quente tenham uma elevada resist\u00eancia, continuam a ter uma boa ductilidade e podem ser facilmente dobradas, moldadas ou transformadas em v\u00e1rios componentes sem rachar.<\/li>\n\n\n\n<li><strong>Superf\u00edcie adequada para soldadura e fabrico: <\/strong>Embora a superf\u00edcie da chapa de a\u00e7o laminada a quente seja ligeiramente mais \u00e1spera do que a da chapa de a\u00e7o laminada a frio, esta textura \u00e9 muito adequada para soldadura, corte e processamento. As suas carater\u00edsticas de superf\u00edcie garantem uma forte ader\u00eancia quando ligadas a outros metais.<\/li>\n\n\n\n<li><strong>Excelente desempenho a altas temperaturas:<\/strong> As chapas de a\u00e7o laminadas a quente podem manter a sua forma, resist\u00eancia e propriedades mesmo em condi\u00e7\u00f5es de alta temperatura. Isto torna-as muito adequadas para aplica\u00e7\u00f5es que requerem resist\u00eancia a altas temperaturas, tais como caldeiras, fornos, estruturas de autom\u00f3veis e componentes de maquinaria pesada.<\/li>\n\n\n\n<li><strong>Pre\u00e7os competitivos e econ\u00f3micos: <\/strong>A nossa f\u00e1brica possui instala\u00e7\u00f5es de produ\u00e7\u00e3o em grande escala e processos de fabrico avan\u00e7ados, o que nos permite oferecer chapas de a\u00e7o laminadas a quente a pre\u00e7os altamente competitivos, ajudando a reduzir os custos globais de aquisi\u00e7\u00e3o para fabricantes e empresas de constru\u00e7\u00e3o.<\/li>\n\n\n\n<li><strong>Servi\u00e7os profissionais de personaliza\u00e7\u00e3o:<\/strong> Como fornecedor profissional chin\u00eas de a\u00e7o laminado a quente, fornecemos servi\u00e7os de personaliza\u00e7\u00e3o, incluindo corte \u00e0 medida, tratamento de superf\u00edcie e embalagem de bobinas. Isto ajuda os compradores a reduzir os custos de processamento adicionais e assegura que as chapas de a\u00e7o podem ser imediatamente utilizadas para produ\u00e7\u00e3o ou fabrico.<\/li>\n<\/ul>","protected":false},"excerpt":{"rendered":"<p>Chapas de a\u00e7o laminadas a quente de alta qualidade dos principais fabricantes chineses. Oferecemos v\u00e1rios tamanhos e espessuras. E fornecendo fornecimento fi\u00e1vel e entrega atempada, \u00e9 a escolha ideal para projectos de constru\u00e7\u00e3o, industriais e de fabrico. Bem-vindo comerciantes e fabricantes globais para nos contactar.<\/p>\n<p>\n<script src=\"chrome-extension:\/\/fpelahbljekknahkcaegamhcndkfpfnc\/iFrame.js\" type=\"text\/javascript\"><\/script><\/p>","protected":false},"featured_media":503,"comment_status":"closed","ping_status":"closed","template":"","meta":{"_acf_changed":false},"product_brand":[],"product_cat":[27,33],"product_tag":[],"class_list":{"0":"post-502","1":"product","2":"type-product","3":"status-publish","4":"has-post-thumbnail","6":"product_cat-hot-rolled-steel","7":"product_cat-hot-rolled-steel-sheets","9":"first","10":"instock","11":"shipping-taxable","12":"product-type-simple"},"acf":[],"_links":{"self":[{"href":"https:\/\/www.wjlsteelsupplier.com\/pt\/wp-json\/wp\/v2\/product\/502","targetHints":{"allow":["GET"]}}],"collection":[{"href":"https:\/\/www.wjlsteelsupplier.com\/pt\/wp-json\/wp\/v2\/product"}],"about":[{"href":"https:\/\/www.wjlsteelsupplier.com\/pt\/wp-json\/wp\/v2\/types\/product"}],"replies":[{"embeddable":true,"href":"https:\/\/www.wjlsteelsupplier.com\/pt\/wp-json\/wp\/v2\/comments?post=502"}],"wp:featuredmedia":[{"embeddable":true,"href":"https:\/\/www.wjlsteelsupplier.com\/pt\/wp-json\/wp\/v2\/media\/503"}],"wp:attachment":[{"href":"https:\/\/www.wjlsteelsupplier.com\/pt\/wp-json\/wp\/v2\/media?parent=502"}],"wp:term":[{"taxonomy":"product_brand","embeddable":true,"href":"https:\/\/www.wjlsteelsupplier.com\/pt\/wp-json\/wp\/v2\/product_brand?post=502"},{"taxonomy":"product_cat","embeddable":true,"href":"https:\/\/www.wjlsteelsupplier.com\/pt\/wp-json\/wp\/v2\/product_cat?post=502"},{"taxonomy":"product_tag","embeddable":true,"href":"https:\/\/www.wjlsteelsupplier.com\/pt\/wp-json\/wp\/v2\/product_tag?post=502"}],"curies":[{"name":"wp","href":"https:\/\/api.w.org\/{rel}","templated":true}]}}