{"id":499,"date":"2025-09-13T03:39:46","date_gmt":"2025-09-13T03:39:46","guid":{"rendered":"https:\/\/www.wjlsteelsupplier.com\/?post_type=product&#038;p=499"},"modified":"2025-09-13T04:19:48","modified_gmt":"2025-09-13T04:19:48","slug":"hot-rolled-steel-plates","status":"publish","type":"product","link":"https:\/\/www.wjlsteelsupplier.com\/pt\/produto\/hot-rolled-steel-plates\/","title":{"rendered":"Chapas de a\u00e7o laminadas a quente por atacado - Chapas dur\u00e1veis e de alta resist\u00eancia para aplica\u00e7\u00f5es industriais, de constru\u00e7\u00e3o e de fabrico"},"content":{"rendered":"<h2 class=\"wp-block-heading\">Carater\u00edsticas das chapas de a\u00e7o laminadas a quente<\/h2>\n\n\n\n<ul class=\"wp-block-list\">\n<li><strong>Excelente resist\u00eancia e durabilidade: <\/strong>As nossas chapas de a\u00e7o laminadas a quente s\u00e3o fabricadas utilizando uma tecnologia precisa de controlo de temperatura, com uma resist\u00eancia mec\u00e2nica e estabilidade estrutural excepcionais. T\u00eam uma resist\u00eancia extremamente forte \u00e0 flex\u00e3o, fissura\u00e7\u00e3o ou deforma\u00e7\u00e3o sob cargas pesadas, o que as torna muito adequadas para aplica\u00e7\u00f5es como a constru\u00e7\u00e3o, a ind\u00fastria e a maquinaria pesada, que s\u00e3o cruciais para a durabilidade e fiabilidade.<\/li>\n\n\n\n<li><strong>Multi-funcionalidade e ampla aplica\u00e7\u00e3o:<\/strong> O a\u00e7o laminado a quente combina resist\u00eancia, durabilidade e maleabilidade, o que o torna extremamente vers\u00e1til. Pode ser utilizado em quase todas as situa\u00e7\u00f5es em que n\u00e3o \u00e9 necess\u00e1ria uma precis\u00e3o dimensional.<\/li>\n\n\n\n<li><strong>Fornecimento a granel economicamente eficiente:<\/strong> O aprovisionamento a granel ajuda os fabricantes, transformadores e empresas de constru\u00e7\u00e3o a reduzir os custos dos materiais. Dispomos de exist\u00eancias suficientes para garantir que a produ\u00e7\u00e3o dos clientes n\u00e3o \u00e9 afetada.<\/li>\n\n\n\n<li><strong>Superf\u00edcie de alta qualidade: <\/strong>Apesar de utilizarmos a tecnologia de laminagem a quente, as nossas chapas de a\u00e7o mant\u00eam uma superf\u00edcie lisa e consistente com um m\u00ednimo de incrusta\u00e7\u00f5es de \u00f3xido. Este tratamento de superf\u00edcie de alta qualidade garante a sua excelente formabilidade e facilita o processamento posterior.<\/li>\n\n\n\n<li><strong>Entrega atempada:<\/strong> Estamos empenhados em fornecer um fornecimento est\u00e1vel e fi\u00e1vel de chapas de a\u00e7o laminadas a quente. As nossas capacidades avan\u00e7adas de produ\u00e7\u00e3o e log\u00edstica asseguram a entrega atempada, ajudam os clientes a manter opera\u00e7\u00f5es sem problemas, garantem a conclus\u00e3o atempada de projectos e evitam atrasos significativos.<\/li>\n<\/ul>","protected":false},"excerpt":{"rendered":"<p>Chapas de a\u00e7o laminadas a quente por grosso com excelente resist\u00eancia, durabilidade e versatilidade. Oferecemos v\u00e1rias espessuras e tamanhos que cumprem as normas de qualidade internacionais e s\u00e3o submetidos a rigorosos testes de desempenho mec\u00e2nico e fiabilidade. O nosso invent\u00e1rio pode proporcionar um fornecimento est\u00e1vel e oferecer solu\u00e7\u00f5es a granel rent\u00e1veis para empresas que procuram a\u00e7o de alta qualidade e fi\u00e1vel.<\/p>\n<p>\n<script src=\"chrome-extension:\/\/fpelahbljekknahkcaegamhcndkfpfnc\/iFrame.js\" type=\"text\/javascript\"><\/script><\/p>","protected":false},"featured_media":500,"comment_status":"closed","ping_status":"closed","template":"","meta":{"_acf_changed":false},"product_brand":[],"product_cat":[27,34],"product_tag":[],"class_list":{"0":"post-499","1":"product","2":"type-product","3":"status-publish","4":"has-post-thumbnail","6":"product_cat-hot-rolled-steel","7":"product_cat-hot-rolled-steel-plates","9":"first","10":"instock","11":"shipping-taxable","12":"product-type-simple"},"acf":[],"_links":{"self":[{"href":"https:\/\/www.wjlsteelsupplier.com\/pt\/wp-json\/wp\/v2\/product\/499","targetHints":{"allow":["GET"]}}],"collection":[{"href":"https:\/\/www.wjlsteelsupplier.com\/pt\/wp-json\/wp\/v2\/product"}],"about":[{"href":"https:\/\/www.wjlsteelsupplier.com\/pt\/wp-json\/wp\/v2\/types\/product"}],"replies":[{"embeddable":true,"href":"https:\/\/www.wjlsteelsupplier.com\/pt\/wp-json\/wp\/v2\/comments?post=499"}],"wp:featuredmedia":[{"embeddable":true,"href":"https:\/\/www.wjlsteelsupplier.com\/pt\/wp-json\/wp\/v2\/media\/500"}],"wp:attachment":[{"href":"https:\/\/www.wjlsteelsupplier.com\/pt\/wp-json\/wp\/v2\/media?parent=499"}],"wp:term":[{"taxonomy":"product_brand","embeddable":true,"href":"https:\/\/www.wjlsteelsupplier.com\/pt\/wp-json\/wp\/v2\/product_brand?post=499"},{"taxonomy":"product_cat","embeddable":true,"href":"https:\/\/www.wjlsteelsupplier.com\/pt\/wp-json\/wp\/v2\/product_cat?post=499"},{"taxonomy":"product_tag","embeddable":true,"href":"https:\/\/www.wjlsteelsupplier.com\/pt\/wp-json\/wp\/v2\/product_tag?post=499"}],"curies":[{"name":"wp","href":"https:\/\/api.w.org\/{rel}","templated":true}]}}