{"id":496,"date":"2025-09-13T02:35:22","date_gmt":"2025-09-13T02:35:22","guid":{"rendered":"https:\/\/www.wjlsteelsupplier.com\/?post_type=product&#038;p=496"},"modified":"2025-09-13T06:29:07","modified_gmt":"2025-09-13T06:29:07","slug":"hot-rolled-steel-coils","status":"publish","type":"product","link":"https:\/\/www.wjlsteelsupplier.com\/pt\/produto\/hot-rolled-steel-coils\/","title":{"rendered":"Bobinas de a\u00e7o laminadas a quente por atacado - F\u00e1brica profissional de bobinas de a\u00e7o laminadas a quente da China"},"content":{"rendered":"<h2 class=\"wp-block-heading\">Carater\u00edsticas das bobinas de a\u00e7o laminadas a quente<\/h2>\n\n\n\n<ul class=\"wp-block-list\">\n<li><strong>Efici\u00eancia econ\u00f3mica: <\/strong>Para projectos que n\u00e3o exijam toler\u00e2ncias rigorosas e um acabamento de superf\u00edcie liso, o processo de laminagem a quente \u00e9 uma op\u00e7\u00e3o mais rent\u00e1vel.<\/li>\n\n\n\n<li><strong>Invent\u00e1rio de grande capacidade:<\/strong> Atrav\u00e9s do fornecimento grossista de bobinas de a\u00e7o laminadas a quente, ajudamos as empresas a comprar grandes quantidades a pre\u00e7os altamente competitivos. Proporcionar uma cadeia de fornecimento est\u00e1vel \u00e9 uma escolha econ\u00f3mica para projectos industriais de grande escala.<\/li>\n\n\n\n<li><strong>Amplamente utilizado: <\/strong>As nossas bobinas de a\u00e7o laminadas a quente s\u00e3o vers\u00e1teis e adequadas para v\u00e1rias ind\u00fastrias e aplica\u00e7\u00f5es. Estas bobinas de a\u00e7o podem ser cortadas, dobradas, soldadas e moldadas.<\/li>\n\n\n\n<li><strong>Em conformidade com as normas do sector: <\/strong>As nossas bobinas de a\u00e7o laminadas a quente s\u00e3o fabricadas rigorosamente em conformidade com as normas de qualidade internacionais, tais como ASTM, EN e JIS. Cada bobina de a\u00e7o laminado a quente \u00e9 submetida a rigorosos testes de controlo de qualidade.<\/li>\n<\/ul>","protected":false},"excerpt":{"rendered":"<p>Bobinas de a\u00e7o laminadas a quente por grosso. Oferecemos pre\u00e7os competitivos e garantimos uma elevada qualidade. Adequado para empresas que procuram aquisi\u00e7\u00f5es a granel de a\u00e7o de alta resist\u00eancia e com boa rela\u00e7\u00e3o custo-benef\u00edcio.<\/p>\n<p>\n<script src=\"chrome-extension:\/\/fpelahbljekknahkcaegamhcndkfpfnc\/iFrame.js\" type=\"text\/javascript\"><\/script><\/p>","protected":false},"featured_media":497,"comment_status":"closed","ping_status":"closed","template":"","meta":{"_acf_changed":false},"product_brand":[],"product_cat":[27,32],"product_tag":[],"class_list":{"0":"post-496","1":"product","2":"type-product","3":"status-publish","4":"has-post-thumbnail","6":"product_cat-hot-rolled-steel","7":"product_cat-hot-rolled-steel-coils","9":"first","10":"instock","11":"shipping-taxable","12":"product-type-simple"},"acf":[],"_links":{"self":[{"href":"https:\/\/www.wjlsteelsupplier.com\/pt\/wp-json\/wp\/v2\/product\/496","targetHints":{"allow":["GET"]}}],"collection":[{"href":"https:\/\/www.wjlsteelsupplier.com\/pt\/wp-json\/wp\/v2\/product"}],"about":[{"href":"https:\/\/www.wjlsteelsupplier.com\/pt\/wp-json\/wp\/v2\/types\/product"}],"replies":[{"embeddable":true,"href":"https:\/\/www.wjlsteelsupplier.com\/pt\/wp-json\/wp\/v2\/comments?post=496"}],"wp:featuredmedia":[{"embeddable":true,"href":"https:\/\/www.wjlsteelsupplier.com\/pt\/wp-json\/wp\/v2\/media\/497"}],"wp:attachment":[{"href":"https:\/\/www.wjlsteelsupplier.com\/pt\/wp-json\/wp\/v2\/media?parent=496"}],"wp:term":[{"taxonomy":"product_brand","embeddable":true,"href":"https:\/\/www.wjlsteelsupplier.com\/pt\/wp-json\/wp\/v2\/product_brand?post=496"},{"taxonomy":"product_cat","embeddable":true,"href":"https:\/\/www.wjlsteelsupplier.com\/pt\/wp-json\/wp\/v2\/product_cat?post=496"},{"taxonomy":"product_tag","embeddable":true,"href":"https:\/\/www.wjlsteelsupplier.com\/pt\/wp-json\/wp\/v2\/product_tag?post=496"}],"curies":[{"name":"wp","href":"https:\/\/api.w.org\/{rel}","templated":true}]}}