{"id":493,"date":"2025-09-13T02:01:21","date_gmt":"2025-09-13T02:01:21","guid":{"rendered":"https:\/\/www.wjlsteelsupplier.com\/?post_type=product&#038;p=493"},"modified":"2025-09-13T06:28:53","modified_gmt":"2025-09-13T06:28:53","slug":"cold-rolled-steel-strips","status":"publish","type":"product","link":"https:\/\/www.wjlsteelsupplier.com\/pt\/produto\/cold-rolled-steel-strips\/","title":{"rendered":"Fita de a\u00e7o laminada a frio por atacado, largura e espessura personaliz\u00e1veis"},"content":{"rendered":"<h2 class=\"wp-block-heading\">Carater\u00edsticas da tira de a\u00e7o laminado a frio<\/h2>\n\n\n\n<ul class=\"wp-block-list\">\n<li><strong>A\u00e7o de alta qualidade: <\/strong>N\u00f3s fornecemos tiras de a\u00e7o laminadas a frio de alta qualidade com composi\u00e7\u00e3o consistente e desempenho uniforme. O nosso a\u00e7o \u00e9 submetido a um rigoroso controlo de qualidade para garantir uma excelente resist\u00eancia, dureza e acabamento de superf\u00edcie.<\/li>\n\n\n\n<li><strong>Aplica\u00e7\u00f5es multifuncionais em todos os sectores: <\/strong>As tiras de a\u00e7o laminadas a frio t\u00eam um excelente desempenho em termos de grau, apar\u00eancia e precis\u00e3o dimensional, tornando-as adequadas para v\u00e1rias utiliza\u00e7\u00f5es finais. As tiras de a\u00e7o laminado a frio s\u00e3o o material preferido para muitas ind\u00fastrias, incluindo autom\u00f3veis, constru\u00e7\u00e3o, electrodom\u00e9sticos, mobili\u00e1rio met\u00e1lico, caixas el\u00e9ctricas e ferramentas de precis\u00e3o.<\/li>\n\n\n\n<li><strong>Exatid\u00e3o dimensional rigorosa:<\/strong> Como fornecedor profissional de a\u00e7o laminado a frio, personaliz\u00e1mos a largura e a espessura das tiras de a\u00e7o laminado a frio e assegur\u00e1mos uma precis\u00e3o dimensional rigorosa. As dimens\u00f5es consistentes asseguram uma integra\u00e7\u00e3o suave em processos automatizados e sistemas de montagem.<\/li>\n\n\n\n<li><strong>Fornecimento fi\u00e1vel e entrega r\u00e1pida:<\/strong> Mantemos um invent\u00e1rio suficiente e processos de produ\u00e7\u00e3o simplificados para garantir a entrega atempada de grandes encomendas.<\/li>\n\n\n\n<li><strong>Fornecedor global de confian\u00e7a: <\/strong>Vendemos tiras de a\u00e7o laminadas a frio por grosso a clientes em todo o mundo, com um registo fi\u00e1vel de qualidade e consist\u00eancia. Seguimos as normas internacionais e fornecemos as certifica\u00e7\u00f5es necess\u00e1rias para apoiar a sua conformidade com os requisitos do mercado local.<\/li>\n<\/ul>","protected":false},"excerpt":{"rendered":"<p>As nossas tiras de a\u00e7o laminadas a frio por atacado s\u00e3o feitas de a\u00e7o de alta qualidade, com excelente resist\u00eancia, dureza e qualidade de superf\u00edcie. As tiras de a\u00e7o t\u00eam pequenas toler\u00e2ncias dimensionais, alta planicidade, superf\u00edcies lisas e sem defeitos, tornando-os uma escolha ideal para a ind\u00fastria de fabrica\u00e7\u00e3o. Como fornecedor direto da f\u00e1brica, oferecemos pre\u00e7os competitivos, fornecimento a granel fi\u00e1vel e entrega r\u00e1pida. Damos as boas-vindas aos comerciantes e fabricantes globais para nos contactar.<\/p>\n<p>\n<script src=\"chrome-extension:\/\/fpelahbljekknahkcaegamhcndkfpfnc\/iFrame.js\" type=\"text\/javascript\"><\/script><\/p>","protected":false},"featured_media":494,"comment_status":"closed","ping_status":"closed","template":"","meta":{"_acf_changed":false},"product_brand":[],"product_cat":[19,39],"product_tag":[],"class_list":{"0":"post-493","1":"product","2":"type-product","3":"status-publish","4":"has-post-thumbnail","6":"product_cat-cold-rolled-steel","7":"product_cat-cold-rolled-steel-strips","9":"first","10":"instock","11":"shipping-taxable","12":"product-type-simple"},"acf":[],"_links":{"self":[{"href":"https:\/\/www.wjlsteelsupplier.com\/pt\/wp-json\/wp\/v2\/product\/493","targetHints":{"allow":["GET"]}}],"collection":[{"href":"https:\/\/www.wjlsteelsupplier.com\/pt\/wp-json\/wp\/v2\/product"}],"about":[{"href":"https:\/\/www.wjlsteelsupplier.com\/pt\/wp-json\/wp\/v2\/types\/product"}],"replies":[{"embeddable":true,"href":"https:\/\/www.wjlsteelsupplier.com\/pt\/wp-json\/wp\/v2\/comments?post=493"}],"wp:featuredmedia":[{"embeddable":true,"href":"https:\/\/www.wjlsteelsupplier.com\/pt\/wp-json\/wp\/v2\/media\/494"}],"wp:attachment":[{"href":"https:\/\/www.wjlsteelsupplier.com\/pt\/wp-json\/wp\/v2\/media?parent=493"}],"wp:term":[{"taxonomy":"product_brand","embeddable":true,"href":"https:\/\/www.wjlsteelsupplier.com\/pt\/wp-json\/wp\/v2\/product_brand?post=493"},{"taxonomy":"product_cat","embeddable":true,"href":"https:\/\/www.wjlsteelsupplier.com\/pt\/wp-json\/wp\/v2\/product_cat?post=493"},{"taxonomy":"product_tag","embeddable":true,"href":"https:\/\/www.wjlsteelsupplier.com\/pt\/wp-json\/wp\/v2\/product_tag?post=493"}],"curies":[{"name":"wp","href":"https:\/\/api.w.org\/{rel}","templated":true}]}}