{"id":490,"date":"2025-09-10T08:58:14","date_gmt":"2025-09-10T08:58:14","guid":{"rendered":"https:\/\/www.wjlsteelsupplier.com\/?post_type=product&#038;p=490"},"modified":"2026-01-20T01:14:10","modified_gmt":"2026-01-20T01:14:10","slug":"cold-rolled-steel-coils","status":"publish","type":"product","link":"https:\/\/www.wjlsteelsupplier.com\/pt\/produto\/cold-rolled-steel-coils\/","title":{"rendered":"Bobina de a\u00e7o laminado a frio SPCC, SPCD, SPCE, DC01, DC03, DC06"},"content":{"rendered":"<h2 class=\"wp-block-heading\">Carater\u00edsticas da bobina de a\u00e7o laminado a frio<\/h2>\n\n\n<ul>\n<li><strong>Acabamento de superf\u00edcie liso: <\/strong>A bobina de a\u00e7o laminado a frio apresenta uma superf\u00edcie limpa, brilhante e lisa, tornando-a adequada para componentes vis\u00edveis e aplica\u00e7\u00f5es decorativas.<\/li>\n<li><strong>Excelente formabilidade: <\/strong>O a\u00e7o laminado a frio apresenta uma ductilidade excecional e pode ser dobrado, estampado ou repuxado para formar formas complexas.<\/li>\n<li><strong>Boa capacidade de pintura e propriedades de revestimento: <\/strong>O a\u00e7o laminado a frio aceita facilmente galvaniza\u00e7\u00e3o, pintura e outros tratamentos de superf\u00edcie, melhorando a resist\u00eancia \u00e0 corros\u00e3o e permitindo acabamentos personalizados para satisfazer as diversas exig\u00eancias do mercado.<\/li>\n<li><strong>V\u00e1rios graus de ensino: <\/strong>O fornecedor de a\u00e7o Weijun fornece uma variedade de classes padronizadas internacionalmente para o mercado global, incluindo SPCC, SPCD, SPCE, DC01, DC03, DC06 e muito mais.<\/li>\n<li><strong>Pre\u00e7os competitivos:<\/strong> A Weijunli fornece materiais de a\u00e7o laminados a frio fi\u00e1veis a clientes em todo o mundo; oferecemos pre\u00e7os competitivos e solu\u00e7\u00f5es rent\u00e1veis.<\/li>\n<\/ul>\n\n\n<h2 class=\"wp-block-heading\">Aplica\u00e7\u00f5es da bobina de a\u00e7o laminado a frio<\/h2>\n\n\n\n<div class=\"wp-block-columns is-layout-flex wp-container-core-columns-is-layout-9d6595d7 wp-block-columns-is-layout-flex\">\n<div class=\"wp-block-column is-layout-flow wp-block-column-is-layout-flow\"><div class=\"wp-block-image\">\n<figure class=\"aligncenter size-full\"><img decoding=\"async\" width=\"864\" height=\"1184\" src=\"https:\/\/www.wjlsteelsupplier.com\/wp-content\/uploads\/2025\/09\/door-handle.webp\" alt=\"\" class=\"wp-image-1498\" srcset=\"https:\/\/www.wjlsteelsupplier.com\/wp-content\/uploads\/2025\/09\/door-handle.webp 864w, https:\/\/www.wjlsteelsupplier.com\/wp-content\/uploads\/2025\/09\/door-handle-219x300.webp 219w, https:\/\/www.wjlsteelsupplier.com\/wp-content\/uploads\/2025\/09\/door-handle-768x1052.webp 768w, https:\/\/www.wjlsteelsupplier.com\/wp-content\/uploads\/2025\/09\/door-handle-9x12.webp 9w, https:\/\/www.wjlsteelsupplier.com\/wp-content\/uploads\/2025\/09\/door-handle-600x822.webp 600w\" sizes=\"(max-width: 864px) 100vw, 864px\" \/><figcaption class=\"wp-element-caption\">Ma\u00e7aneta da porta<\/figcaption><\/figure>\n<\/div><\/div>\n\n\n\n<div class=\"wp-block-column is-layout-flow wp-block-column-is-layout-flow\"><div class=\"wp-block-image\">\n<figure class=\"aligncenter size-full\"><img decoding=\"async\" width=\"864\" height=\"1184\" src=\"https:\/\/www.wjlsteelsupplier.com\/wp-content\/uploads\/2025\/09\/stationery-clip.webp\" alt=\"\" class=\"wp-image-1499\" srcset=\"https:\/\/www.wjlsteelsupplier.com\/wp-content\/uploads\/2025\/09\/stationery-clip.webp 864w, https:\/\/www.wjlsteelsupplier.com\/wp-content\/uploads\/2025\/09\/stationery-clip-219x300.webp 219w, https:\/\/www.wjlsteelsupplier.com\/wp-content\/uploads\/2025\/09\/stationery-clip-768x1052.webp 768w, https:\/\/www.wjlsteelsupplier.com\/wp-content\/uploads\/2025\/09\/stationery-clip-9x12.webp 9w, https:\/\/www.wjlsteelsupplier.com\/wp-content\/uploads\/2025\/09\/stationery-clip-600x822.webp 600w\" sizes=\"(max-width: 864px) 100vw, 864px\" \/><figcaption class=\"wp-element-caption\">Clipe para artigos de papelaria<\/figcaption><\/figure>\n<\/div><\/div>\n<\/div>\n\n\n\n<p>As aplica\u00e7\u00f5es t\u00edpicas das bobinas de a\u00e7o laminado a frio incluem puxadores de portas, acess\u00f3rios para m\u00f3veis, clipes para artigos de papelaria, suportes, dobradi\u00e7as e ferragens decorativas.<\/p>\n\n\n\n<p>Bobina de a\u00e7o laminado a frio por atacado para compradores especializados na produ\u00e7\u00e3o de pequenos componentes de a\u00e7o e produtos de hardware. Sabemos que, nestes produtos, a qualidade da superf\u00edcie, a precis\u00e3o dimensional e a consist\u00eancia do processamento s\u00e3o fundamentais. A nossa bobina de a\u00e7o laminado a frio tem um desempenho fi\u00e1vel, oferecendo um comportamento de conforma\u00e7\u00e3o previs\u00edvel, um elevado rendimento na produ\u00e7\u00e3o em massa e um aspeto consistente em todos os lotes - reduzindo o risco de qualidade e apoiando simultaneamente um fabrico eficiente e escal\u00e1vel. <\/p>","protected":false},"excerpt":{"rendered":"<p>Weijunli oferece bobinas de a\u00e7o laminado a frio de alta qualidade por atacado. As bobinas de a\u00e7o laminado a frio est\u00e3o dispon\u00edveis em graus de SPCC, SPCD, SPCE, DC01, DC03, e DC06. A bobina laminada a frio \u00e9 um tipo de a\u00e7o que \u00e9 laminado \u00e0 temperatura ambiente. Este processo resulta num acabamento mais suave, numa melhor precis\u00e3o dimensional e numa maior resist\u00eancia.<\/p>\n<p><script src=\"chrome-extension:\/\/fpelahbljekknahkcaegamhcndkfpfnc\/iFrame.js\" type=\"text\/javascript\"><\/script><\/p>","protected":false},"featured_media":1491,"comment_status":"closed","ping_status":"closed","template":"","meta":{"_acf_changed":false},"product_brand":[],"product_cat":[19,29],"product_tag":[],"class_list":{"0":"post-490","1":"product","2":"type-product","3":"status-publish","4":"has-post-thumbnail","6":"product_cat-cold-rolled-steel","7":"product_cat-cold-rolled-steel-coils","9":"first","10":"instock","11":"shipping-taxable","12":"product-type-simple"},"acf":[],"_links":{"self":[{"href":"https:\/\/www.wjlsteelsupplier.com\/pt\/wp-json\/wp\/v2\/product\/490","targetHints":{"allow":["GET"]}}],"collection":[{"href":"https:\/\/www.wjlsteelsupplier.com\/pt\/wp-json\/wp\/v2\/product"}],"about":[{"href":"https:\/\/www.wjlsteelsupplier.com\/pt\/wp-json\/wp\/v2\/types\/product"}],"replies":[{"embeddable":true,"href":"https:\/\/www.wjlsteelsupplier.com\/pt\/wp-json\/wp\/v2\/comments?post=490"}],"wp:featuredmedia":[{"embeddable":true,"href":"https:\/\/www.wjlsteelsupplier.com\/pt\/wp-json\/wp\/v2\/media\/1491"}],"wp:attachment":[{"href":"https:\/\/www.wjlsteelsupplier.com\/pt\/wp-json\/wp\/v2\/media?parent=490"}],"wp:term":[{"taxonomy":"product_brand","embeddable":true,"href":"https:\/\/www.wjlsteelsupplier.com\/pt\/wp-json\/wp\/v2\/product_brand?post=490"},{"taxonomy":"product_cat","embeddable":true,"href":"https:\/\/www.wjlsteelsupplier.com\/pt\/wp-json\/wp\/v2\/product_cat?post=490"},{"taxonomy":"product_tag","embeddable":true,"href":"https:\/\/www.wjlsteelsupplier.com\/pt\/wp-json\/wp\/v2\/product_tag?post=490"}],"curies":[{"name":"wp","href":"https:\/\/api.w.org\/{rel}","templated":true}]}}