{"id":455,"date":"2025-09-10T03:46:38","date_gmt":"2025-09-10T03:46:38","guid":{"rendered":"https:\/\/www.wjlsteelsupplier.com\/?post_type=product&#038;p=455"},"modified":"2025-09-13T01:48:08","modified_gmt":"2025-09-13T01:48:08","slug":"cold-rolled-steel-sheets","status":"publish","type":"product","link":"https:\/\/www.wjlsteelsupplier.com\/pt\/produto\/cold-rolled-steel-sheets\/","title":{"rendered":"Fornecimento de chapas de a\u00e7o laminadas a frio, grossista de confian\u00e7a e tamanhos personalizados"},"content":{"rendered":"<h2 class=\"wp-block-heading\">Carater\u00edsticas das chapas laminadas a frio<\/h2>\n\n\n\n<ul class=\"wp-block-list\">\n<li><strong>Toler\u00e2ncias dimensionais rigorosas: <\/strong>Fornecemos chapas de a\u00e7o laminadas a frio de alta precis\u00e3o com espessura uniforme e dimens\u00f5es precisas, reduzindo efetivamente o desperd\u00edcio de material e adequadas para ind\u00fastrias que exigem especifica\u00e7\u00f5es rigorosas.<\/li>\n\n\n\n<li><strong>Boa formabilidade e capacidade de fabrico: <\/strong>As chapas de a\u00e7o laminadas a frio t\u00eam uma maior resist\u00eancia, mas continuam a ser f\u00e1ceis de dobrar, moldar, perfurar e soldar. Os fabricantes podem obter produtos com formas complexas e elevada consist\u00eancia.<\/li>\n\n\n\n<li><strong>Amplamente aplic\u00e1vel: <\/strong>Devido \u00e0 sua elevada resist\u00eancia, superf\u00edcie lisa e tamanho preciso, a chapa laminada a frio \u00e9 amplamente utilizada em electrodom\u00e9sticos, mobili\u00e1rio e arm\u00e1rios, e materiais de constru\u00e7\u00e3o.<\/li>\n\n\n\n<li><strong>Pre\u00e7os competitivos:<\/strong> Com processos de produ\u00e7\u00e3o de a\u00e7o maduros e capacidades de produ\u00e7\u00e3o em grande escala, podemos oferecer pre\u00e7os mais competitivos do que outros pa\u00edses.<\/li>\n<\/ul>","protected":false},"excerpt":{"rendered":"<p>Venda por grosso de chapas de a\u00e7o laminadas a frio de alta qualidade, fornecendo um fornecimento fi\u00e1vel por grosso e op\u00e7\u00f5es de personaliza\u00e7\u00e3o flex\u00edveis. Oferecemos v\u00e1rios graus, espessuras e tratamentos de superf\u00edcie. Bem-vindo \u00e0 encomenda a granel.<\/p>\n<p>\n<script src=\"chrome-extension:\/\/fpelahbljekknahkcaegamhcndkfpfnc\/iFrame.js\" type=\"text\/javascript\"><\/script><\/p>","protected":false},"featured_media":473,"comment_status":"closed","ping_status":"closed","template":"","meta":{"_acf_changed":false},"product_brand":[],"product_cat":[19,30],"product_tag":[],"class_list":{"0":"post-455","1":"product","2":"type-product","3":"status-publish","4":"has-post-thumbnail","6":"product_cat-cold-rolled-steel","7":"product_cat-cold-rolled-steel-sheets","9":"first","10":"instock","11":"shipping-taxable","12":"product-type-simple"},"acf":[],"_links":{"self":[{"href":"https:\/\/www.wjlsteelsupplier.com\/pt\/wp-json\/wp\/v2\/product\/455","targetHints":{"allow":["GET"]}}],"collection":[{"href":"https:\/\/www.wjlsteelsupplier.com\/pt\/wp-json\/wp\/v2\/product"}],"about":[{"href":"https:\/\/www.wjlsteelsupplier.com\/pt\/wp-json\/wp\/v2\/types\/product"}],"replies":[{"embeddable":true,"href":"https:\/\/www.wjlsteelsupplier.com\/pt\/wp-json\/wp\/v2\/comments?post=455"}],"wp:featuredmedia":[{"embeddable":true,"href":"https:\/\/www.wjlsteelsupplier.com\/pt\/wp-json\/wp\/v2\/media\/473"}],"wp:attachment":[{"href":"https:\/\/www.wjlsteelsupplier.com\/pt\/wp-json\/wp\/v2\/media?parent=455"}],"wp:term":[{"taxonomy":"product_brand","embeddable":true,"href":"https:\/\/www.wjlsteelsupplier.com\/pt\/wp-json\/wp\/v2\/product_brand?post=455"},{"taxonomy":"product_cat","embeddable":true,"href":"https:\/\/www.wjlsteelsupplier.com\/pt\/wp-json\/wp\/v2\/product_cat?post=455"},{"taxonomy":"product_tag","embeddable":true,"href":"https:\/\/www.wjlsteelsupplier.com\/pt\/wp-json\/wp\/v2\/product_tag?post=455"}],"curies":[{"name":"wp","href":"https:\/\/api.w.org\/{rel}","templated":true}]}}