{"id":436,"date":"2025-09-10T01:53:28","date_gmt":"2025-09-10T01:53:28","guid":{"rendered":"https:\/\/www.wjlsteelsupplier.com\/?post_type=product&#038;p=436"},"modified":"2025-10-09T07:16:06","modified_gmt":"2025-10-09T07:16:06","slug":"cold-rolled-steel-plates","status":"publish","type":"product","link":"https:\/\/www.wjlsteelsupplier.com\/pt\/produto\/cold-rolled-steel-plates\/","title":{"rendered":"Chapas de a\u00e7o laminadas a frio - Fornecimento global e cota\u00e7\u00e3o direta da f\u00e1brica"},"content":{"rendered":"<h2 class=\"wp-block-heading\">Carater\u00edsticas das chapas de a\u00e7o laminadas a frio<\/h2>\n\n\n\n<ul class=\"wp-block-list\">\n<li><strong>Acabamento de superf\u00edcie superior: <\/strong>As chapas de a\u00e7o laminadas a frio s\u00e3o submetidas a um tratamento adicional para formar uma superf\u00edcie mais limpa, mais brilhante e mais uniforme, adequada para pain\u00e9is de carro\u00e7aria de autom\u00f3veis, electrodom\u00e9sticos e mobili\u00e1rio.<\/li>\n\n\n\n<li><strong>Excelente planicidade: <\/strong>As nossas chapas de a\u00e7o laminadas a frio s\u00e3o produzidas em condi\u00e7\u00f5es controladas, minimizando ao m\u00e1ximo as deforma\u00e7\u00f5es e assegurando uma superf\u00edcie lisa e est\u00e1vel da chapa de a\u00e7o.<\/li>\n\n\n\n<li><strong>Ampla aplica\u00e7\u00e3o: <\/strong>O a\u00e7o laminado a frio tem uma excelente suavidade de superf\u00edcie e propriedades mec\u00e2nicas, sendo adequado para utiliza\u00e7\u00e3o em electrodom\u00e9sticos, autom\u00f3veis, fabrico de ferragens, etc.<\/li>\n\n\n\n<li><strong>Fornecimento est\u00e1vel: <\/strong>Como um fornecedor profissional de a\u00e7o da China, podemos garantir um fornecimento cont\u00ednuo e entrega r\u00e1pida.<\/li>\n<\/ul>","protected":false},"excerpt":{"rendered":"<p>Oferecemos chapas de a\u00e7o laminadas a frio de alta qualidade por atacado numa variedade de tamanhos, espessuras, graus e acabamentos para satisfazer as diversas necessidades dos nossos clientes globais. As chapas de a\u00e7o laminadas a frio s\u00e3o amplamente utilizadas nas ind\u00fastrias de fabrico e constru\u00e7\u00e3o. Asseguramos uma cadeia de fornecimento est\u00e1vel e pre\u00e7os competitivos diretos da f\u00e1brica. Tamb\u00e9m apoiamos servi\u00e7os personalizados. Os comerciantes, construtores e fabricantes s\u00e3o bem-vindos a contactar-nos.<\/p>\n<p>\n<script src=\"chrome-extension:\/\/fpelahbljekknahkcaegamhcndkfpfnc\/iFrame.js\" type=\"text\/javascript\"><\/script><\/p>","protected":false},"featured_media":1220,"comment_status":"closed","ping_status":"closed","template":"","meta":{"_acf_changed":false},"product_brand":[],"product_cat":[19,31],"product_tag":[],"class_list":{"0":"post-436","1":"product","2":"type-product","3":"status-publish","4":"has-post-thumbnail","6":"product_cat-cold-rolled-steel","7":"product_cat-cold-rolled-steel-plates","9":"first","10":"instock","11":"shipping-taxable","12":"product-type-simple"},"acf":[],"_links":{"self":[{"href":"https:\/\/www.wjlsteelsupplier.com\/pt\/wp-json\/wp\/v2\/product\/436","targetHints":{"allow":["GET"]}}],"collection":[{"href":"https:\/\/www.wjlsteelsupplier.com\/pt\/wp-json\/wp\/v2\/product"}],"about":[{"href":"https:\/\/www.wjlsteelsupplier.com\/pt\/wp-json\/wp\/v2\/types\/product"}],"replies":[{"embeddable":true,"href":"https:\/\/www.wjlsteelsupplier.com\/pt\/wp-json\/wp\/v2\/comments?post=436"}],"wp:featuredmedia":[{"embeddable":true,"href":"https:\/\/www.wjlsteelsupplier.com\/pt\/wp-json\/wp\/v2\/media\/1220"}],"wp:attachment":[{"href":"https:\/\/www.wjlsteelsupplier.com\/pt\/wp-json\/wp\/v2\/media?parent=436"}],"wp:term":[{"taxonomy":"product_brand","embeddable":true,"href":"https:\/\/www.wjlsteelsupplier.com\/pt\/wp-json\/wp\/v2\/product_brand?post=436"},{"taxonomy":"product_cat","embeddable":true,"href":"https:\/\/www.wjlsteelsupplier.com\/pt\/wp-json\/wp\/v2\/product_cat?post=436"},{"taxonomy":"product_tag","embeddable":true,"href":"https:\/\/www.wjlsteelsupplier.com\/pt\/wp-json\/wp\/v2\/product_tag?post=436"}],"curies":[{"name":"wp","href":"https:\/\/api.w.org\/{rel}","templated":true}]}}