{"id":361,"date":"2025-09-13T11:13:33","date_gmt":"2025-09-13T11:13:33","guid":{"rendered":"https:\/\/www.wjlsteelsupplier.com\/?post_type=product&#038;p=361"},"modified":"2025-09-18T14:37:33","modified_gmt":"2025-09-18T14:37:33","slug":"stainless-steel-plates","status":"publish","type":"product","link":"https:\/\/www.wjlsteelsupplier.com\/pt\/produto\/stainless-steel-plates\/","title":{"rendered":"F\u00e1brica de chapas de a\u00e7o inoxid\u00e1vel por atacado - 210, 304, 316"},"content":{"rendered":"<h2 class=\"wp-block-heading\">Carater\u00edsticas das placas de a\u00e7o inoxid\u00e1vel<\/h2>\n\n\n\n<ul class=\"wp-block-list\">\n<li><strong>Excelente resist\u00eancia \u00e0 corros\u00e3o:<\/strong> As nossas chapas de a\u00e7o inoxid\u00e1vel, especialmente as chapas de a\u00e7o inoxid\u00e1vel de grau 304 e 316, podem resistir \u00e0 ferrugem, \u00e0 oxida\u00e7\u00e3o e \u00e0 corros\u00e3o qu\u00edmica em v\u00e1rios ambientes.<\/li>\n\n\n\n<li><strong>Duradouro: <\/strong>Estas placas de a\u00e7o inoxid\u00e1vel s\u00e3o feitas de materiais de alta qualidade para garantir uma excelente for\u00e7a e resist\u00eancia ao desgaste. Conseguem ainda manter a integridade sob cargas pesadas e condi\u00e7\u00f5es extremas.<\/li>\n\n\n\n<li><strong>Capacidades de processamento diversificadas: <\/strong>As chapas de a\u00e7o inoxid\u00e1vel podem ser facilmente cortadas, laminadas, estampadas, dobradas ou prensadas em v\u00e1rias formas, e esta versatilidade pode satisfazer as necessidades de v\u00e1rias ind\u00fastrias.<\/li>\n\n\n\n<li><strong>Higiene e baixo custo de manuten\u00e7\u00e3o: <\/strong>As nossas placas de a\u00e7o inoxid\u00e1vel t\u00eam uma superf\u00edcie lisa e sem poros, o que pode impedir eficazmente a adsor\u00e7\u00e3o de produtos qu\u00edmicos, bact\u00e9rias ou outros poluentes. Isto torna-as altamente adequadas para aplica\u00e7\u00f5es que exigem padr\u00f5es de higiene extremamente elevados, como o processamento de alimentos, equipamento m\u00e9dico e ambientes laboratoriais.<\/li>\n<\/ul>","protected":false},"excerpt":{"rendered":"<p>Placas de a\u00e7o inoxid\u00e1vel por atacado, dispon\u00edveis nos graus 210, 304 e 316, com excelente resist\u00eancia \u00e0 corros\u00e3o, alta resist\u00eancia e durabilidade. A sua superf\u00edcie \u00e9 lisa e uniforme, com uma variedade de op\u00e7\u00f5es de processamento, tornando-a uma escolha ideal para aplica\u00e7\u00f5es industriais, arquitect\u00f3nicas, decorativas e sanit\u00e1rias. Como um fornecedor de a\u00e7o inoxid\u00e1vel da China, n\u00f3s fornecemos suporte de fornecimento a granel e oferecemos pre\u00e7os competitivos.<\/p>\n<p><script src=\"chrome-extension:\/\/fpelahbljekknahkcaegamhcndkfpfnc\/iFrame.js\" type=\"text\/javascript\"><\/script><\/p>\n<p>\n<script src=\"chrome-extension:\/\/fpelahbljekknahkcaegamhcndkfpfnc\/iFrame.js\" type=\"text\/javascript\"><\/script><\/p>","protected":false},"featured_media":524,"comment_status":"closed","ping_status":"closed","template":"","meta":{"_acf_changed":false},"product_brand":[],"product_cat":[25,44],"product_tag":[],"class_list":{"0":"post-361","1":"product","2":"type-product","3":"status-publish","4":"has-post-thumbnail","6":"product_cat-stainless-steel","7":"product_cat-stainless-steel-plates","9":"first","10":"instock","11":"shipping-taxable","12":"product-type-simple"},"acf":[],"_links":{"self":[{"href":"https:\/\/www.wjlsteelsupplier.com\/pt\/wp-json\/wp\/v2\/product\/361","targetHints":{"allow":["GET"]}}],"collection":[{"href":"https:\/\/www.wjlsteelsupplier.com\/pt\/wp-json\/wp\/v2\/product"}],"about":[{"href":"https:\/\/www.wjlsteelsupplier.com\/pt\/wp-json\/wp\/v2\/types\/product"}],"replies":[{"embeddable":true,"href":"https:\/\/www.wjlsteelsupplier.com\/pt\/wp-json\/wp\/v2\/comments?post=361"}],"wp:featuredmedia":[{"embeddable":true,"href":"https:\/\/www.wjlsteelsupplier.com\/pt\/wp-json\/wp\/v2\/media\/524"}],"wp:attachment":[{"href":"https:\/\/www.wjlsteelsupplier.com\/pt\/wp-json\/wp\/v2\/media?parent=361"}],"wp:term":[{"taxonomy":"product_brand","embeddable":true,"href":"https:\/\/www.wjlsteelsupplier.com\/pt\/wp-json\/wp\/v2\/product_brand?post=361"},{"taxonomy":"product_cat","embeddable":true,"href":"https:\/\/www.wjlsteelsupplier.com\/pt\/wp-json\/wp\/v2\/product_cat?post=361"},{"taxonomy":"product_tag","embeddable":true,"href":"https:\/\/www.wjlsteelsupplier.com\/pt\/wp-json\/wp\/v2\/product_tag?post=361"}],"curies":[{"name":"wp","href":"https:\/\/api.w.org\/{rel}","templated":true}]}}