{"id":1494,"date":"2026-01-30T07:01:50","date_gmt":"2026-01-30T07:01:50","guid":{"rendered":"https:\/\/www.wjlsteelsupplier.com\/?post_type=product&#038;p=1494"},"modified":"2026-02-06T09:18:09","modified_gmt":"2026-02-06T09:18:09","slug":"wholesale-bright-finish-cold-rolled-steel-coil","status":"publish","type":"product","link":"https:\/\/www.wjlsteelsupplier.com\/pt\/produto\/wholesale-bright-finish-cold-rolled-steel-coil\/","title":{"rendered":"Bobina de a\u00e7o laminado a frio com acabamento brilhante por atacado (acabamento duplo brilhante) Fornecedor e transformador"},"content":{"rendered":"<h2 class=\"wp-block-heading\">Carater\u00edsticas da bobina de a\u00e7o laminado a frio com acabamento brilhante<\/h2>\n\n\n\n<ul class=\"wp-block-list\">\n<li><strong>Integridade de superf\u00edcie superior:<\/strong> Apresenta um acabamento brilhante de alto brilho, de dois lados (tipo BA\/espelho) com uma suavidade de superf\u00edcie excecional, proporcionando uma base est\u00e9tica de primeira qualidade para aplica\u00e7\u00f5es de topo de gama.<\/li>\n\n\n\n<li><strong>Consist\u00eancia dimensional de alta precis\u00e3o:<\/strong> Concebidas com toler\u00e2ncias l\u00edderes na ind\u00fastria e planicidade superior (controlo de unidades I), assegurando uma compatibilidade perfeita com maquinagem CNC automatizada de alta velocidade, estampagem de precis\u00e3o e corte a laser.<\/li>\n\n\n\n<li><strong>Formabilidade optimizada e equil\u00edbrio mec\u00e2nico:<\/strong> Proporciona uma estrutura de gr\u00e3o refinada que equilibra a resist\u00eancia \u00e0 tra\u00e7\u00e3o com um elevado alongamento, assegurando um desempenho est\u00e1vel durante ciclos complexos de dobragem, estiramento e estiramento profundo, sem casca de laranja na superf\u00edcie.<\/li>\n\n\n\n<li><strong>Compatibilidade de p\u00f3s-processamento melhorada:<\/strong> A qu\u00edmica da superf\u00edcie \u00e9 optimizada para uma ades\u00e3o superior em galvanoplastia (cr\u00f3mio\/n\u00edquel), revestimento PVD e revestimento em p\u00f3, minimizando os custos de pr\u00e9-polimento e garantindo um acabamento final impec\u00e1vel.<\/li>\n<\/ul>\n\n\n\n<h2 class=\"wp-block-heading\">Aplica\u00e7\u00e3o da bobina de a\u00e7o laminado a frio com acabamento brilhante<\/h2>\n\n\n\n<div class=\"wp-block-columns is-layout-flex wp-container-core-columns-is-layout-9d6595d7 wp-block-columns-is-layout-flex\">\n<div class=\"wp-block-column is-layout-flow wp-block-column-is-layout-flow\" style=\"flex-basis:66.66%\">\n<p><strong>Exteriores de electrodom\u00e9sticos<\/strong><\/p>\n\n\n\n<ul class=\"wp-block-list\">\n<li><strong>Frigor\u00edficos:<\/strong> Pain\u00e9is de porta e revestimentos laterais topo de gama que requerem uma textura elegante e met\u00e1lica.<\/li>\n\n\n\n<li><strong>M\u00e1quinas de lavar roupa:<\/strong> Molduras dos pain\u00e9is de controlo, guarni\u00e7\u00f5es decorativas e componentes do per\u00edmetro.<\/li>\n\n\n\n<li><strong>Eletr\u00f3nica de cozinha:<\/strong> Caixas externas para micro-ondas e fornos onde a resist\u00eancia ao calor deve ser combinada com um acabamento decorativo e f\u00e1cil de limpar.<\/li>\n<\/ul>\n<\/div>\n\n\n\n<div class=\"wp-block-column is-layout-flow wp-block-column-is-layout-flow\" style=\"flex-basis:33.33%\">\n<figure class=\"wp-block-image size-full\"><img decoding=\"async\" width=\"864\" height=\"1184\" src=\"https:\/\/www.wjlsteelsupplier.com\/wp-content\/uploads\/2025\/09\/stationery-clip.webp\" alt=\"\" class=\"wp-image-1499\" srcset=\"https:\/\/www.wjlsteelsupplier.com\/wp-content\/uploads\/2025\/09\/stationery-clip.webp 864w, https:\/\/www.wjlsteelsupplier.com\/wp-content\/uploads\/2025\/09\/stationery-clip-219x300.webp 219w, https:\/\/www.wjlsteelsupplier.com\/wp-content\/uploads\/2025\/09\/stationery-clip-768x1052.webp 768w, https:\/\/www.wjlsteelsupplier.com\/wp-content\/uploads\/2025\/09\/stationery-clip-9x12.webp 9w, https:\/\/www.wjlsteelsupplier.com\/wp-content\/uploads\/2025\/09\/stationery-clip-600x822.webp 600w\" sizes=\"(max-width: 864px) 100vw, 864px\" \/><\/figure>\n<\/div>\n<\/div>\n\n\n\n<div class=\"wp-block-columns is-layout-flex wp-container-core-columns-is-layout-9d6595d7 wp-block-columns-is-layout-flex\">\n<div class=\"wp-block-column is-layout-flow wp-block-column-is-layout-flow\" style=\"flex-basis:33.33%\">\n<figure class=\"wp-block-image size-full\"><img decoding=\"async\" width=\"864\" height=\"1184\" src=\"https:\/\/www.wjlsteelsupplier.com\/wp-content\/uploads\/2025\/09\/door-handle.webp\" alt=\"\" class=\"wp-image-1498\" srcset=\"https:\/\/www.wjlsteelsupplier.com\/wp-content\/uploads\/2025\/09\/door-handle.webp 864w, https:\/\/www.wjlsteelsupplier.com\/wp-content\/uploads\/2025\/09\/door-handle-219x300.webp 219w, https:\/\/www.wjlsteelsupplier.com\/wp-content\/uploads\/2025\/09\/door-handle-768x1052.webp 768w, https:\/\/www.wjlsteelsupplier.com\/wp-content\/uploads\/2025\/09\/door-handle-9x12.webp 9w, https:\/\/www.wjlsteelsupplier.com\/wp-content\/uploads\/2025\/09\/door-handle-600x822.webp 600w\" sizes=\"(max-width: 864px) 100vw, 864px\" \/><\/figure>\n<\/div>\n\n\n\n<div class=\"wp-block-column is-layout-flow wp-block-column-is-layout-flow\" style=\"flex-basis:66.66%\">\n<p><strong>Ferragens e decora\u00e7\u00e3o arquitet\u00f3nica<\/strong><\/p>\n\n\n\n<ul class=\"wp-block-list\">\n<li><strong>Ferragens para m\u00f3veis:<\/strong> Puxadores de qualidade superior, suportes estruturais e tiras decorativas embutidas.<\/li>\n\n\n\n<li><strong>Ind\u00fastria da ilumina\u00e7\u00e3o:<\/strong> Alojamentos das l\u00e2mpadas e reflectores de alta refletividade.<\/li>\n\n\n\n<li><strong>Componentes galvanizados:<\/strong> Qualquer hardware que necessite de um \u201cacabamento espelhado\u201d atrav\u00e9s de cromagem ou niquelagem; a baixa rugosidade da superf\u00edcie do material de base garante uma superf\u00edcie revestida de alta qualidade e sem defeitos.<\/li>\n<\/ul>\n<\/div>\n<\/div>\n\n\n\n<p><\/p>","protected":false},"excerpt":{"rendered":"<p>Bobina de a\u00e7o laminado a frio com acabamento brilhante por atacado (acabamento duplo brilhante) que apresenta superf\u00edcies lisas e brilhantes em ambos os lados.  \u00c9 concebido para pain\u00e9is de aparelhos e hardware decorativo que requerem excelente apar\u00eancia, precis\u00e3o dimensional e processabilidade de superf\u00edcie superior. Como um fornecedor de a\u00e7o inoxid\u00e1vel da China, n\u00f3s fornecemos suporte de fornecimento a granel e oferecemos pre\u00e7os competitivos.<\/p>\n<p><script src=\"chrome-extension:\/\/fpelahbljekknahkcaegamhcndkfpfnc\/iFrame.js\" type=\"text\/javascript\"><\/script><\/p>","protected":false},"featured_media":1506,"comment_status":"closed","ping_status":"closed","template":"","meta":{"_acf_changed":false},"product_brand":[],"product_cat":[19,66],"product_tag":[],"class_list":{"0":"post-1494","1":"product","2":"type-product","3":"status-publish","4":"has-post-thumbnail","6":"product_cat-cold-rolled-steel","7":"product_cat-bright-finish-cold-rolled-steel-coil","9":"first","10":"instock","11":"shipping-taxable","12":"product-type-simple"},"acf":[],"_links":{"self":[{"href":"https:\/\/www.wjlsteelsupplier.com\/pt\/wp-json\/wp\/v2\/product\/1494","targetHints":{"allow":["GET"]}}],"collection":[{"href":"https:\/\/www.wjlsteelsupplier.com\/pt\/wp-json\/wp\/v2\/product"}],"about":[{"href":"https:\/\/www.wjlsteelsupplier.com\/pt\/wp-json\/wp\/v2\/types\/product"}],"replies":[{"embeddable":true,"href":"https:\/\/www.wjlsteelsupplier.com\/pt\/wp-json\/wp\/v2\/comments?post=1494"}],"wp:featuredmedia":[{"embeddable":true,"href":"https:\/\/www.wjlsteelsupplier.com\/pt\/wp-json\/wp\/v2\/media\/1506"}],"wp:attachment":[{"href":"https:\/\/www.wjlsteelsupplier.com\/pt\/wp-json\/wp\/v2\/media?parent=1494"}],"wp:term":[{"taxonomy":"product_brand","embeddable":true,"href":"https:\/\/www.wjlsteelsupplier.com\/pt\/wp-json\/wp\/v2\/product_brand?post=1494"},{"taxonomy":"product_cat","embeddable":true,"href":"https:\/\/www.wjlsteelsupplier.com\/pt\/wp-json\/wp\/v2\/product_cat?post=1494"},{"taxonomy":"product_tag","embeddable":true,"href":"https:\/\/www.wjlsteelsupplier.com\/pt\/wp-json\/wp\/v2\/product_tag?post=1494"}],"curies":[{"name":"wp","href":"https:\/\/api.w.org\/{rel}","templated":true}]}}