{"id":579,"date":"2025-09-17T02:12:59","date_gmt":"2025-09-17T02:12:59","guid":{"rendered":"https:\/\/www.wjlsteelsupplier.com\/?post_type=product&#038;p=579"},"modified":"2025-09-17T02:22:17","modified_gmt":"2025-09-17T02:22:17","slug":"prepainted-steel-sheets","status":"publish","type":"product","link":"https:\/\/www.wjlsteelsupplier.com\/fr\/produit\/prepainted-steel-sheets\/","title":{"rendered":"T\u00f4les d'acier pr\u00e9peintes en gros - T\u00f4les d'acier color\u00e9es en direct de l'usine de Chine"},"content":{"rendered":"<h2 class=\"wp-block-heading\">Caract\u00e9ristiques des t\u00f4les d'acier pr\u00e9laqu\u00e9es<\/h2>\n\n\n\n<ul class=\"wp-block-list\">\n<li><strong>Protection durable de la surface : <\/strong>Nos t\u00f4les d'acier pr\u00e9laqu\u00e9es sont recouvertes d'une peinture de haute qualit\u00e9, qui pr\u00e9sente une excellente r\u00e9sistance \u00e0 la corrosion, \u00e0 la rouille, aux UV et \u00e0 l'humidit\u00e9.<\/li>\n\n\n\n<li><strong>Largement applicable : <\/strong>Ces t\u00f4les d'acier pr\u00e9par\u00e9es ont un large \u00e9ventail d'utilisations et conviennent \u00e0 divers usages, notamment les syst\u00e8mes de toiture, les rev\u00eatements muraux, les panneaux de meubles, les appareils \u00e9lectrom\u00e9nagers, la signalisation et d'autres utilisations industrielles ou dans le b\u00e2timent.<\/li>\n\n\n\n<li><strong>L'efficacit\u00e9 \u00e9conomique : <\/strong>Gr\u00e2ce aux ventes directes de l'usine et \u00e0 la fourniture en gros, les clients peuvent b\u00e9n\u00e9ficier de prix tr\u00e8s comp\u00e9titifs et nous garantissons la qualit\u00e9 des produits.<\/li>\n<\/ul>","protected":false},"excerpt":{"rendered":"<p><span data-slate-node=\"text\">T\u00f4les d'acier pr\u00e9peintes en gros de haute qualit\u00e9, adapt\u00e9es aux b\u00e2timents, toitures, panneaux muraux, appareils \u00e9lectrom\u00e9nagers et applications industrielles.<\/span><span data-slate-node=\"text\" data-slate-fragment=\"JTVCJTdCJTIydHlwZSUyMiUzQSUyMnBhcmFncmFwaCUyMiUyQyUyMmNoaWxkcmVuJTIyJTNBJTVCJTdCJTIyaWQlMjIlM0ElMjJlNmJBUlBsV2FlJTIyJTJDJTIycGFyYUlkeCUyMiUzQTAlMkMlMjJzcmMlMjIlM0ElMjJIaWdoLXF1YWxpdHklMjB3aG9sZXNhbGUlMjBwcmVwYWludGVkJTIwc3RlZWwlMjBzaGVldHMlMkMlMjBTdWl0YWJsZSUyMGZvciUyMGJ1aWxkaW5ncyUyQyUyMHJvb2ZzJTJDJTIwd2FsbCUyMHBhbmVscyUyQyUyMGhvbWUlMjBhcHBsaWFuY2VzJTJDJTIwYW5kJTIwaW5kdXN0cmlhbCUyMGFwcGxpY2F0aW9ucy4lMjIlMkMlMjJkc3QlMjIlM0ElMjIlRTklQUIlOTglRTUlOTMlODElRTglQjQlQTglRTYlODklQjklRTUlOEYlOTElRTklQTIlODQlRTYlQjYlODIlRTklOTIlQTIlRTYlOUQlQkYlRUYlQkMlOEMlRTklODAlODIlRTclOTQlQTglRTQlQkElOEUlRTUlQkIlQkElRTclQUQlOTElRTMlODAlODElRTUlQjElOEIlRTklQTElQjYlRTMlODAlODElRTUlQTIlOTklRTYlOUQlQkYlRTMlODAlODElRTUlQUUlQjYlRTclOTQlQTglRTclOTQlQjUlRTUlOTklQTglRTUlOTIlOEMlRTUlQjclQTUlRTQlQjglOUElRTUlQkElOTQlRTclOTQlQTglRTMlODAlODIlMjIlMkMlMjJtZXRhZGF0YSUyMiUzQSUyMiUyMiUyQyUyMm1hdGNoZXMlMjIlM0FudWxsJTJDJTIydHJhbnNsYXRlZEJ5JTIyJTNBbnVsbCUyQyUyMm1ldGFEYXRhJTIyJTNBJTVCJTVEJTJDJTIydGV4dCUyMiUzQSUyMkhpZ2gtcXVhbGl0eSUyMHdob2xlc2FsZSUyMHByZXBhaW50ZWQlMjBzdGVlbCUyMHNoZWV0cyUyQyUyMFN1aXRhYmxlJTIwZm9yJTIwYnVpbGRpbmdzJTJDJTIwcm9vZnMlMkMlMjB3YWxsJTIwcGFuZWxzJTJDJTIwaG9tZSUyMGFwcGxpYW5jZXMlMkMlMjBhbmQlMjBpbmR1c3RyaWFsJTIwYXBwbGljYXRpb25zLiUyMiU3RCUyQyU3QiUyMmlkJTIyJTNBJTIyVlJnbVlRS2xReiUyMiUyQyUyMnBhcmFJZHglMjIlM0EwJTJDJTIyc3JjJTIyJTNBJTIyJTIwRmFjdG9yeSUyMGRpcmVjdCUyMHNhbGVzJTIwZW5zdXJlJTIwZmF2b3JhYmxlJTIwcHJpY2VzJTIwYW5kJTIwc3RhYmxlJTIwcXVhbGl0eSUyMGZvciUyMGxhcmdlLXNjYWxlJTIwcHJvamVjdHMuJTIyJTJDJTIyZHN0JTIyJTNBJTIyJUU1JUI3JUE1JUU1JThFJTgyJUU3JTlCJUI0JUU5JTk0JTgwJUU3JUExJUFFJUU0JUJGJTlEJUU0JUJBJTg2JUU1JUE0JUE3JUU1JTlFJThCJUU5JUExJUI5JUU3JTlCJUFFJUU3JTlBJTg0JUU0JUJDJTk4JUU2JTgzJUEwJUU0JUJCJUI3JUU2JUEwJUJDJUU1JTkyJThDJUU3JUE4JUIzJUU1JUFFJTlBJUU4JUI0JUE4JUU5JTg3JThGJUUzJTgwJTgyJTIyJTJDJTIybWV0YWRhdGElMjIlM0ElMjIlMjIlMkMlMjJtYXRjaGVzJTIyJTNBbnVsbCUyQyUyMnRyYW5zbGF0ZWRCeSUyMiUzQW51bGwlMkMlMjJtZXRhRGF0YSUyMiUzQSU1QiU1RCUyQyUyMnRleHQlMjIlM0ElMjIlMjBGYWN0b3J5JTIwZGlyZWN0JTIwc2FsZXMlMjBlbnN1cmUlMjBmYXZvcmFibGUlMjBwcmljZXMlMjBhbmQlMjBzdGFibGUlMjBxdWFsaXR5JTIwZm9yJTIwbGFyZ2Utc2NhbGUlMjBwcm9qZWN0cy4lMjIlN0QlNUQlN0QlNUQ=\"><span class=\"\" data-slate-leaf=\"true\" data-sent-id=\"VRgmYQKlQz\" data-para-id=\"0\"> Les ventes directes \u00e0 l'usine garantissent des prix favorables et une qualit\u00e9 stable pour les projets \u00e0 grande \u00e9chelle. N'h\u00e9sitez pas \u00e0 nous contacter.<\/span><\/span><\/p>","protected":false},"featured_media":580,"comment_status":"closed","ping_status":"closed","template":"","meta":{"_acf_changed":false},"product_brand":[],"product_cat":[20,62],"product_tag":[],"class_list":{"0":"post-579","1":"product","2":"type-product","3":"status-publish","4":"has-post-thumbnail","6":"product_cat-prepainted-steel","7":"product_cat-prepainted-steel-sheets","9":"first","10":"instock","11":"shipping-taxable","12":"product-type-simple"},"acf":[],"_links":{"self":[{"href":"https:\/\/www.wjlsteelsupplier.com\/fr\/wp-json\/wp\/v2\/product\/579","targetHints":{"allow":["GET"]}}],"collection":[{"href":"https:\/\/www.wjlsteelsupplier.com\/fr\/wp-json\/wp\/v2\/product"}],"about":[{"href":"https:\/\/www.wjlsteelsupplier.com\/fr\/wp-json\/wp\/v2\/types\/product"}],"replies":[{"embeddable":true,"href":"https:\/\/www.wjlsteelsupplier.com\/fr\/wp-json\/wp\/v2\/comments?post=579"}],"wp:featuredmedia":[{"embeddable":true,"href":"https:\/\/www.wjlsteelsupplier.com\/fr\/wp-json\/wp\/v2\/media\/580"}],"wp:attachment":[{"href":"https:\/\/www.wjlsteelsupplier.com\/fr\/wp-json\/wp\/v2\/media?parent=579"}],"wp:term":[{"taxonomy":"product_brand","embeddable":true,"href":"https:\/\/www.wjlsteelsupplier.com\/fr\/wp-json\/wp\/v2\/product_brand?post=579"},{"taxonomy":"product_cat","embeddable":true,"href":"https:\/\/www.wjlsteelsupplier.com\/fr\/wp-json\/wp\/v2\/product_cat?post=579"},{"taxonomy":"product_tag","embeddable":true,"href":"https:\/\/www.wjlsteelsupplier.com\/fr\/wp-json\/wp\/v2\/product_tag?post=579"}],"curies":[{"name":"wp","href":"https:\/\/api.w.org\/{rel}","templated":true}]}}