{"id":576,"date":"2025-09-17T01:53:52","date_gmt":"2025-09-17T01:53:52","guid":{"rendered":"https:\/\/www.wjlsteelsupplier.com\/?post_type=product&#038;p=576"},"modified":"2025-09-17T02:08:45","modified_gmt":"2025-09-17T02:08:45","slug":"prepainted-steel-strips","status":"publish","type":"product","link":"https:\/\/www.wjlsteelsupplier.com\/fr\/produit\/prepainted-steel-strips\/","title":{"rendered":"Bandes d'acier pr\u00e9peint Factory Wholesale - Fournisseur professionnel d'acier pr\u00e9peint"},"content":{"rendered":"<h2 class=\"wp-block-heading\">Caract\u00e9ristiques des bandes d'acier pr\u00e9laqu\u00e9<\/h2>\n\n\n\n<ul class=\"wp-block-list\">\n<li><strong>Rev\u00eatement de haute qualit\u00e9 :<\/strong> Chaque bande d'acier est recouverte de plusieurs couches de peinture de haute qualit\u00e9, qui pr\u00e9sente une excellente r\u00e9sistance aux rayures, \u00e0 la d\u00e9coloration et \u00e0 l'usure environnementale, ce qui garantit que la bande d'acier conserve son int\u00e9grit\u00e9 structurelle et son esth\u00e9tique au cours d'une utilisation \u00e0 long terme.<\/li>\n\n\n\n<li><strong>Traitement de surface uniforme et lisse : <\/strong>Le processus de rev\u00eatement garantit une surface uniforme et offre des effets de surface visuellement attrayants, ce qui le rend id\u00e9al pour les applications expos\u00e9es dans l'architecture moderne, les panneaux d\u00e9coratifs, le mobilier et les appareils m\u00e9nagers.<\/li>\n\n\n\n<li><strong>Nombreuses possibilit\u00e9s de personnalisation :<\/strong> Nos bandes d'acier peuvent \u00eatre personnalis\u00e9es en fonction des exigences des clients, y compris de multiples choix de couleurs, de types de rev\u00eatement, d'\u00e9paisseurs et de textures de surface.<\/li>\n\n\n\n<li><strong>Approvisionnement fiable en gros : <\/strong>L'approvisionnement direct de l'usine garantit des prix tr\u00e8s comp\u00e9titifs, une qualit\u00e9 de produit stable et des d\u00e9lais de livraison stables pour les commandes en gros.<\/li>\n<\/ul>","protected":false},"excerpt":{"rendered":"<p>Les bandes d'acier pr\u00e9peintes en gros pr\u00e9sentent une excellente r\u00e9sistance \u00e0 la corrosion et une grande durabilit\u00e9. Nous offrons une vari\u00e9t\u00e9 de couleurs, d'\u00e9paisseurs et de traitements de surface pour r\u00e9pondre aux besoins personnalis\u00e9s des secteurs de l'industrie, de la construction, de l'\u00e9lectrom\u00e9nager et de l'ameublement. Nous invitons les fabricants et les fournisseurs \u00e0 nous contacter.<\/p>\n<p>\n<script src=\"chrome-extension:\/\/fpelahbljekknahkcaegamhcndkfpfnc\/iFrame.js\" type=\"text\/javascript\"><\/script><\/p>","protected":false},"featured_media":577,"comment_status":"closed","ping_status":"closed","template":"","meta":{"_acf_changed":false},"product_brand":[],"product_cat":[20,64],"product_tag":[],"class_list":{"0":"post-576","1":"product","2":"type-product","3":"status-publish","4":"has-post-thumbnail","6":"product_cat-prepainted-steel","7":"product_cat-prepainted-steel-strips","9":"first","10":"instock","11":"shipping-taxable","12":"product-type-simple"},"acf":[],"_links":{"self":[{"href":"https:\/\/www.wjlsteelsupplier.com\/fr\/wp-json\/wp\/v2\/product\/576","targetHints":{"allow":["GET"]}}],"collection":[{"href":"https:\/\/www.wjlsteelsupplier.com\/fr\/wp-json\/wp\/v2\/product"}],"about":[{"href":"https:\/\/www.wjlsteelsupplier.com\/fr\/wp-json\/wp\/v2\/types\/product"}],"replies":[{"embeddable":true,"href":"https:\/\/www.wjlsteelsupplier.com\/fr\/wp-json\/wp\/v2\/comments?post=576"}],"wp:featuredmedia":[{"embeddable":true,"href":"https:\/\/www.wjlsteelsupplier.com\/fr\/wp-json\/wp\/v2\/media\/577"}],"wp:attachment":[{"href":"https:\/\/www.wjlsteelsupplier.com\/fr\/wp-json\/wp\/v2\/media?parent=576"}],"wp:term":[{"taxonomy":"product_brand","embeddable":true,"href":"https:\/\/www.wjlsteelsupplier.com\/fr\/wp-json\/wp\/v2\/product_brand?post=576"},{"taxonomy":"product_cat","embeddable":true,"href":"https:\/\/www.wjlsteelsupplier.com\/fr\/wp-json\/wp\/v2\/product_cat?post=576"},{"taxonomy":"product_tag","embeddable":true,"href":"https:\/\/www.wjlsteelsupplier.com\/fr\/wp-json\/wp\/v2\/product_tag?post=576"}],"curies":[{"name":"wp","href":"https:\/\/api.w.org\/{rel}","templated":true}]}}