{"id":574,"date":"2025-09-17T01:32:09","date_gmt":"2025-09-17T01:32:09","guid":{"rendered":"https:\/\/www.wjlsteelsupplier.com\/?post_type=product&#038;p=574"},"modified":"2025-09-17T01:53:29","modified_gmt":"2025-09-17T01:53:29","slug":"prepainted-steel-plates","status":"publish","type":"product","link":"https:\/\/www.wjlsteelsupplier.com\/fr\/produit\/prepainted-steel-plates\/","title":{"rendered":"Plaques d'acier pr\u00e9laqu\u00e9 en gros - China Factory Bulk Supply"},"content":{"rendered":"<h2 class=\"wp-block-heading\">Caract\u00e9ristiques des t\u00f4les d'acier pr\u00e9laqu\u00e9<\/h2>\n\n\n\n<ul class=\"wp-block-list\">\n<li><strong>Excellente r\u00e9sistance \u00e0 la corrosion : <\/strong>Nos t\u00f4les d'acier pr\u00e9laqu\u00e9es sont recouvertes d'une peinture industrielle de haute qualit\u00e9, formant une barri\u00e8re protectrice contre la rouille, l'humidit\u00e9 et la corrosion chimique.<\/li>\n\n\n\n<li><strong>R\u00e9duire les co\u00fbts de traitement : <\/strong>Les plaques d'acier \u00e9tant pr\u00e9-rev\u00eatues de rev\u00eatements de pr\u00e9cision en usine, il n'est pas n\u00e9cessaire de les peindre ou de les finir sur place. Cela permet non seulement d'\u00e9conomiser de la main-d'\u0153uvre et de r\u00e9duire le temps de production, mais aussi de minimiser les co\u00fbts des mat\u00e9riaux dans toute la mesure du possible.<\/li>\n\n\n\n<li><strong>Durabilit\u00e9 accrue : <\/strong>Le syst\u00e8me de rev\u00eatement multicouche avanc\u00e9 offre une excellente adh\u00e9rence, une r\u00e9sistance aux rayures, ainsi qu'une r\u00e9sistance aux UV, aux produits chimiques et \u00e0 l'usure m\u00e9canique.<\/li>\n\n\n\n<li><strong>Avantage en termes de co\u00fbts de l'approvisionnement en gros : <\/strong>En achetant directement aupr\u00e8s des usines chinoises, les acheteurs peuvent b\u00e9n\u00e9ficier de prix de gros tr\u00e8s comp\u00e9titifs, d'une qualit\u00e9 de produit constante et d'options flexibles de personnalisation de la couleur, de la taille et de l'\u00e9paisseur.<\/li>\n<\/ul>","protected":false},"excerpt":{"rendered":"<p>Nos plaques d'acier pr\u00e9par\u00e9es en gros sont des plaques d'acier rev\u00eatues en usine de haute qualit\u00e9, con\u00e7ues pour offrir des performances durables et d'excellents effets visuels. Nous fournissons un approvisionnement fiable et des options personnalisables. Contactez-nous pour obtenir le meilleur devis.<\/p>\n<p>&nbsp;<\/p>\n<p>\n<script src=\"chrome-extension:\/\/fpelahbljekknahkcaegamhcndkfpfnc\/iFrame.js\" type=\"text\/javascript\"><\/script><\/p>","protected":false},"featured_media":575,"comment_status":"closed","ping_status":"closed","template":"","meta":{"_acf_changed":false},"product_brand":[],"product_cat":[20,63],"product_tag":[],"class_list":{"0":"post-574","1":"product","2":"type-product","3":"status-publish","4":"has-post-thumbnail","6":"product_cat-prepainted-steel","7":"product_cat-prepainted-steel-plates","9":"first","10":"instock","11":"shipping-taxable","12":"product-type-simple"},"acf":[],"_links":{"self":[{"href":"https:\/\/www.wjlsteelsupplier.com\/fr\/wp-json\/wp\/v2\/product\/574","targetHints":{"allow":["GET"]}}],"collection":[{"href":"https:\/\/www.wjlsteelsupplier.com\/fr\/wp-json\/wp\/v2\/product"}],"about":[{"href":"https:\/\/www.wjlsteelsupplier.com\/fr\/wp-json\/wp\/v2\/types\/product"}],"replies":[{"embeddable":true,"href":"https:\/\/www.wjlsteelsupplier.com\/fr\/wp-json\/wp\/v2\/comments?post=574"}],"wp:featuredmedia":[{"embeddable":true,"href":"https:\/\/www.wjlsteelsupplier.com\/fr\/wp-json\/wp\/v2\/media\/575"}],"wp:attachment":[{"href":"https:\/\/www.wjlsteelsupplier.com\/fr\/wp-json\/wp\/v2\/media?parent=574"}],"wp:term":[{"taxonomy":"product_brand","embeddable":true,"href":"https:\/\/www.wjlsteelsupplier.com\/fr\/wp-json\/wp\/v2\/product_brand?post=574"},{"taxonomy":"product_cat","embeddable":true,"href":"https:\/\/www.wjlsteelsupplier.com\/fr\/wp-json\/wp\/v2\/product_cat?post=574"},{"taxonomy":"product_tag","embeddable":true,"href":"https:\/\/www.wjlsteelsupplier.com\/fr\/wp-json\/wp\/v2\/product_tag?post=574"}],"curies":[{"name":"wp","href":"https:\/\/api.w.org\/{rel}","templated":true}]}}