{"id":571,"date":"2025-09-17T01:08:30","date_gmt":"2025-09-17T01:08:30","guid":{"rendered":"https:\/\/www.wjlsteelsupplier.com\/?post_type=product&#038;p=571"},"modified":"2025-09-17T01:31:27","modified_gmt":"2025-09-17T01:31:27","slug":"prepainted-steel-coils","status":"publish","type":"product","link":"https:\/\/www.wjlsteelsupplier.com\/fr\/produit\/prepainted-steel-coils\/","title":{"rendered":"Bobines d'acier pr\u00e9peint en gros - Convient \u00e0 diverses fins industrielles et de construction"},"content":{"rendered":"<h2 class=\"wp-block-heading\">Caract\u00e9ristiques des bobines d'acier pr\u00e9laqu\u00e9<\/h2>\n\n\n\n<ul class=\"wp-block-list\">\n<li><strong>Excellente r\u00e9sistance \u00e0 la corrosion : <\/strong>La bobine d'acier est recouverte d'une peinture de haute qualit\u00e9 et d'une couche protectrice, formant une barri\u00e8re solide qui r\u00e9siste efficacement \u00e0 l'humidit\u00e9, aux produits chimiques et \u00e0 l'\u00e9rosion environnementale.<\/li>\n\n\n\n<li><strong>Durabilit\u00e9 accrue :<\/strong> Les rev\u00eatements pr\u00e9-couch\u00e9s peuvent am\u00e9liorer la surface de l'acier, offrant une excellente r\u00e9sistance aux rayures, \u00e0 la d\u00e9coloration et \u00e0 l'usure. M\u00eame dans des environnements industriels ou ext\u00e9rieurs difficiles, ils peuvent prolonger la dur\u00e9e de vie de l'acier et maintenir des performances fiables.<\/li>\n\n\n\n<li><strong>Efficacit\u00e9 \u00e9conomique : <\/strong>L'acier \u00e9tant pr\u00e9laqu\u00e9 au cours du processus de fabrication, il n'est pas n\u00e9cessaire de proc\u00e9der \u00e0 une peinture ou \u00e0 un traitement de surface suppl\u00e9mentaire sur le site. Cela permet de r\u00e9duire au maximum les co\u00fbts de main-d'\u0153uvre et de raccourcir la dur\u00e9e du projet.<\/li>\n\n\n\n<li><strong>Largement applicable : <\/strong>Les bobines d'acier pr\u00e9peint constituent un choix id\u00e9al pour les toits, les murs, les plafonds, les appareils m\u00e9nagers, les meubles et divers projets industriels et de construction. Leur polyvalence en fait un choix fiable pour les grossistes et les utilisateurs finaux.<\/li>\n<\/ul>","protected":false},"excerpt":{"rendered":"<p>Bobines d'acier pr\u00e9peint en gros. Ces bobines d'acier sont abordables, faciles \u00e0 installer et respectueuses de l'environnement. Elles offrent des performances durables et une belle d\u00e9coration pour divers projets. Les fabricants et les constructeurs sont invit\u00e9s \u00e0 nous contacter.<\/p>","protected":false},"featured_media":572,"comment_status":"closed","ping_status":"closed","template":"","meta":{"_acf_changed":false},"product_brand":[],"product_cat":[20,61],"product_tag":[],"class_list":{"0":"post-571","1":"product","2":"type-product","3":"status-publish","4":"has-post-thumbnail","6":"product_cat-prepainted-steel","7":"product_cat-prepainted-steel-coils","9":"first","10":"instock","11":"shipping-taxable","12":"product-type-simple"},"acf":[],"_links":{"self":[{"href":"https:\/\/www.wjlsteelsupplier.com\/fr\/wp-json\/wp\/v2\/product\/571","targetHints":{"allow":["GET"]}}],"collection":[{"href":"https:\/\/www.wjlsteelsupplier.com\/fr\/wp-json\/wp\/v2\/product"}],"about":[{"href":"https:\/\/www.wjlsteelsupplier.com\/fr\/wp-json\/wp\/v2\/types\/product"}],"replies":[{"embeddable":true,"href":"https:\/\/www.wjlsteelsupplier.com\/fr\/wp-json\/wp\/v2\/comments?post=571"}],"wp:featuredmedia":[{"embeddable":true,"href":"https:\/\/www.wjlsteelsupplier.com\/fr\/wp-json\/wp\/v2\/media\/572"}],"wp:attachment":[{"href":"https:\/\/www.wjlsteelsupplier.com\/fr\/wp-json\/wp\/v2\/media?parent=571"}],"wp:term":[{"taxonomy":"product_brand","embeddable":true,"href":"https:\/\/www.wjlsteelsupplier.com\/fr\/wp-json\/wp\/v2\/product_brand?post=571"},{"taxonomy":"product_cat","embeddable":true,"href":"https:\/\/www.wjlsteelsupplier.com\/fr\/wp-json\/wp\/v2\/product_cat?post=571"},{"taxonomy":"product_tag","embeddable":true,"href":"https:\/\/www.wjlsteelsupplier.com\/fr\/wp-json\/wp\/v2\/product_tag?post=571"}],"curies":[{"name":"wp","href":"https:\/\/api.w.org\/{rel}","templated":true}]}}