{"id":569,"date":"2025-09-17T00:51:04","date_gmt":"2025-09-17T00:51:04","guid":{"rendered":"https:\/\/www.wjlsteelsupplier.com\/?post_type=product&#038;p=569"},"modified":"2025-09-17T01:07:56","modified_gmt":"2025-09-17T01:07:56","slug":"galvanized-steel-sheets","status":"publish","type":"product","link":"https:\/\/www.wjlsteelsupplier.com\/fr\/produit\/galvanized-steel-sheets\/","title":{"rendered":"T\u00f4les d'acier galvanis\u00e9 en gros directement de l'usine de Chine"},"content":{"rendered":"<h2 class=\"wp-block-heading\">Caract\u00e9ristiques des t\u00f4les d'acier galvanis\u00e9 <\/h2>\n\n\n\n<ul class=\"wp-block-list\">\n<li><strong>Excellente r\u00e9sistance \u00e0 la corrosion :<\/strong> Les t\u00f4les d'acier galvanis\u00e9 utilisent une technologie de galvanisation avanc\u00e9e, avec une couche uniforme de zinc de haute puret\u00e9 sur la surface. Ce rev\u00eatement forme une barri\u00e8re protectrice durable entre la surface de l'acier et les facteurs environnementaux tels que l'humidit\u00e9, l'oxyg\u00e8ne et les produits chimiques.<\/li>\n\n\n\n<li><strong>Contr\u00f4le strict de la qualit\u00e9 : <\/strong>Une usine chinoise r\u00e9put\u00e9e adopte des lignes de production avanc\u00e9es et met en \u0153uvre des inspections \u00e0 plusieurs niveaux pour garantir une qualit\u00e9 constante de chaque t\u00f4le. Ces t\u00f4les d'acier galvanis\u00e9 sont conformes aux normes internationales, notamment ASTM (\u00c9tats-Unis), JIS (Japon) ou EN (Europe).<\/li>\n\n\n\n<li><strong>Largement utilis\u00e9 : <\/strong>L'adaptabilit\u00e9 des t\u00f4les d'acier galvanis\u00e9 les rend polyvalentes. Elles sont largement utilis\u00e9es pour les toits et les murs ext\u00e9rieurs des b\u00e2timents r\u00e9sidentiels et commerciaux, ainsi que pour les barri\u00e8res de protection des projets d'infrastructure.<\/li>\n\n\n\n<li><strong>Approvisionnement fiable : <\/strong>En tant que fournisseur leader d'acier galvanis\u00e9, nous disposons d'une capacit\u00e9 de production stable et d'\u00e9quipements avanc\u00e9s pour r\u00e9pondre aux commandes de toutes tailles.<\/li>\n<\/ul>","protected":false},"excerpt":{"rendered":"<p>Nos plaques d'acier galvanis\u00e9 en gros pr\u00e9sentent une excellente r\u00e9sistance \u00e0 la corrosion, une solidit\u00e9 exceptionnelle et une durabilit\u00e9 \u00e0 long terme. Le produit provient d'une usine chinoise et r\u00e9pond aux normes de qualit\u00e9 internationales. Nous pouvons personnaliser les tailles, les rev\u00eatements et les traitements de surface selon vos sp\u00e9cifications. N'h\u00e9sitez pas \u00e0 nous contacter.<\/p>","protected":false},"featured_media":570,"comment_status":"closed","ping_status":"closed","template":"","meta":{"_acf_changed":false},"product_brand":[],"product_cat":[21,58],"product_tag":[],"class_list":{"0":"post-569","1":"product","2":"type-product","3":"status-publish","4":"has-post-thumbnail","6":"product_cat-galvanized-steel","7":"product_cat-galvanized-steel-sheets","9":"first","10":"instock","11":"shipping-taxable","12":"product-type-simple"},"acf":[],"_links":{"self":[{"href":"https:\/\/www.wjlsteelsupplier.com\/fr\/wp-json\/wp\/v2\/product\/569","targetHints":{"allow":["GET"]}}],"collection":[{"href":"https:\/\/www.wjlsteelsupplier.com\/fr\/wp-json\/wp\/v2\/product"}],"about":[{"href":"https:\/\/www.wjlsteelsupplier.com\/fr\/wp-json\/wp\/v2\/types\/product"}],"replies":[{"embeddable":true,"href":"https:\/\/www.wjlsteelsupplier.com\/fr\/wp-json\/wp\/v2\/comments?post=569"}],"wp:featuredmedia":[{"embeddable":true,"href":"https:\/\/www.wjlsteelsupplier.com\/fr\/wp-json\/wp\/v2\/media\/570"}],"wp:attachment":[{"href":"https:\/\/www.wjlsteelsupplier.com\/fr\/wp-json\/wp\/v2\/media?parent=569"}],"wp:term":[{"taxonomy":"product_brand","embeddable":true,"href":"https:\/\/www.wjlsteelsupplier.com\/fr\/wp-json\/wp\/v2\/product_brand?post=569"},{"taxonomy":"product_cat","embeddable":true,"href":"https:\/\/www.wjlsteelsupplier.com\/fr\/wp-json\/wp\/v2\/product_cat?post=569"},{"taxonomy":"product_tag","embeddable":true,"href":"https:\/\/www.wjlsteelsupplier.com\/fr\/wp-json\/wp\/v2\/product_tag?post=569"}],"curies":[{"name":"wp","href":"https:\/\/api.w.org\/{rel}","templated":true}]}}