{"id":567,"date":"2025-09-16T11:36:13","date_gmt":"2025-09-16T11:36:13","guid":{"rendered":"https:\/\/www.wjlsteelsupplier.com\/?post_type=product&#038;p=567"},"modified":"2025-09-16T11:47:02","modified_gmt":"2025-09-16T11:47:02","slug":"galvanized-steel-plates","status":"publish","type":"product","link":"https:\/\/www.wjlsteelsupplier.com\/fr\/produit\/galvanized-steel-plates\/","title":{"rendered":"Plaques d'acier galvanis\u00e9 en gros - Approvisionnement direct de l'usine chinoise de confiance"},"content":{"rendered":"<h2 class=\"wp-block-heading\">Caract\u00e9ristiques des t\u00f4les d'acier galvanis\u00e9<\/h2>\n\n\n\n<ul class=\"wp-block-list\">\n<li><strong>R\u00e9sistance exceptionnelle \u00e0 la corrosion :<\/strong> Ce processus de galvanisation peut \u00e9galement pr\u00e9venir efficacement la rouille. Cette protection \u00e0 long terme garantit que votre structure ou votre machine conserve son int\u00e9grit\u00e9 et son apparence pendant de nombreuses ann\u00e9es.<\/li>\n\n\n\n<li><strong>Durable : <\/strong>Les t\u00f4les d'acier galvanis\u00e9 peuvent r\u00e9sister \u00e0 des conditions physiques et environnementales difficiles, ce qui en fait un mat\u00e9riau fiable pour les projets \u00e0 long terme.<\/li>\n\n\n\n<li><strong>Personnalisable : <\/strong>Nos plaques d'acier galvanis\u00e9 sont disponibles en diff\u00e9rentes \u00e9paisseurs, largeurs et longueurs, ce qui leur conf\u00e8re une flexibilit\u00e9 in\u00e9gal\u00e9e pour diff\u00e9rents projets.<\/li>\n\n\n\n<li><strong>Approvisionnement direct fiable de l'usine chinoise :<\/strong> Acheter directement aupr\u00e8s de fabricants chinois de confiance pour b\u00e9n\u00e9ficier d'une capacit\u00e9 de production \u00e0 grande \u00e9chelle et de prix comp\u00e9titifs.<\/li>\n<\/ul>","protected":false},"excerpt":{"rendered":"<p>Nos plaques d'acier galvanis\u00e9 sont rev\u00eatues de zinc de haute qualit\u00e9 et pr\u00e9sentent une excellente r\u00e9sistance \u00e0 la corrosion, ce qui en fait un choix id\u00e9al pour diverses applications de fabrication. L'approvisionnement en gros provient directement d'usines chinoises de confiance, offrant des prix tr\u00e8s comp\u00e9titifs et des livraisons en vrac fiables. N'h\u00e9sitez pas \u00e0 nous contacter.<\/p>\n<p>\n<script src=\"chrome-extension:\/\/fpelahbljekknahkcaegamhcndkfpfnc\/iFrame.js\" type=\"text\/javascript\"><\/script><\/p>","protected":false},"featured_media":524,"comment_status":"closed","ping_status":"closed","template":"","meta":{"_acf_changed":false},"product_brand":[],"product_cat":[21,60],"product_tag":[],"class_list":{"0":"post-567","1":"product","2":"type-product","3":"status-publish","4":"has-post-thumbnail","6":"product_cat-galvanized-steel","7":"product_cat-galvanized-steel-plates","9":"first","10":"instock","11":"shipping-taxable","12":"product-type-simple"},"acf":[],"_links":{"self":[{"href":"https:\/\/www.wjlsteelsupplier.com\/fr\/wp-json\/wp\/v2\/product\/567","targetHints":{"allow":["GET"]}}],"collection":[{"href":"https:\/\/www.wjlsteelsupplier.com\/fr\/wp-json\/wp\/v2\/product"}],"about":[{"href":"https:\/\/www.wjlsteelsupplier.com\/fr\/wp-json\/wp\/v2\/types\/product"}],"replies":[{"embeddable":true,"href":"https:\/\/www.wjlsteelsupplier.com\/fr\/wp-json\/wp\/v2\/comments?post=567"}],"wp:featuredmedia":[{"embeddable":true,"href":"https:\/\/www.wjlsteelsupplier.com\/fr\/wp-json\/wp\/v2\/media\/524"}],"wp:attachment":[{"href":"https:\/\/www.wjlsteelsupplier.com\/fr\/wp-json\/wp\/v2\/media?parent=567"}],"wp:term":[{"taxonomy":"product_brand","embeddable":true,"href":"https:\/\/www.wjlsteelsupplier.com\/fr\/wp-json\/wp\/v2\/product_brand?post=567"},{"taxonomy":"product_cat","embeddable":true,"href":"https:\/\/www.wjlsteelsupplier.com\/fr\/wp-json\/wp\/v2\/product_cat?post=567"},{"taxonomy":"product_tag","embeddable":true,"href":"https:\/\/www.wjlsteelsupplier.com\/fr\/wp-json\/wp\/v2\/product_tag?post=567"}],"curies":[{"name":"wp","href":"https:\/\/api.w.org\/{rel}","templated":true}]}}