{"id":565,"date":"2025-09-16T10:48:15","date_gmt":"2025-09-16T10:48:15","guid":{"rendered":"https:\/\/www.wjlsteelsupplier.com\/?post_type=product&#038;p=565"},"modified":"2025-09-16T11:35:05","modified_gmt":"2025-09-16T11:35:05","slug":"galvanized-steel-strips","status":"publish","type":"product","link":"https:\/\/www.wjlsteelsupplier.com\/fr\/produit\/galvanized-steel-strips\/","title":{"rendered":"Bandes d'acier galvanis\u00e9 en gros - Fournisseur d'acier galvanis\u00e9"},"content":{"rendered":"<h2 class=\"wp-block-heading\">Caract\u00e9ristiques des plaques en acier inoxydable<\/h2>\n\n\n\n<ul class=\"wp-block-list\">\n<li><strong>Excellente r\u00e9sistance \u00e0 la corrosion :<\/strong> Les bandes d'acier galvanis\u00e9 sont recouvertes d'une couche protectrice de zinc en surface, qui forme une barri\u00e8re contre l'humidit\u00e9 et l'oxyg\u00e8ne. M\u00eame dans des environnements difficiles, il peut pr\u00e9venir efficacement la rouille et constitue un choix id\u00e9al pour les b\u00e2timents ext\u00e9rieurs, les toits, les composants automobiles et les applications industrielles.<\/li>\n\n\n\n<li><strong>Longue dur\u00e9e de vie : <\/strong>La couche galvanis\u00e9e emp\u00eache non seulement la corrosion de l'acier, mais renforce \u00e9galement sa r\u00e9sistance et son \u00e9lasticit\u00e9. Cela garantit la durabilit\u00e9 de l'acier, r\u00e9duit la n\u00e9cessit\u00e9 d'un remplacement fr\u00e9quent et permet aux acheteurs et aux utilisateurs finaux d'\u00e9conomiser sur les co\u00fbts d'entretien.<\/li>\n\n\n\n<li><strong>Excellent rapport co\u00fbt-efficacit\u00e9 :<\/strong> Compar\u00e9 \u00e0 l'acier non galvanis\u00e9 ou \u00e0 des alliages anticorrosion co\u00fbteux, l'acier galvanis\u00e9 a une dur\u00e9e de vie plus longue et constitue un choix tr\u00e8s \u00e9conomique.<\/li>\n\n\n\n<li><strong>Approvisionnement fiable en vrac :<\/strong> En tant que fournisseur de confiance d'acier galvanis\u00e9, nous pouvons personnaliser les commandes en gros sur la base de dimensions, d'\u00e9paisseurs et de poids de rev\u00eatement sp\u00e9cifiques.<\/li>\n<\/ul>","protected":false},"excerpt":{"rendered":"<p>Bandes d'acier galvanis\u00e9 en gros. Les bandes d'acier galvanis\u00e9 sont un choix id\u00e9al pour les industries de la construction, de la toiture, de l'automobile, de l'\u00e9lectricit\u00e9 et de l'agriculture. En tant que fournisseur de confiance d'acier galvanis\u00e9, nous offrons des prix comp\u00e9titifs et des services professionnels d'approvisionnement en gros. N'h\u00e9sitez pas \u00e0 nous contacter.<\/p>\n<p>\n<script src=\"chrome-extension:\/\/fpelahbljekknahkcaegamhcndkfpfnc\/iFrame.js\" type=\"text\/javascript\"><\/script><\/p>","protected":false},"featured_media":566,"comment_status":"closed","ping_status":"closed","template":"","meta":{"_acf_changed":false},"product_brand":[],"product_cat":[21,59],"product_tag":[],"class_list":{"0":"post-565","1":"product","2":"type-product","3":"status-publish","4":"has-post-thumbnail","6":"product_cat-galvanized-steel","7":"product_cat-galvanized-steel-strips","9":"first","10":"instock","11":"shipping-taxable","12":"product-type-simple"},"acf":[],"_links":{"self":[{"href":"https:\/\/www.wjlsteelsupplier.com\/fr\/wp-json\/wp\/v2\/product\/565","targetHints":{"allow":["GET"]}}],"collection":[{"href":"https:\/\/www.wjlsteelsupplier.com\/fr\/wp-json\/wp\/v2\/product"}],"about":[{"href":"https:\/\/www.wjlsteelsupplier.com\/fr\/wp-json\/wp\/v2\/types\/product"}],"replies":[{"embeddable":true,"href":"https:\/\/www.wjlsteelsupplier.com\/fr\/wp-json\/wp\/v2\/comments?post=565"}],"wp:featuredmedia":[{"embeddable":true,"href":"https:\/\/www.wjlsteelsupplier.com\/fr\/wp-json\/wp\/v2\/media\/566"}],"wp:attachment":[{"href":"https:\/\/www.wjlsteelsupplier.com\/fr\/wp-json\/wp\/v2\/media?parent=565"}],"wp:term":[{"taxonomy":"product_brand","embeddable":true,"href":"https:\/\/www.wjlsteelsupplier.com\/fr\/wp-json\/wp\/v2\/product_brand?post=565"},{"taxonomy":"product_cat","embeddable":true,"href":"https:\/\/www.wjlsteelsupplier.com\/fr\/wp-json\/wp\/v2\/product_cat?post=565"},{"taxonomy":"product_tag","embeddable":true,"href":"https:\/\/www.wjlsteelsupplier.com\/fr\/wp-json\/wp\/v2\/product_tag?post=565"}],"curies":[{"name":"wp","href":"https:\/\/api.w.org\/{rel}","templated":true}]}}