{"id":563,"date":"2025-09-16T10:36:22","date_gmt":"2025-09-16T10:36:22","guid":{"rendered":"https:\/\/www.wjlsteelsupplier.com\/?post_type=product&#038;p=563"},"modified":"2026-01-19T09:30:43","modified_gmt":"2026-01-19T09:30:43","slug":"galvanized-steel-coils","status":"publish","type":"product","link":"https:\/\/www.wjlsteelsupplier.com\/fr\/produit\/galvanized-steel-coils\/","title":{"rendered":"Bobines d'acier galvanis\u00e9 en gros - Fournisseur d'acier galvanis\u00e9 en Chine"},"content":{"rendered":"<h2 class=\"wp-block-heading\">Caract\u00e9ristiques des bobines d'acier galvanis\u00e9<\/h2>\n\n\n\n<ul class=\"wp-block-list\">\n<li><strong>Excellente r\u00e9sistance \u00e0 la corrosion :<\/strong> Nos bobines d'acier galvanis\u00e9 sont recouvertes d'une couche de zinc de haute qualit\u00e9 sur la surface, offrant une excellente pr\u00e9vention de la rouille, une r\u00e9sistance \u00e0 l'humidit\u00e9 et d'autres protections environnementales. Elle peut fournir une excellente protection contre la rouille, l'humidit\u00e9 et d'autres facteurs environnementaux.<\/li>\n\n\n\n<li><strong>Excellente durabilit\u00e9 et r\u00e9sistance :<\/strong> Les bobines d'acier galvanis\u00e9 combinent la r\u00e9sistance m\u00e9canique de l'acier avanc\u00e9 avec les avantages protecteurs des rev\u00eatements galvanis\u00e9s. Cela en fait un choix id\u00e9al pour les applications structurelles \u00e0 forte demande.<\/li>\n\n\n\n<li><strong>Rentable et durable : <\/strong>Les bobines d'acier galvanis\u00e9 r\u00e9duisent la n\u00e9cessit\u00e9 d'une maintenance, d'une r\u00e9paration ou d'un remplacement fr\u00e9quents, offrant ainsi des solutions tr\u00e8s rentables pour les projets \u00e0 court terme et les infrastructures \u00e0 long terme.<\/li>\n\n\n\n<li><strong>Largement utilis\u00e9 : <\/strong>Les bobines d'acier galvanis\u00e9 conviennent \u00e0 diverses industries et applications. Qu'il s'agisse de panneaux de toiture, de rev\u00eatements muraux, de panneaux automobiles, d'appareils m\u00e9nagers ou d'\u00e9quipements industriels, les t\u00f4les d'acier galvanis\u00e9 peuvent r\u00e9pondre avec souplesse \u00e0 divers besoins.<\/li>\n\n\n\n<li><strong>Sp\u00e9cifications personnalisables : <\/strong>Nous proposons des bobines d'acier galvanis\u00e9 de diff\u00e9rentes \u00e9paisseurs, largeurs et longueurs, ce qui permet aux acheteurs de choisir la taille exacte requise pour des projets sp\u00e9cifiques.<\/li>\n<\/ul>","protected":false},"excerpt":{"rendered":"<p data-pm-slice=\"0 0 []\">Vente en gros de bobines d'acier galvanis\u00e9 d'un fournisseur chinois de confiance, offrant un acier de haute qualit\u00e9, durable et r\u00e9sistant \u00e0 la corrosion pour une large gamme d'applications. Nous proposons des \u00e9paisseurs, des largeurs et des longueurs personnalisables pour r\u00e9pondre aux besoins de diff\u00e9rents sc\u00e9narios d'application. N'h\u00e9sitez pas \u00e0 nous contacter.<\/p>\n<p><script src=\"chrome-extension:\/\/fpelahbljekknahkcaegamhcndkfpfnc\/iFrame.js\" type=\"text\/javascript\"><\/script><\/p>","protected":false},"featured_media":1493,"comment_status":"closed","ping_status":"closed","template":"","meta":{"_acf_changed":false},"product_brand":[],"product_cat":[21,57],"product_tag":[],"class_list":{"0":"post-563","1":"product","2":"type-product","3":"status-publish","4":"has-post-thumbnail","6":"product_cat-galvanized-steel","7":"product_cat-galvanized-steel-coils","9":"first","10":"instock","11":"shipping-taxable","12":"product-type-simple"},"acf":[],"_links":{"self":[{"href":"https:\/\/www.wjlsteelsupplier.com\/fr\/wp-json\/wp\/v2\/product\/563","targetHints":{"allow":["GET"]}}],"collection":[{"href":"https:\/\/www.wjlsteelsupplier.com\/fr\/wp-json\/wp\/v2\/product"}],"about":[{"href":"https:\/\/www.wjlsteelsupplier.com\/fr\/wp-json\/wp\/v2\/types\/product"}],"replies":[{"embeddable":true,"href":"https:\/\/www.wjlsteelsupplier.com\/fr\/wp-json\/wp\/v2\/comments?post=563"}],"wp:featuredmedia":[{"embeddable":true,"href":"https:\/\/www.wjlsteelsupplier.com\/fr\/wp-json\/wp\/v2\/media\/1493"}],"wp:attachment":[{"href":"https:\/\/www.wjlsteelsupplier.com\/fr\/wp-json\/wp\/v2\/media?parent=563"}],"wp:term":[{"taxonomy":"product_brand","embeddable":true,"href":"https:\/\/www.wjlsteelsupplier.com\/fr\/wp-json\/wp\/v2\/product_brand?post=563"},{"taxonomy":"product_cat","embeddable":true,"href":"https:\/\/www.wjlsteelsupplier.com\/fr\/wp-json\/wp\/v2\/product_cat?post=563"},{"taxonomy":"product_tag","embeddable":true,"href":"https:\/\/www.wjlsteelsupplier.com\/fr\/wp-json\/wp\/v2\/product_tag?post=563"}],"curies":[{"name":"wp","href":"https:\/\/api.w.org\/{rel}","templated":true}]}}