{"id":560,"date":"2025-09-16T08:16:07","date_gmt":"2025-09-16T08:16:07","guid":{"rendered":"https:\/\/www.wjlsteelsupplier.com\/?post_type=product&#038;p=560"},"modified":"2025-09-16T10:32:24","modified_gmt":"2025-09-16T10:32:24","slug":"grain-oriented-electrical-steel-plates","status":"publish","type":"product","link":"https:\/\/www.wjlsteelsupplier.com\/fr\/produit\/grain-oriented-electrical-steel-plates\/","title":{"rendered":"Plaques d'acier \u00e9lectrique \u00e0 grains orient\u00e9s Commerce de gros"},"content":{"rendered":"<h2 class=\"wp-block-heading\">Caract\u00e9ristiques des t\u00f4les d'acier \u00e9lectrique \u00e0 grains orient\u00e9s<\/h2>\n\n\n\n<ul class=\"wp-block-list\">\n<li><strong>Am\u00e9liorer l'efficacit\u00e9 \u00e9nerg\u00e9tique : <\/strong>Les t\u00f4les d'acier \u00e9lectrique \u00e0 grains orient\u00e9s sont fabriqu\u00e9es \u00e0 l'aide de proc\u00e9d\u00e9s sp\u00e9ciaux avec orientation des grains, ce qui permet de r\u00e9duire consid\u00e9rablement la perte de fer lors de la magn\u00e9tisation. Cela permet aux transformateurs et aux \u00e9quipements \u00e9lectriques d'am\u00e9liorer leur efficacit\u00e9 \u00e9nerg\u00e9tique, r\u00e9duisant ainsi la consommation d'\u00e9nergie et les co\u00fbts d'exploitation des clients.<\/li>\n\n\n\n<li><strong>Perm\u00e9abilit\u00e9 magn\u00e9tique \u00e9lev\u00e9e : <\/strong>Ces plaques d'acier pr\u00e9sentent une excellente perm\u00e9abilit\u00e9 magn\u00e9tique dans le sens du laminage. Cette caract\u00e9ristique permet aux \u00e9quipements \u00e9lectriques tels que les transformateurs et les r\u00e9acteurs d'atteindre de meilleures performances avec une puissance d'excitation plus faible, am\u00e9liorant ainsi la fiabilit\u00e9 et l'efficacit\u00e9 globale.<\/li>\n\n\n\n<li><strong>Conforme aux normes internationales : <\/strong>Nos t\u00f4les d'acier \u00e9lectrique \u00e0 grains orient\u00e9s r\u00e9pondent \u00e0 des certifications industrielles strictes et \u00e0 des normes de performance, ce qui en fait un choix de confiance pour les clients internationaux \u00e0 la recherche de mat\u00e9riaux fiables pour les transformateurs et les syst\u00e8mes de distribution \u00e0 haut rendement \u00e9nerg\u00e9tique.<\/li>\n\n\n\n<li><strong>Approvisionnement en gros rentable : <\/strong>Nous proposons des produits en vrac \u00e0 des prix comp\u00e9titifs et garantissons une qualit\u00e9 \u00e9lev\u00e9e. Les fabricants de compresseurs et d'\u00e9quipements \u00e9lectriques peuvent r\u00e9duire les co\u00fbts des mat\u00e9riaux tout en maintenant des normes de haute qualit\u00e9.<\/li>\n<\/ul>","protected":false},"excerpt":{"rendered":"<p>Nos t\u00f4les d'acier \u00e9lectrique \u00e0 grains orient\u00e9s pr\u00e9sentent d'excellentes propri\u00e9t\u00e9s magn\u00e9tiques, une perte de fer plus faible et une perm\u00e9abilit\u00e9 magn\u00e9tique plus \u00e9lev\u00e9e. Nous fournissons des produits en vrac et garantissons des prix comp\u00e9titifs. Les fabricants sont invit\u00e9s \u00e0 acheter en vrac.<\/p>\n<p>\n<script src=\"chrome-extension:\/\/fpelahbljekknahkcaegamhcndkfpfnc\/iFrame.js\" type=\"text\/javascript\"><\/script><\/p>","protected":false},"featured_media":562,"comment_status":"closed","ping_status":"closed","template":"","meta":{"_acf_changed":false},"product_brand":[],"product_cat":[24,48],"product_tag":[],"class_list":{"0":"post-560","1":"product","2":"type-product","3":"status-publish","4":"has-post-thumbnail","6":"product_cat-grain-oriented-electrical-steel","7":"product_cat-grain-oriented-electrical-steel-plates","9":"first","10":"instock","11":"shipping-taxable","12":"product-type-simple"},"acf":[],"_links":{"self":[{"href":"https:\/\/www.wjlsteelsupplier.com\/fr\/wp-json\/wp\/v2\/product\/560","targetHints":{"allow":["GET"]}}],"collection":[{"href":"https:\/\/www.wjlsteelsupplier.com\/fr\/wp-json\/wp\/v2\/product"}],"about":[{"href":"https:\/\/www.wjlsteelsupplier.com\/fr\/wp-json\/wp\/v2\/types\/product"}],"replies":[{"embeddable":true,"href":"https:\/\/www.wjlsteelsupplier.com\/fr\/wp-json\/wp\/v2\/comments?post=560"}],"wp:featuredmedia":[{"embeddable":true,"href":"https:\/\/www.wjlsteelsupplier.com\/fr\/wp-json\/wp\/v2\/media\/562"}],"wp:attachment":[{"href":"https:\/\/www.wjlsteelsupplier.com\/fr\/wp-json\/wp\/v2\/media?parent=560"}],"wp:term":[{"taxonomy":"product_brand","embeddable":true,"href":"https:\/\/www.wjlsteelsupplier.com\/fr\/wp-json\/wp\/v2\/product_brand?post=560"},{"taxonomy":"product_cat","embeddable":true,"href":"https:\/\/www.wjlsteelsupplier.com\/fr\/wp-json\/wp\/v2\/product_cat?post=560"},{"taxonomy":"product_tag","embeddable":true,"href":"https:\/\/www.wjlsteelsupplier.com\/fr\/wp-json\/wp\/v2\/product_tag?post=560"}],"curies":[{"name":"wp","href":"https:\/\/api.w.org\/{rel}","templated":true}]}}