{"id":558,"date":"2025-09-16T03:48:42","date_gmt":"2025-09-16T03:48:42","guid":{"rendered":"https:\/\/www.wjlsteelsupplier.com\/?post_type=product&#038;p=558"},"modified":"2025-09-16T04:28:01","modified_gmt":"2025-09-16T04:28:01","slug":"grain-oriented-electrical-steel-sheets","status":"publish","type":"product","link":"https:\/\/www.wjlsteelsupplier.com\/fr\/produit\/grain-oriented-electrical-steel-sheets\/","title":{"rendered":"T\u00f4les d'acier \u00e9lectrique \u00e0 grains orient\u00e9s Commerce de gros"},"content":{"rendered":"<h2 class=\"wp-block-heading\">Caract\u00e9ristiques des t\u00f4les d'acier \u00e9lectrique \u00e0 grains orient\u00e9s<\/h2>\n\n\n\n<ul class=\"wp-block-list\">\n<li><strong>Am\u00e9liorer l'efficacit\u00e9 \u00e9nerg\u00e9tique : <\/strong>L'utilisation de ces t\u00f4les d'acier \u00e9lectrique \u00e0 grains orient\u00e9s permet de r\u00e9duire les pertes par hyst\u00e9r\u00e9sis et par courants de Foucault, ce qui permet aux \u00e9quipements \u00e9lectriques de fonctionner plus efficacement.<\/li>\n\n\n\n<li><strong>Fourniture de plaques en vrac : <\/strong>Nos prix de gros pour les plaques GOES sont tr\u00e8s comp\u00e9titifs, ce qui en fait un choix id\u00e9al pour les projets industriels et de fabrication \u00e0 grande \u00e9chelle. L'achat en gros de panneaux permet de r\u00e9duire les co\u00fbts d'approvisionnement.<\/li>\n\n\n\n<li><strong>Feuilles durables et r\u00e9sistantes :<\/strong> Nos t\u00f4les d'acier \u00e9lectrique \u00e0 grains orient\u00e9s sont con\u00e7ues pour r\u00e9sister \u00e0 la dilatation thermique, aux contraintes m\u00e9caniques et \u00e0 un fonctionnement prolong\u00e9, ce qui leur conf\u00e8re une stabilit\u00e9 et une durabilit\u00e9 \u00e0 long terme.<\/li>\n\n\n\n<li><strong>Sp\u00e9cifications des plaques personnalisables : <\/strong>Nos t\u00f4les GOES sont disponibles en diff\u00e9rentes \u00e9paisseurs, largeurs et qualit\u00e9s pour r\u00e9pondre aux diff\u00e9rentes exigences des projets.<\/li>\n<\/ul>","protected":false},"excerpt":{"rendered":"<p>Nos t\u00f4les d'acier \u00e9lectrique \u00e0 grains orient\u00e9s en gros pr\u00e9sentent d'excellentes propri\u00e9t\u00e9s magn\u00e9tiques, un rendement \u00e9nerg\u00e9tique \u00e9lev\u00e9 et une durabilit\u00e9 exceptionnelle. Nous proposons une grande vari\u00e9t\u00e9 de nuances et de tailles, offrant des solutions multifonctionnelles pour la fabrication industrielle et \u00e9lectrique, ainsi qu'un approvisionnement en vrac rentable.<\/p>","protected":false},"featured_media":559,"comment_status":"closed","ping_status":"closed","template":"","meta":{"_acf_changed":false},"product_brand":[],"product_cat":[24,46],"product_tag":[],"class_list":{"0":"post-558","1":"product","2":"type-product","3":"status-publish","4":"has-post-thumbnail","6":"product_cat-grain-oriented-electrical-steel","7":"product_cat-grain-oriented-electrical-steel-sheets","9":"first","10":"instock","11":"shipping-taxable","12":"product-type-simple"},"acf":[],"_links":{"self":[{"href":"https:\/\/www.wjlsteelsupplier.com\/fr\/wp-json\/wp\/v2\/product\/558","targetHints":{"allow":["GET"]}}],"collection":[{"href":"https:\/\/www.wjlsteelsupplier.com\/fr\/wp-json\/wp\/v2\/product"}],"about":[{"href":"https:\/\/www.wjlsteelsupplier.com\/fr\/wp-json\/wp\/v2\/types\/product"}],"replies":[{"embeddable":true,"href":"https:\/\/www.wjlsteelsupplier.com\/fr\/wp-json\/wp\/v2\/comments?post=558"}],"wp:featuredmedia":[{"embeddable":true,"href":"https:\/\/www.wjlsteelsupplier.com\/fr\/wp-json\/wp\/v2\/media\/559"}],"wp:attachment":[{"href":"https:\/\/www.wjlsteelsupplier.com\/fr\/wp-json\/wp\/v2\/media?parent=558"}],"wp:term":[{"taxonomy":"product_brand","embeddable":true,"href":"https:\/\/www.wjlsteelsupplier.com\/fr\/wp-json\/wp\/v2\/product_brand?post=558"},{"taxonomy":"product_cat","embeddable":true,"href":"https:\/\/www.wjlsteelsupplier.com\/fr\/wp-json\/wp\/v2\/product_cat?post=558"},{"taxonomy":"product_tag","embeddable":true,"href":"https:\/\/www.wjlsteelsupplier.com\/fr\/wp-json\/wp\/v2\/product_tag?post=558"}],"curies":[{"name":"wp","href":"https:\/\/api.w.org\/{rel}","templated":true}]}}