{"id":556,"date":"2025-09-16T03:25:47","date_gmt":"2025-09-16T03:25:47","guid":{"rendered":"https:\/\/www.wjlsteelsupplier.com\/?post_type=product&#038;p=556"},"modified":"2025-09-16T03:39:34","modified_gmt":"2025-09-16T03:39:34","slug":"grain-oriented-electrical-steel-strips","status":"publish","type":"product","link":"https:\/\/www.wjlsteelsupplier.com\/fr\/produit\/grain-oriented-electrical-steel-strips\/","title":{"rendered":"Feuillards d'acier \u00e9lectrique \u00e0 grains orient\u00e9s Commerce de gros - Feuillards GOES"},"content":{"rendered":"<h2 class=\"wp-block-heading\">Caract\u00e9ristiques des bandes d'acier \u00e9lectrique \u00e0 grains orient\u00e9s<\/h2>\n\n\n\n<ul class=\"wp-block-list\">\n<li><strong>Haute performance magn\u00e9tique : <\/strong>Nos bandes GOES ont d'excellentes propri\u00e9t\u00e9s magn\u00e9tiques, garantissant une perm\u00e9abilit\u00e9 magn\u00e9tique \u00e9lev\u00e9e et une faible perte de noyau.<\/li>\n\n\n\n<li><strong>Tailles personnalisables : <\/strong>Nous proposons des options flexibles en termes de largeur, de longueur et d'\u00e9paisseur pour r\u00e9pondre aux diff\u00e9rents besoins de l'industrie. Cela permet aux fabricants d'optimiser l'utilisation des mat\u00e9riaux et d'ajuster la bande en fonction des conceptions sp\u00e9cifiques des transformateurs ou des moteurs.<\/li>\n\n\n\n<li><strong>Polyvalent : <\/strong>Adapt\u00e9es aux transformateurs de puissance, aux transformateurs de distribution et \u00e0 d'autres \u00e9quipements \u00e9lectriques, nos bandes GOES sont largement utilis\u00e9es dans la fabrication \u00e9lectrique industrielle et commerciale.<\/li>\n\n\n\n<li><strong>Un approvisionnement en gros \u00e9conomiquement efficace : <\/strong>Nous fournissons des bandes GOES en vrac \u00e0 des prix comp\u00e9titifs et garantissons une qualit\u00e9 \u00e9lev\u00e9e, ce qui permet de r\u00e9duire les co\u00fbts d'approvisionnement et de simplifier la production pour les op\u00e9rations \u00e0 grande \u00e9chelle.<\/li>\n<\/ul>","protected":false},"excerpt":{"rendered":"<p>Bandes d'acier \u00e9lectrique \u00e0 grains orient\u00e9s de haute qualit\u00e9. Elles ont une efficacit\u00e9 magn\u00e9tique \u00e9lev\u00e9e et des performances stables, ce qui en fait un choix id\u00e9al pour les transformateurs, les moteurs et les \u00e9quipements \u00e9lectriques. Nous proposons des prix comp\u00e9titifs et des services de personnalisation professionnels. N'h\u00e9sitez pas \u00e0 nous contacter.<\/p>\n<p>\n<script src=\"chrome-extension:\/\/fpelahbljekknahkcaegamhcndkfpfnc\/iFrame.js\" type=\"text\/javascript\"><\/script><\/p>","protected":false},"featured_media":557,"comment_status":"closed","ping_status":"closed","template":"","meta":{"_acf_changed":false},"product_brand":[],"product_cat":[24,47],"product_tag":[],"class_list":{"0":"post-556","1":"product","2":"type-product","3":"status-publish","4":"has-post-thumbnail","6":"product_cat-grain-oriented-electrical-steel","7":"product_cat-grain-oriented-electrical-steel-strips","9":"first","10":"instock","11":"shipping-taxable","12":"product-type-simple"},"acf":[],"_links":{"self":[{"href":"https:\/\/www.wjlsteelsupplier.com\/fr\/wp-json\/wp\/v2\/product\/556","targetHints":{"allow":["GET"]}}],"collection":[{"href":"https:\/\/www.wjlsteelsupplier.com\/fr\/wp-json\/wp\/v2\/product"}],"about":[{"href":"https:\/\/www.wjlsteelsupplier.com\/fr\/wp-json\/wp\/v2\/types\/product"}],"replies":[{"embeddable":true,"href":"https:\/\/www.wjlsteelsupplier.com\/fr\/wp-json\/wp\/v2\/comments?post=556"}],"wp:featuredmedia":[{"embeddable":true,"href":"https:\/\/www.wjlsteelsupplier.com\/fr\/wp-json\/wp\/v2\/media\/557"}],"wp:attachment":[{"href":"https:\/\/www.wjlsteelsupplier.com\/fr\/wp-json\/wp\/v2\/media?parent=556"}],"wp:term":[{"taxonomy":"product_brand","embeddable":true,"href":"https:\/\/www.wjlsteelsupplier.com\/fr\/wp-json\/wp\/v2\/product_brand?post=556"},{"taxonomy":"product_cat","embeddable":true,"href":"https:\/\/www.wjlsteelsupplier.com\/fr\/wp-json\/wp\/v2\/product_cat?post=556"},{"taxonomy":"product_tag","embeddable":true,"href":"https:\/\/www.wjlsteelsupplier.com\/fr\/wp-json\/wp\/v2\/product_tag?post=556"}],"curies":[{"name":"wp","href":"https:\/\/api.w.org\/{rel}","templated":true}]}}