{"id":549,"date":"2025-09-16T02:18:57","date_gmt":"2025-09-16T02:18:57","guid":{"rendered":"https:\/\/www.wjlsteelsupplier.com\/?post_type=product&#038;p=549"},"modified":"2025-09-16T02:32:14","modified_gmt":"2025-09-16T02:32:14","slug":"non-oriented-electrical-steel-strips","status":"publish","type":"product","link":"https:\/\/www.wjlsteelsupplier.com\/fr\/produit\/non-oriented-electrical-steel-strips\/","title":{"rendered":"Feuillards d'acier non orient\u00e9s Wholesale - Feuillards d'acier non orient\u00e9s NGO"},"content":{"rendered":"<h2 class=\"wp-block-heading\">Caract\u00e9ristiques des bandes d'acier \u00e9lectrique non orient\u00e9es<\/h2>\n\n\n\n<ul class=\"wp-block-list\">\n<li><strong>Excellente pr\u00e9cision dimensionnelle : <\/strong>Chaque bande d'acier est coup\u00e9e avec pr\u00e9cision pour r\u00e9pondre \u00e0 des exigences de tol\u00e9rance strictes, avec une \u00e9paisseur et une largeur constantes. Elles constituent donc un choix id\u00e9al pour la fabrication automatis\u00e9e et les applications \u00e9lectriques de haute pr\u00e9cision.<\/li>\n\n\n\n<li><strong>Largement utilis\u00e9 : <\/strong>Nos bandes conviennent \u00e0 divers \u00e9quipements \u00e9lectriques, notamment les moteurs, les g\u00e9n\u00e9rateurs, les transformateurs et les g\u00e9n\u00e9rateurs de courant alternatif, pour des applications \u00e0 haute et basse fr\u00e9quence.<\/li>\n\n\n\n<li><strong>Approvisionnement en vrac et prix comp\u00e9titifs :<\/strong> Nous vendons en gros des bandes d'acier \u00e9lectrique NGO afin de garantir un approvisionnement stable \u00e0 des prix comp\u00e9titifs pour la production \u00e0 grande \u00e9chelle, ce qui en fait un choix id\u00e9al pour les fabricants et les clients industriels.<\/li>\n\n\n\n<li><strong>Options personnalisables : <\/strong>Nous proposons des options personnalis\u00e9es pour la largeur, l'\u00e9paisseur, le traitement de surface et la longueur des bobines afin de r\u00e9pondre aux exigences techniques sp\u00e9cifiques et de soutenir les applications OEM et industrielles.<\/li>\n<\/ul>","protected":false},"excerpt":{"rendered":"<p>Bandes d'acier \u00e9lectrique pour ONG en gros. Disponibles en vrac \u00e0 des prix de gros comp\u00e9titifs, nos bandes d'acier NGO offrent une qualit\u00e9 constante et des solutions d'\u00e9conomie d'\u00e9nergie aux fabricants et aux clients industriels.<\/p>\n<p>\n<script src=\"chrome-extension:\/\/fpelahbljekknahkcaegamhcndkfpfnc\/iFrame.js\" type=\"text\/javascript\"><\/script><\/p>","protected":false},"featured_media":545,"comment_status":"closed","ping_status":"closed","template":"","meta":{"_acf_changed":false},"product_brand":[],"product_cat":[23,52],"product_tag":[],"class_list":{"0":"post-549","1":"product","2":"type-product","3":"status-publish","4":"has-post-thumbnail","6":"product_cat-non-oriented-electrical-steel","7":"product_cat-non-oriented-electrical-steel-strips","9":"first","10":"instock","11":"shipping-taxable","12":"product-type-simple"},"acf":[],"_links":{"self":[{"href":"https:\/\/www.wjlsteelsupplier.com\/fr\/wp-json\/wp\/v2\/product\/549","targetHints":{"allow":["GET"]}}],"collection":[{"href":"https:\/\/www.wjlsteelsupplier.com\/fr\/wp-json\/wp\/v2\/product"}],"about":[{"href":"https:\/\/www.wjlsteelsupplier.com\/fr\/wp-json\/wp\/v2\/types\/product"}],"replies":[{"embeddable":true,"href":"https:\/\/www.wjlsteelsupplier.com\/fr\/wp-json\/wp\/v2\/comments?post=549"}],"wp:featuredmedia":[{"embeddable":true,"href":"https:\/\/www.wjlsteelsupplier.com\/fr\/wp-json\/wp\/v2\/media\/545"}],"wp:attachment":[{"href":"https:\/\/www.wjlsteelsupplier.com\/fr\/wp-json\/wp\/v2\/media?parent=549"}],"wp:term":[{"taxonomy":"product_brand","embeddable":true,"href":"https:\/\/www.wjlsteelsupplier.com\/fr\/wp-json\/wp\/v2\/product_brand?post=549"},{"taxonomy":"product_cat","embeddable":true,"href":"https:\/\/www.wjlsteelsupplier.com\/fr\/wp-json\/wp\/v2\/product_cat?post=549"},{"taxonomy":"product_tag","embeddable":true,"href":"https:\/\/www.wjlsteelsupplier.com\/fr\/wp-json\/wp\/v2\/product_tag?post=549"}],"curies":[{"name":"wp","href":"https:\/\/api.w.org\/{rel}","templated":true}]}}