{"id":548,"date":"2025-09-16T02:18:53","date_gmt":"2025-09-16T02:18:53","guid":{"rendered":"https:\/\/www.wjlsteelsupplier.com\/?post_type=product&#038;p=548"},"modified":"2025-09-16T02:50:42","modified_gmt":"2025-09-16T02:50:42","slug":"non-oriented-electrical-steel-plates","status":"publish","type":"product","link":"https:\/\/www.wjlsteelsupplier.com\/fr\/produit\/non-oriented-electrical-steel-plates\/","title":{"rendered":"Plaques d'acier \u00e9lectrique non orient\u00e9es Wholesale - NGO Plaques d'acier \u00e9lectrique"},"content":{"rendered":"<h2 class=\"wp-block-heading\">Caract\u00e9ristiques des t\u00f4les d'acier \u00e9lectrique non orient\u00e9es<\/h2>\n\n\n\n<ul class=\"wp-block-list\">\n<li><strong>Epaisseur uniforme et taille pr\u00e9cise :<\/strong> Chaque lot de plaques fait l'objet d'une inspection stricte afin de garantir une \u00e9paisseur uniforme et des dimensions pr\u00e9cises. Des mat\u00e9riaux en feuilles uniformes et pr\u00e9cis permettent de minimiser les erreurs d'assemblage et d'am\u00e9liorer l'efficacit\u00e9 de la production dans toute la mesure du possible.<\/li>\n\n\n\n<li><strong>Large \u00e9ventail d'applications industrielles : <\/strong>Adapt\u00e9es \u00e0 divers moteurs, g\u00e9n\u00e9rateurs, transformateurs, appareils m\u00e9nagers et autres dispositifs \u00e9lectroniques, ces cartes r\u00e9pondent aux exigences de performance de diff\u00e9rentes industries.<\/li>\n\n\n\n<li><strong>Personnalisation par lots, sp\u00e9cifications flexibles :<\/strong> Nous proposons des options personnalis\u00e9es pour l'\u00e9paisseur, la largeur, la longueur et le traitement de surface en fonction des besoins du client.<\/li>\n\n\n\n<li><strong>Gestion et certification strictes de la qualit\u00e9 : <\/strong>Chaque lot de produits est soumis \u00e0 des tests rigoureux afin de respecter les normes internationales et industrielles, ce qui garantit une stabilit\u00e9 et une fiabilit\u00e9 \u00e0 long terme.<\/li>\n\n\n\n<li><strong>Approvisionnement continu et avantage en termes de co\u00fbts : <\/strong>Nous disposons d'une cha\u00eene de production compl\u00e8te et d'un syst\u00e8me de gestion des stocks pour garantir un approvisionnement stable \u00e0 long terme. Les prix de gros offrent une grande rentabilit\u00e9, ce qui permet aux clients industriels de b\u00e9n\u00e9ficier d'avantages en mati\u00e8re d'approvisionnement et de fabrication.<\/li>\n<\/ul>","protected":false},"excerpt":{"rendered":"<p>Plaques d'acier \u00e9lectrique non orient\u00e9es, fabriqu\u00e9es en Chine. Ces plaques offrent une \u00e9paisseur uniforme, une durabilit\u00e9 et une qualit\u00e9 fiable, ce qui les rend id\u00e9ales pour les moteurs, les transformateurs et les applications \u00e9lectriques industrielles. Nous proposons des tailles et des traitements de surface sur mesure, n'h\u00e9sitez pas \u00e0 nous contacter.<\/p>\n<p>\n<script src=\"chrome-extension:\/\/fpelahbljekknahkcaegamhcndkfpfnc\/iFrame.js\" type=\"text\/javascript\"><\/script><\/p>","protected":false},"featured_media":551,"comment_status":"closed","ping_status":"closed","template":"","meta":{"_acf_changed":false},"product_brand":[],"product_cat":[23,51],"product_tag":[],"class_list":{"0":"post-548","1":"product","2":"type-product","3":"status-publish","4":"has-post-thumbnail","6":"product_cat-non-oriented-electrical-steel","7":"product_cat-non-oriented-electrical-steel-plates","9":"first","10":"instock","11":"shipping-taxable","12":"product-type-simple"},"acf":[],"_links":{"self":[{"href":"https:\/\/www.wjlsteelsupplier.com\/fr\/wp-json\/wp\/v2\/product\/548","targetHints":{"allow":["GET"]}}],"collection":[{"href":"https:\/\/www.wjlsteelsupplier.com\/fr\/wp-json\/wp\/v2\/product"}],"about":[{"href":"https:\/\/www.wjlsteelsupplier.com\/fr\/wp-json\/wp\/v2\/types\/product"}],"replies":[{"embeddable":true,"href":"https:\/\/www.wjlsteelsupplier.com\/fr\/wp-json\/wp\/v2\/comments?post=548"}],"wp:featuredmedia":[{"embeddable":true,"href":"https:\/\/www.wjlsteelsupplier.com\/fr\/wp-json\/wp\/v2\/media\/551"}],"wp:attachment":[{"href":"https:\/\/www.wjlsteelsupplier.com\/fr\/wp-json\/wp\/v2\/media?parent=548"}],"wp:term":[{"taxonomy":"product_brand","embeddable":true,"href":"https:\/\/www.wjlsteelsupplier.com\/fr\/wp-json\/wp\/v2\/product_brand?post=548"},{"taxonomy":"product_cat","embeddable":true,"href":"https:\/\/www.wjlsteelsupplier.com\/fr\/wp-json\/wp\/v2\/product_cat?post=548"},{"taxonomy":"product_tag","embeddable":true,"href":"https:\/\/www.wjlsteelsupplier.com\/fr\/wp-json\/wp\/v2\/product_tag?post=548"}],"curies":[{"name":"wp","href":"https:\/\/api.w.org\/{rel}","templated":true}]}}