{"id":546,"date":"2025-09-16T02:15:39","date_gmt":"2025-09-16T02:15:39","guid":{"rendered":"https:\/\/www.wjlsteelsupplier.com\/?post_type=product&#038;p=546"},"modified":"2025-09-16T02:18:27","modified_gmt":"2025-09-16T02:18:27","slug":"non-oriented-electrical-steel-coils","status":"publish","type":"product","link":"https:\/\/www.wjlsteelsupplier.com\/fr\/produit\/non-oriented-electrical-steel-coils\/","title":{"rendered":"Bobines d'acier \u00e9lectrique non orient\u00e9es Wholesale - Bobines d'acier \u00e9lectrique NGO"},"content":{"rendered":"<h2 class=\"wp-block-heading\">Caract\u00e9ristiques des bobines d'acier \u00e9lectrique non orient\u00e9es<\/h2>\n\n\n\n<ul class=\"wp-block-list\">\n<li><strong>Magn\u00e9tisme uniforme dans toutes les directions : <\/strong>L'acier \u00e9lectrique NGO est sp\u00e9cialement con\u00e7u pour conserver des propri\u00e9t\u00e9s magn\u00e9tiques constantes quelle que soit l'orientation du mat\u00e9riau. Cette uniformit\u00e9 garantit la stabilit\u00e9 des performances magn\u00e9tiques des machines tournantes, des moteurs \u00e9lectriques et des g\u00e9n\u00e9rateurs.<\/li>\n\n\n\n<li><strong>R\u00e9sistance m\u00e9canique et durabilit\u00e9 \u00e9lev\u00e9es : <\/strong>Ces bobines sont fabriqu\u00e9es en acier au silicium de haute qualit\u00e9, qui pr\u00e9sente une excellente r\u00e9sistance \u00e0 la traction et une grande stabilit\u00e9 m\u00e9canique. Elles sont donc tr\u00e8s r\u00e9sistantes \u00e0 la d\u00e9formation lors des op\u00e9rations d'emboutissage, de d\u00e9coupe et d'enroulement.<\/li>\n\n\n\n<li><strong>Convient \u00e0 diverses applications \u00e9lectriques : <\/strong>L'acier \u00e9lectrique NGO est largement utilis\u00e9 dans divers produits, notamment les moteurs automobiles et industriels, les g\u00e9n\u00e9rateurs \u00e0 courant alternatif, les compresseurs, les petits transformateurs et les appareils m\u00e9nagers.<\/li>\n\n\n\n<li><strong>Approvisionnement en vrac \u00e9conomiquement efficace : <\/strong>En tant que fournisseur professionnel d'acier, nous proposons des prix tr\u00e8s comp\u00e9titifs et une qualit\u00e9 stable pour aider les fabricants \u00e0 maintenir leur rentabilit\u00e9 tout en atteignant leurs objectifs de production.<\/li>\n<\/ul>","protected":false},"excerpt":{"rendered":"<p>Nos bobines d'acier \u00e9lectrique non orient\u00e9es sont disponibles en vrac \u00e0 des prix comp\u00e9titifs et sont conformes aux normes internationales telles que ASTM, IEC et JIS. Nous vous invitons \u00e0 acheter en vrac.<\/p>\n<p>\n<script src=\"chrome-extension:\/\/fpelahbljekknahkcaegamhcndkfpfnc\/iFrame.js\" type=\"text\/javascript\"><\/script><\/p>","protected":false},"featured_media":543,"comment_status":"closed","ping_status":"closed","template":"","meta":{"_acf_changed":false},"product_brand":[],"product_cat":[23,49],"product_tag":[],"class_list":{"0":"post-546","1":"product","2":"type-product","3":"status-publish","4":"has-post-thumbnail","6":"product_cat-non-oriented-electrical-steel","7":"product_cat-non-oriented-electrical-steel-coils","9":"first","10":"instock","11":"shipping-taxable","12":"product-type-simple"},"acf":[],"_links":{"self":[{"href":"https:\/\/www.wjlsteelsupplier.com\/fr\/wp-json\/wp\/v2\/product\/546","targetHints":{"allow":["GET"]}}],"collection":[{"href":"https:\/\/www.wjlsteelsupplier.com\/fr\/wp-json\/wp\/v2\/product"}],"about":[{"href":"https:\/\/www.wjlsteelsupplier.com\/fr\/wp-json\/wp\/v2\/types\/product"}],"replies":[{"embeddable":true,"href":"https:\/\/www.wjlsteelsupplier.com\/fr\/wp-json\/wp\/v2\/comments?post=546"}],"wp:featuredmedia":[{"embeddable":true,"href":"https:\/\/www.wjlsteelsupplier.com\/fr\/wp-json\/wp\/v2\/media\/543"}],"wp:attachment":[{"href":"https:\/\/www.wjlsteelsupplier.com\/fr\/wp-json\/wp\/v2\/media?parent=546"}],"wp:term":[{"taxonomy":"product_brand","embeddable":true,"href":"https:\/\/www.wjlsteelsupplier.com\/fr\/wp-json\/wp\/v2\/product_brand?post=546"},{"taxonomy":"product_cat","embeddable":true,"href":"https:\/\/www.wjlsteelsupplier.com\/fr\/wp-json\/wp\/v2\/product_cat?post=546"},{"taxonomy":"product_tag","embeddable":true,"href":"https:\/\/www.wjlsteelsupplier.com\/fr\/wp-json\/wp\/v2\/product_tag?post=546"}],"curies":[{"name":"wp","href":"https:\/\/api.w.org\/{rel}","templated":true}]}}