{"id":540,"date":"2025-09-15T11:56:25","date_gmt":"2025-09-15T11:56:25","guid":{"rendered":"https:\/\/www.wjlsteelsupplier.com\/?post_type=product&#038;p=540"},"modified":"2025-09-15T12:16:22","modified_gmt":"2025-09-15T12:16:22","slug":"galvalume-steel-strips","status":"publish","type":"product","link":"https:\/\/www.wjlsteelsupplier.com\/fr\/produit\/galvalume-steel-strips\/","title":{"rendered":"Bandes d'acier galvanis\u00e9 en gros - Excellente r\u00e9sistance thermique, protection contre la rouille et coupe de pr\u00e9cision pour les projets personnalis\u00e9s"},"content":{"rendered":"<h2 class=\"wp-block-heading\">Caract\u00e9ristiques des bandes d'acier galvanis\u00e9<\/h2>\n\n\n\n<ul class=\"wp-block-list\">\n<li><strong>Coupe de pr\u00e9cision : <\/strong>Chaque bande d'acier Galvalume est produite avec une pr\u00e9cision dimensionnelle stricte, une largeur, une \u00e9paisseur et une finition de surface uniformes.<\/li>\n\n\n\n<li><strong>Fourniture de lots et personnalisation OEM\/ODM : <\/strong>En tant que fabricant de premier plan, nous prenons en charge les commandes de gros volumes et les sp\u00e9cifications sur mesure en mati\u00e8re de largeur, d'\u00e9paisseur et de finition de surface.<\/li>\n\n\n\n<li><strong>Largement utilis\u00e9 : <\/strong>Les bandes d'acier Galvalume ont un large \u00e9ventail d'applications, notamment les toits et les panneaux muraux, les pi\u00e8ces automobiles, les appareils m\u00e9nagers, les \u00e9quipements agricoles et les composants industriels personnalis\u00e9s. Elles ont une forte capacit\u00e9 d'adaptation.<\/li>\n\n\n\n<li><strong>Une qualit\u00e9 constante gr\u00e2ce \u00e0 des tests rigoureux : <\/strong>Chaque lot de bandes fait l'objet d'un contr\u00f4le de qualit\u00e9 rigoureux, portant notamment sur le lissage de la surface, la pr\u00e9cision des dimensions et l'adh\u00e9rence du rev\u00eatement, afin de garantir des performances constantes pour toutes les commandes.<\/li>\n<\/ul>","protected":false},"excerpt":{"rendered":"<p>Nos bandes d'acier Galvalume sont con\u00e7ues pour \u00eatre durables et fiables. En tant que fabricant de confiance, nous fournissons un approvisionnement en vrac, une personnalisation OEM\/ODM et un contr\u00f4le de qualit\u00e9 strict afin de garantir des performances stables et une livraison fiable pour chaque commande, ainsi qu'un support technique professionnel.<\/p>\n<p>\n<script src=\"chrome-extension:\/\/fpelahbljekknahkcaegamhcndkfpfnc\/iFrame.js\" type=\"text\/javascript\"><\/script><\/p>","protected":false},"featured_media":541,"comment_status":"closed","ping_status":"closed","template":"","meta":{"_acf_changed":false},"product_brand":[],"product_cat":[22,56],"product_tag":[],"class_list":{"0":"post-540","1":"product","2":"type-product","3":"status-publish","4":"has-post-thumbnail","6":"product_cat-galvalume-steel","7":"product_cat-galvalume-steel-strips","9":"first","10":"instock","11":"shipping-taxable","12":"product-type-simple"},"acf":[],"_links":{"self":[{"href":"https:\/\/www.wjlsteelsupplier.com\/fr\/wp-json\/wp\/v2\/product\/540","targetHints":{"allow":["GET"]}}],"collection":[{"href":"https:\/\/www.wjlsteelsupplier.com\/fr\/wp-json\/wp\/v2\/product"}],"about":[{"href":"https:\/\/www.wjlsteelsupplier.com\/fr\/wp-json\/wp\/v2\/types\/product"}],"replies":[{"embeddable":true,"href":"https:\/\/www.wjlsteelsupplier.com\/fr\/wp-json\/wp\/v2\/comments?post=540"}],"wp:featuredmedia":[{"embeddable":true,"href":"https:\/\/www.wjlsteelsupplier.com\/fr\/wp-json\/wp\/v2\/media\/541"}],"wp:attachment":[{"href":"https:\/\/www.wjlsteelsupplier.com\/fr\/wp-json\/wp\/v2\/media?parent=540"}],"wp:term":[{"taxonomy":"product_brand","embeddable":true,"href":"https:\/\/www.wjlsteelsupplier.com\/fr\/wp-json\/wp\/v2\/product_brand?post=540"},{"taxonomy":"product_cat","embeddable":true,"href":"https:\/\/www.wjlsteelsupplier.com\/fr\/wp-json\/wp\/v2\/product_cat?post=540"},{"taxonomy":"product_tag","embeddable":true,"href":"https:\/\/www.wjlsteelsupplier.com\/fr\/wp-json\/wp\/v2\/product_tag?post=540"}],"curies":[{"name":"wp","href":"https:\/\/api.w.org\/{rel}","templated":true}]}}