{"id":538,"date":"2025-09-15T11:35:59","date_gmt":"2025-09-15T11:35:59","guid":{"rendered":"https:\/\/www.wjlsteelsupplier.com\/?post_type=product&#038;p=538"},"modified":"2025-09-20T02:14:07","modified_gmt":"2025-09-20T02:14:07","slug":"galvalume-steel-plates-2","status":"publish","type":"product","link":"https:\/\/www.wjlsteelsupplier.com\/fr\/produit\/galvalume-steel-plates-2\/","title":{"rendered":"Plaques d'acier galvanis\u00e9 en gros - Approvisionnement en vrac pour la construction et les applications industrielles"},"content":{"rendered":"<h2 class=\"wp-block-heading\">Caract\u00e9ristiques des t\u00f4les d'acier galvanis\u00e9<\/h2>\n\n\n\n<ul class=\"wp-block-list\">\n<li><strong>Excellente r\u00e9sistance \u00e0 la corrosion :<\/strong> Les t\u00f4les d'acier galvanis\u00e9 sont rev\u00eatues d'un alliage d'aluminium et de zinc de haute qualit\u00e9, formant une couche protectrice durable sur la surface, emp\u00eachant efficacement la rouille, l'oxydation et les dommages caus\u00e9s par l'humidit\u00e9 ou les conditions m\u00e9t\u00e9orologiques difficiles.<\/li>\n\n\n\n<li><strong>Usinabilit\u00e9 : <\/strong>Ces plaques d'acier ont un large \u00e9ventail d'applications, y compris le d\u00e9coupage, le pliage, l'estampage ou le soudage, et conviennent \u00e0 diverses applications telles que les toits, les panneaux muraux, les \u00e9quipements m\u00e9caniques, etc.<\/li>\n\n\n\n<li><strong>Rentable et durable : <\/strong>Les t\u00f4les d'acier galvanis\u00e9 allient \u00e9conomie et durabilit\u00e9, ce qui en fait un choix pratique pour les grands projets de construction ou industriels.<\/li>\n\n\n\n<li><strong>Fourniture de lots pour les projets \u00e0 grande \u00e9chelle : <\/strong>En tant qu'usine sid\u00e9rurgique professionnelle, nous pouvons fournir des lots de t\u00f4les d'acier galvanis\u00e9 pour des projets \u00e0 grande \u00e9chelle et garantir que les acheteurs re\u00e7oivent une qualit\u00e9 constante et des prix comp\u00e9titifs.<\/li>\n<\/ul>","protected":false},"excerpt":{"rendered":"<p>Les t\u00f4les d'acier Galvalume en gros ont une excellente r\u00e9sistance \u00e0 la corrosion et \u00e0 la chaleur, ce qui en fait un choix fiable pour les projets de construction et industriels \u00e0 forte demande. Nous proposons une grande vari\u00e9t\u00e9 de sp\u00e9cifications et d'\u00e9paisseurs, ainsi que des m\u00e9thodes de traitement telles que le d\u00e9coupage, le pliage, l'estampage ou le soudage, afin de r\u00e9pondre aux diff\u00e9rentes exigences des projets. N'h\u00e9sitez pas \u00e0 nous contacter.<\/p>\n<p><script src=\"chrome-extension:\/\/fpelahbljekknahkcaegamhcndkfpfnc\/iFrame.js\" type=\"text\/javascript\"><\/script><\/p>","protected":false},"featured_media":536,"comment_status":"closed","ping_status":"closed","template":"","meta":{"_acf_changed":false},"product_brand":[],"product_cat":[22,55],"product_tag":[],"class_list":{"0":"post-538","1":"product","2":"type-product","3":"status-publish","4":"has-post-thumbnail","6":"product_cat-galvalume-steel","7":"product_cat-galvalume-steel-plates","9":"first","10":"instock","11":"shipping-taxable","12":"product-type-simple"},"acf":[],"_links":{"self":[{"href":"https:\/\/www.wjlsteelsupplier.com\/fr\/wp-json\/wp\/v2\/product\/538","targetHints":{"allow":["GET"]}}],"collection":[{"href":"https:\/\/www.wjlsteelsupplier.com\/fr\/wp-json\/wp\/v2\/product"}],"about":[{"href":"https:\/\/www.wjlsteelsupplier.com\/fr\/wp-json\/wp\/v2\/types\/product"}],"replies":[{"embeddable":true,"href":"https:\/\/www.wjlsteelsupplier.com\/fr\/wp-json\/wp\/v2\/comments?post=538"}],"wp:featuredmedia":[{"embeddable":true,"href":"https:\/\/www.wjlsteelsupplier.com\/fr\/wp-json\/wp\/v2\/media\/536"}],"wp:attachment":[{"href":"https:\/\/www.wjlsteelsupplier.com\/fr\/wp-json\/wp\/v2\/media?parent=538"}],"wp:term":[{"taxonomy":"product_brand","embeddable":true,"href":"https:\/\/www.wjlsteelsupplier.com\/fr\/wp-json\/wp\/v2\/product_brand?post=538"},{"taxonomy":"product_cat","embeddable":true,"href":"https:\/\/www.wjlsteelsupplier.com\/fr\/wp-json\/wp\/v2\/product_cat?post=538"},{"taxonomy":"product_tag","embeddable":true,"href":"https:\/\/www.wjlsteelsupplier.com\/fr\/wp-json\/wp\/v2\/product_tag?post=538"}],"curies":[{"name":"wp","href":"https:\/\/api.w.org\/{rel}","templated":true}]}}